{"id":29158,"date":"2020-05-01T12:57:51","date_gmt":"2020-05-01T12:57:51","guid":{"rendered":"http:\/\/segtotaltreinamentos.com.br\/Loja\/?post_type=product&#038;p=29158"},"modified":"2020-05-01T12:57:51","modified_gmt":"2020-05-01T12:57:51","slug":"luvas-black-nitrilo","status":"publish","type":"product","link":"https:\/\/segtotaltreinamentos.com.br\/Loja\/produto\/luvas-black-nitrilo\/","title":{"rendered":"Luvas Black Nitrilo"},"content":{"rendered":"<p><a href=\"https:\/\/segtotaltreinamentos.com.br\/Loja\/wp-content\/uploads\/2020\/05\/laminas_tecnincas_geral_SUPERMAX_001-001-BLACK-NITRILO.pdf\">laminas_tecnincas_geral_SUPERMAX_001-001 BLACK NITRILO<\/a><\/p>\n","protected":false},"excerpt":{"rendered":"<p>LUVA DE PROCEDIMENTO N\u00c3O CIR\u00daRGICO &#8211; SEM P\u00d3<br \/>\nSupermax Powder Free Nitrilo Black<br \/>\nAs luvas para procedimento n\u00e3o cir\u00fargico fabricadas em Nitrilo (borracha sint\u00e9tica) s\u00e3o totalmente livres de l\u00e1tex e p\u00f3, visando \u00e0 elimina\u00e7\u00e3o de rea\u00e7\u00f5es al\u00e9rgicas em usu\u00e1rios com hipersensibilidade ao l\u00e1tex.<br \/>\nSem p\u00f3 bioabsorv\u00edvel<br \/>\nMicro texturizada na ponta dos dedos<br \/>\nQualidade que garante menos descartes e economia<br \/>\nAlta resist\u00eancia durante o uso<br \/>\nDispon\u00edvel em caixas com 100 luvas<br \/>\nTamanhos: P, M, G e GG<br \/>\nCor: Preto<br \/>\nIndica\u00e7\u00f5es: hospitais, cl\u00ednicas m\u00e9dicas, odontol\u00f3gicas, veterin\u00e1rias, laborat\u00f3rios, est\u00fadios de tatuagem, cl\u00ednicas de est\u00e9tica, podologia, sal\u00f5es de beleza, ind\u00fastrias e segmento aliment\u00edcio.<\/p>\n","protected":false},"featured_media":29160,"comment_status":"open","ping_status":"closed","template":"","meta":[],"product_brand":[],"product_cat":[6,9,107],"product_tag":[],"class_list":{"0":"post-29158","1":"product","2":"type-product","3":"status-publish","4":"has-post-thumbnail","6":"product_cat-luvas","7":"product_cat-luvas-quimico","8":"product_cat-supermax","10":"first","11":"onbackorder","12":"taxable","13":"shipping-taxable","14":"product-type-simple"},"_links":{"self":[{"href":"https:\/\/segtotaltreinamentos.com.br\/Loja\/wp-json\/wp\/v2\/product\/29158","targetHints":{"allow":["GET"]}}],"collection":[{"href":"https:\/\/segtotaltreinamentos.com.br\/Loja\/wp-json\/wp\/v2\/product"}],"about":[{"href":"https:\/\/segtotaltreinamentos.com.br\/Loja\/wp-json\/wp\/v2\/types\/product"}],"replies":[{"embeddable":true,"href":"https:\/\/segtotaltreinamentos.com.br\/Loja\/wp-json\/wp\/v2\/comments?post=29158"}],"wp:featuredmedia":[{"embeddable":true,"href":"https:\/\/segtotaltreinamentos.com.br\/Loja\/wp-json\/wp\/v2\/media\/29160"}],"wp:attachment":[{"href":"https:\/\/segtotaltreinamentos.com.br\/Loja\/wp-json\/wp\/v2\/media?parent=29158"}],"wp:term":[{"taxonomy":"product_brand","embeddable":true,"href":"https:\/\/segtotaltreinamentos.com.br\/Loja\/wp-json\/wp\/v2\/product_brand?post=29158"},{"taxonomy":"product_cat","embeddable":true,"href":"https:\/\/segtotaltreinamentos.com.br\/Loja\/wp-json\/wp\/v2\/product_cat?post=29158"},{"taxonomy":"product_tag","embeddable":true,"href":"https:\/\/segtotaltreinamentos.com.br\/Loja\/wp-json\/wp\/v2\/product_tag?post=29158"}],"curies":[{"name":"wp","href":"https:\/\/api.w.org\/{rel}","templated":true}]}}