{"id":29164,"date":"2020-05-01T13:08:24","date_gmt":"2020-05-01T13:08:24","guid":{"rendered":"http:\/\/segtotaltreinamentos.com.br\/Loja\/?post_type=product&#038;p=29164"},"modified":"2020-05-01T13:09:46","modified_gmt":"2020-05-01T13:09:46","slug":"luvas-ignite-nitrilo-orange","status":"publish","type":"product","link":"https:\/\/segtotaltreinamentos.com.br\/Loja\/produto\/luvas-ignite-nitrilo-orange\/","title":{"rendered":"Luvas Ignite Nitrilo Orange"},"content":{"rendered":"<p><a href=\"https:\/\/segtotaltreinamentos.com.br\/Loja\/wp-content\/uploads\/2020\/05\/laminas_tecnincas_geral_SUPERMAX_004-004-ORANGE-NITRILO.pdf\">laminas_tecnincas_geral_SUPERMAX_004-004 ORANGE NITRILO<\/a><\/p>\n","protected":false},"excerpt":{"rendered":"<p>LUVA PARA PROTE\u00c7\u00c3O QU\u00cdMICA E MEC\u00c2NICA<br \/>\nSupermax Powder Free Nitrilo Ignite Orange<br \/>\nAs luvas de prote\u00e7\u00e3o Supermax Ignite Orange Nitrilo s\u00e3o excelentes para o uso em tarefas pesadas ou at\u00e9 mesmo dom\u00e9sticas.<br \/>\n3 vezes mais resist\u00eancia que luvas comuns<br \/>\nSem p\u00f3 bioabsorv\u00edvel<br \/>\nExpessura de 0,20 mm na palma e 0,25 mm nos dedos<br \/>\nTextura Max Grip em toda luva, conferindo alta ader\u00eancia no manuseio de instrumentos<br \/>\nDispon\u00edvel tamb\u00e9m em caixas com 100 luvas<br \/>\nTamanhos: M, G e GG<br \/>\nCor: laranja<br \/>\nIndicada para o uso geral, ind\u00fastrias em geral, laborat\u00f3rios onde h\u00e1 manuseio de produtos qu\u00edmicos, ind\u00fastria aliment\u00edcia, ind\u00fastria farmac\u00eautica, jardinagem, segmento automotivo, constru\u00e7\u00e3o civil, agricultura, servi\u00e7os de higieniza\u00e7\u00e3o, trabalhos que envolvam contato com agentes qu\u00edmicos durante atividades de limpeza, uso dom\u00e9stico, montagem de eletr\u00f4nicos, mec\u00e2nica, pinturas e uso pesado.<\/p>\n","protected":false},"featured_media":29166,"comment_status":"open","ping_status":"closed","template":"","meta":[],"product_brand":[],"product_cat":[6,9,107],"product_tag":[],"class_list":{"0":"post-29164","1":"product","2":"type-product","3":"status-publish","4":"has-post-thumbnail","6":"product_cat-luvas","7":"product_cat-luvas-quimico","8":"product_cat-supermax","10":"first","11":"onbackorder","12":"taxable","13":"shipping-taxable","14":"product-type-simple"},"_links":{"self":[{"href":"https:\/\/segtotaltreinamentos.com.br\/Loja\/wp-json\/wp\/v2\/product\/29164","targetHints":{"allow":["GET"]}}],"collection":[{"href":"https:\/\/segtotaltreinamentos.com.br\/Loja\/wp-json\/wp\/v2\/product"}],"about":[{"href":"https:\/\/segtotaltreinamentos.com.br\/Loja\/wp-json\/wp\/v2\/types\/product"}],"replies":[{"embeddable":true,"href":"https:\/\/segtotaltreinamentos.com.br\/Loja\/wp-json\/wp\/v2\/comments?post=29164"}],"wp:featuredmedia":[{"embeddable":true,"href":"https:\/\/segtotaltreinamentos.com.br\/Loja\/wp-json\/wp\/v2\/media\/29166"}],"wp:attachment":[{"href":"https:\/\/segtotaltreinamentos.com.br\/Loja\/wp-json\/wp\/v2\/media?parent=29164"}],"wp:term":[{"taxonomy":"product_brand","embeddable":true,"href":"https:\/\/segtotaltreinamentos.com.br\/Loja\/wp-json\/wp\/v2\/product_brand?post=29164"},{"taxonomy":"product_cat","embeddable":true,"href":"https:\/\/segtotaltreinamentos.com.br\/Loja\/wp-json\/wp\/v2\/product_cat?post=29164"},{"taxonomy":"product_tag","embeddable":true,"href":"https:\/\/segtotaltreinamentos.com.br\/Loja\/wp-json\/wp\/v2\/product_tag?post=29164"}],"curies":[{"name":"wp","href":"https:\/\/api.w.org\/{rel}","templated":true}]}}