{"id":29167,"date":"2020-05-01T13:13:46","date_gmt":"2020-05-01T13:13:46","guid":{"rendered":"http:\/\/segtotaltreinamentos.com.br\/Loja\/?post_type=product&#038;p=29167"},"modified":"2020-05-01T13:13:47","modified_gmt":"2020-05-01T13:13:47","slug":"luvas-cirurgicas","status":"publish","type":"product","link":"https:\/\/segtotaltreinamentos.com.br\/Loja\/produto\/luvas-cirurgicas\/","title":{"rendered":"Luvas Cirurgicas"},"content":{"rendered":"<p><a href=\"https:\/\/segtotaltreinamentos.com.br\/Loja\/wp-content\/uploads\/2020\/05\/laminas_tecnincas_geral_SUPERMAX_007-007-CIRURGICAS.pdf\">laminas_tecnincas_geral_SUPERMAX_007-007 CIRURGICAS<\/a><\/p>\n","protected":false},"excerpt":{"rendered":"<p>LUVA CIR\u00daRGICA EST\u00c9RIL &#8211; L\u00c1TEX<br \/>\nSupermax Cir\u00fargica<br \/>\nAs luvas cir\u00fargicas Supermax s\u00e3o fabricadas com l\u00e1tex de alta qualidade e processos industriais que reduzem o \u00edndice de prote\u00ednas do l\u00e1tex, oferecendo menor probabilidade de rea\u00e7\u00f5es al\u00e9rgicas.<br \/>\nA espessura e o comprimento do punho das Luvas Cir\u00fargicas Supermax s\u00e3o maiores do que o estabelecimento pela regulamenta\u00e7\u00e3o espec\u00edfica, oferecendo mais seguran\u00e7a e prote\u00e7\u00e3o.<br \/>\nBaixo \u00edndice de prote\u00ednas de l\u00e1tex<br \/>\nEspessura maior que de outras luvas<br \/>\nSeguran\u00e7a e qualidade aos profissionais de sa\u00fade<br \/>\nAlta resist\u00eancia durante o uso<br \/>\nDispon\u00edvel em envelopes com 1 par cada<br \/>\nTamanhos: 6.5, 7.0, 7.5, 8.0 e 8.5<br \/>\nCor: borracha natural<br \/>\nIndica\u00e7\u00f5es: hospitais, cl\u00ednicas m\u00e9dicas, odontol\u00f3gicas, veterin\u00e1rias, laborat\u00f3rios, locais onde necessitem de prote\u00e7\u00e3o do usu\u00e1rio contra riscos biol\u00f3gicos.<\/p>\n","protected":false},"featured_media":29168,"comment_status":"open","ping_status":"closed","template":"","meta":[],"product_brand":[],"product_cat":[6,167,107],"product_tag":[],"class_list":{"0":"post-29167","1":"product","2":"type-product","3":"status-publish","4":"has-post-thumbnail","6":"product_cat-luvas","7":"product_cat-risco-biologico","8":"product_cat-supermax","10":"first","11":"onbackorder","12":"taxable","13":"shipping-taxable","14":"product-type-simple"},"_links":{"self":[{"href":"https:\/\/segtotaltreinamentos.com.br\/Loja\/wp-json\/wp\/v2\/product\/29167","targetHints":{"allow":["GET"]}}],"collection":[{"href":"https:\/\/segtotaltreinamentos.com.br\/Loja\/wp-json\/wp\/v2\/product"}],"about":[{"href":"https:\/\/segtotaltreinamentos.com.br\/Loja\/wp-json\/wp\/v2\/types\/product"}],"replies":[{"embeddable":true,"href":"https:\/\/segtotaltreinamentos.com.br\/Loja\/wp-json\/wp\/v2\/comments?post=29167"}],"wp:featuredmedia":[{"embeddable":true,"href":"https:\/\/segtotaltreinamentos.com.br\/Loja\/wp-json\/wp\/v2\/media\/29168"}],"wp:attachment":[{"href":"https:\/\/segtotaltreinamentos.com.br\/Loja\/wp-json\/wp\/v2\/media?parent=29167"}],"wp:term":[{"taxonomy":"product_brand","embeddable":true,"href":"https:\/\/segtotaltreinamentos.com.br\/Loja\/wp-json\/wp\/v2\/product_brand?post=29167"},{"taxonomy":"product_cat","embeddable":true,"href":"https:\/\/segtotaltreinamentos.com.br\/Loja\/wp-json\/wp\/v2\/product_cat?post=29167"},{"taxonomy":"product_tag","embeddable":true,"href":"https:\/\/segtotaltreinamentos.com.br\/Loja\/wp-json\/wp\/v2\/product_tag?post=29167"}],"curies":[{"name":"wp","href":"https:\/\/api.w.org\/{rel}","templated":true}]}}