{"id":29176,"date":"2020-05-04T19:47:55","date_gmt":"2020-05-04T19:47:55","guid":{"rendered":"http:\/\/segtotaltreinamentos.com.br\/Loja\/?post_type=product&#038;p=29176"},"modified":"2020-05-07T13:56:34","modified_gmt":"2020-05-07T13:56:34","slug":"termometro-inflavermelho","status":"publish","type":"product","link":"https:\/\/segtotaltreinamentos.com.br\/Loja\/produto\/termometro-inflavermelho\/","title":{"rendered":"Termometro inflavermelho"},"content":{"rendered":"","protected":false},"excerpt":{"rendered":"<p>O Term\u00f4metro Digital a Laser Infravermelho THERMOMETER DM-300 \u00e9 indicado para medir a temperatura sem a necessidade de contato com a pele. Moderno e de f\u00e1cil utiliza\u00e7\u00e3o, basta apontar o Term\u00f4metro DM-300 na testa (sem contato com o corpo) \u00e0 uma dist\u00e2ncia entre 5 a 15 cm, que em aproximadamente 2 segundos a mensura\u00e7\u00e3o da temperatura aparecer\u00e1 com precis\u00e3o no display LCD retroiluminado e com alarme de alta temperatura.<\/p>\n<p>Especifica\u00e7\u00f5es<\/p>\n<p>Modelo: THERMOMETER DM-300<\/p>\n<p>&#8211; Faixa de medi\u00e7\u00e3o varia de 32,0\u00b0C a 42,5\u00b0C.<\/p>\n<p>&#8211; Armazena na mem\u00f3ria o registro das \u00faltimas 32 temperaturas.<\/p>\n<p>&#8211; Este aparelho tamb\u00e9m permite captar a temperatura de l\u00edquidos e superf\u00edcie de objetos.<\/p>\n<p>&#8211; Possui Alarme Sonoro na Detec\u00e7\u00e3o de Febre.<\/p>\n<p>&#8211; Desligamento autom\u00e1tico da bateria: 7 segundos<\/p>\n<p>&#8211; Mira laser para acertar o alvo com precis\u00e3o<\/p>\n<p>&#8211; Alimenta\u00e7\u00e3o: 2 Pilhas AA<\/p>\n<p>&#8211; Dimen\u00e7\u00f5es: 150 X 95 X 44 MM<\/p>\n<p>&#8211; Possui indicador de bateria<\/p>\n<p>&#8211; Possui visor LCD<\/p>\n<p>-Tempo de medi\u00e7\u00e3o: 2 Segundos<\/p>\n<p>-Local de medi\u00e7\u00e3o: Testa\/Ouvido<\/p>\n<p>-Autonomia da bateria 12 horas de Uso Cont\u00ednuo<\/p>\n<p>Conte\u00fado da Embalagem<\/p>\n<p>01-Term\u00f4metro Sem Contato Digital a Laser Infravermelho THERMOMETER DM-300<br \/>\n01- Manual Ingl\u00eas<br \/>\n02- Pilha AA<\/p>\n","protected":false},"featured_media":29177,"comment_status":"open","ping_status":"closed","template":"","meta":[],"product_brand":[],"product_cat":[133],"product_tag":[],"class_list":{"0":"post-29176","1":"product","2":"type-product","3":"status-publish","4":"has-post-thumbnail","6":"product_cat-sem-categoria","8":"first","9":"onbackorder","10":"taxable","11":"shipping-taxable","12":"purchasable","13":"product-type-simple"},"_links":{"self":[{"href":"https:\/\/segtotaltreinamentos.com.br\/Loja\/wp-json\/wp\/v2\/product\/29176","targetHints":{"allow":["GET"]}}],"collection":[{"href":"https:\/\/segtotaltreinamentos.com.br\/Loja\/wp-json\/wp\/v2\/product"}],"about":[{"href":"https:\/\/segtotaltreinamentos.com.br\/Loja\/wp-json\/wp\/v2\/types\/product"}],"replies":[{"embeddable":true,"href":"https:\/\/segtotaltreinamentos.com.br\/Loja\/wp-json\/wp\/v2\/comments?post=29176"}],"wp:featuredmedia":[{"embeddable":true,"href":"https:\/\/segtotaltreinamentos.com.br\/Loja\/wp-json\/wp\/v2\/media\/29177"}],"wp:attachment":[{"href":"https:\/\/segtotaltreinamentos.com.br\/Loja\/wp-json\/wp\/v2\/media?parent=29176"}],"wp:term":[{"taxonomy":"product_brand","embeddable":true,"href":"https:\/\/segtotaltreinamentos.com.br\/Loja\/wp-json\/wp\/v2\/product_brand?post=29176"},{"taxonomy":"product_cat","embeddable":true,"href":"https:\/\/segtotaltreinamentos.com.br\/Loja\/wp-json\/wp\/v2\/product_cat?post=29176"},{"taxonomy":"product_tag","embeddable":true,"href":"https:\/\/segtotaltreinamentos.com.br\/Loja\/wp-json\/wp\/v2\/product_tag?post=29176"}],"curies":[{"name":"wp","href":"https:\/\/api.w.org\/{rel}","templated":true}]}}