{"id":29209,"date":"2020-06-02T14:08:26","date_gmt":"2020-06-02T14:08:26","guid":{"rendered":"http:\/\/segtotaltreinamentos.com.br\/Loja\/?post_type=product&#038;p=29209"},"modified":"2020-07-08T18:52:24","modified_gmt":"2020-07-08T18:52:24","slug":"cinturao-de-seguranca-paraquedista-vicsa-vic20529-ca-35613","status":"publish","type":"product","link":"https:\/\/segtotaltreinamentos.com.br\/Loja\/produto\/cinturao-de-seguranca-paraquedista-vicsa-vic20529-ca-35613\/","title":{"rendered":"Cintur\u00e3o de Seguran\u00e7a Paraquedista Vicsa Vic20529 Ca 35613"},"content":{"rendered":"<p>Cintur\u00e3o de Seguran\u00e7a Paraquedista Vicsa Vic20529 Ca 35613<br \/>\nModelo: VIC20529<br \/>\nMarca: Vicsa<br \/>\nRefer\u00eancia: Ca 35613<br \/>\nConsultar CA<br \/>\nConte\u00fado: 1 unidade<br \/>\nSe\u00e7\u00e3o: Altura<\/p>\n<p><a href=\"https:\/\/segtotaltreinamentos.com.br\/Loja\/wp-content\/uploads\/2020\/06\/FAQ-CAPACIDADE-DE-CARGA.pdf\">FAQ &#8211; CAPACIDADE DE CARGA<\/a><\/p>\n","protected":false},"excerpt":{"rendered":"<h3 class=\"info-title\">Descri\u00e7\u00e3o<\/h3>\n<div class=\"info-description\">\n<p>Cinto de Seguran\u00e7a <strong class=\"keyword\"><a class=\"target-blank\" href=\"https:\/\/www.superepi.com.br\/pesquisa\/?p=paraquedista+vicsa\" target=\"_blank\" rel=\"noopener noreferrer\">paraquedista vicsa<\/a><\/strong> VIC20529 Ca 35613<\/p>\n<p>Descri\u00e7\u00e3o:<\/p>\n<p><strong class=\"keyword\"><a class=\"target-blank\" href=\"https:\/\/www.superepi.com.br\/pesquisa\/?p=cinto\" target=\"_blank\" rel=\"noopener noreferrer\">cinto<\/a><\/strong> de seguran\u00e7a fita de poliester com 01 ancoragem dorsal, 01 frontal , 02 laterais para posicionamento e al\u00e7as nos ombros para resgate e trabalhos em esp\u00e7aos confinados.<\/p>\n<p>Vantagens:<\/p>\n<p>Etiqueta de descarte. Tag para rastreamento. Regulagem total. Al\u00e7as para resgate e espa\u00e7os confinados.<br \/>\n<strong class=\"keyword\"><a class=\"target-blank\" href=\"https:\/\/www.superepi.com.br\/pesquisa\/?p=cinto\" target=\"_blank\" rel=\"noopener noreferrer\">cinto<\/a><\/strong> leve com regulagem total, apoio lombar e al\u00e7as nos ombros.<\/p>\n<p>Aplica\u00e7\u00f5es:<\/p>\n<p>Ideal para reten\u00e7\u00e3o de queda dorsal, frontal, trabalho em posicionamento, espa\u00e7o confinado e resgate<br \/>\nUtilizado em conjunto com os seguintes talabartes:<br \/>\nVIC23305 &#8211; Contra quedas mosq 55mm<br \/>\nVIC23605 &#8211; Contra quedas mosq 55mm<br \/>\nVIC23607 &#8211; Contra quedas mosq 110mm<br \/>\nVIC21226 &#8211; Posicionamento<br \/>\nVIC22105 &#8211; Restri\u00e7\u00e3o<\/p>\n<p>Aprovado Para:<\/p>\n<p>prote\u00e7\u00e3o do usu\u00e1rio contra riscos de quedas no posicionamento em trabalhos em altura no caso dos talabartes: cavrl-p22-steelpro vic21110 e cadel-f2n-steelpro vic 21226, e contra riscos de quedas nos trabalhos em altura no caso dos talabartes: cavsy-p2b-steelpro vic 22105, amr2s-r11-steelpro vic 23306, amr2s-r2b-steelpro vic 23305, amr2s-t2b-steelpro vic 23605 e amr2s-t2y-steelpro vic 23607.<br \/>\n<span style=\"font-family: Tahoma;\"><br \/>\n<\/span><\/p>\n<\/div>\n","protected":false},"featured_media":29210,"comment_status":"open","ping_status":"closed","template":"","meta":[],"product_brand":[],"product_cat":[139,105,32,80],"product_tag":[],"class_list":{"0":"post-29209","1":"product","2":"type-product","3":"status-publish","4":"has-post-thumbnail","6":"product_cat-cintos-de-seguranca","7":"product_cat-espaco-confinado","8":"product_cat-trabalho-em-altura","9":"product_cat-vicza","11":"first","12":"onbackorder","13":"taxable","14":"shipping-taxable","15":"purchasable","16":"product-type-simple"},"_links":{"self":[{"href":"https:\/\/segtotaltreinamentos.com.br\/Loja\/wp-json\/wp\/v2\/product\/29209","targetHints":{"allow":["GET"]}}],"collection":[{"href":"https:\/\/segtotaltreinamentos.com.br\/Loja\/wp-json\/wp\/v2\/product"}],"about":[{"href":"https:\/\/segtotaltreinamentos.com.br\/Loja\/wp-json\/wp\/v2\/types\/product"}],"replies":[{"embeddable":true,"href":"https:\/\/segtotaltreinamentos.com.br\/Loja\/wp-json\/wp\/v2\/comments?post=29209"}],"wp:featuredmedia":[{"embeddable":true,"href":"https:\/\/segtotaltreinamentos.com.br\/Loja\/wp-json\/wp\/v2\/media\/29210"}],"wp:attachment":[{"href":"https:\/\/segtotaltreinamentos.com.br\/Loja\/wp-json\/wp\/v2\/media?parent=29209"}],"wp:term":[{"taxonomy":"product_brand","embeddable":true,"href":"https:\/\/segtotaltreinamentos.com.br\/Loja\/wp-json\/wp\/v2\/product_brand?post=29209"},{"taxonomy":"product_cat","embeddable":true,"href":"https:\/\/segtotaltreinamentos.com.br\/Loja\/wp-json\/wp\/v2\/product_cat?post=29209"},{"taxonomy":"product_tag","embeddable":true,"href":"https:\/\/segtotaltreinamentos.com.br\/Loja\/wp-json\/wp\/v2\/product_tag?post=29209"}],"curies":[{"name":"wp","href":"https:\/\/api.w.org\/{rel}","templated":true}]}}