{"id":29226,"date":"2020-06-06T14:13:15","date_gmt":"2020-06-06T14:13:15","guid":{"rendered":"http:\/\/segtotaltreinamentos.com.br\/Loja\/?post_type=product&#038;p=29226"},"modified":"2020-06-29T15:39:20","modified_gmt":"2020-06-29T15:39:20","slug":"fita-protegida-120-cm-ftp120","status":"publish","type":"product","link":"https:\/\/segtotaltreinamentos.com.br\/Loja\/produto\/fita-protegida-120-cm-ftp120\/","title":{"rendered":"Fita Protegida 120 cm &#8211; FTP120"},"content":{"rendered":"<p><a href=\"https:\/\/segtotaltreinamentos.com.br\/Loja\/wp-content\/uploads\/2020\/06\/manual-anel-de-fita-ft80-ft100-ft120-ft150-pdf-1412001497-pdf_1469474486.pdf\">manual-anel-de-fita-ft80-ft100-ft120-ft150-pdf-1412001497-pdf_1469474486<\/a><\/p>\n","protected":false},"excerpt":{"rendered":"<p>FTP120<\/p>\n<p>Fita Protegida Stec, possui uma lona que envolve a fita afim de evitar abras\u00e3o, aumentando a vida \u00fatil da mesma. Utilizada para desvios e ancoragens que ficam em contato com estruturas. As Fitas Protegidas Stec s\u00e3o fabricadas com nylon de alta resist\u00eancia costuradas eletronicamente. Carga de ruptura 22 KN. Facilita a instala\u00e7\u00e3o dos pontos de ancoragem, equaliza\u00e7\u00f5es de cargas e desvios sem a nescessidade de adicionar uma prote\u00e7\u00e3o nos pontos de contato.<\/p>\n<p>Especifica\u00e7\u00f5es<\/p>\n<p>Comprimento: 120 cm<br \/>\nCarga de Ruptura: 22 kN<br \/>\nPeso: 160 g<br \/>\nC\u00f3digo: FTP120<\/p>\n","protected":false},"featured_media":29227,"comment_status":"open","ping_status":"closed","template":"","meta":[],"product_brand":[],"product_cat":[144,138,32],"product_tag":[],"class_list":{"0":"post-29226","1":"product","2":"type-product","3":"status-publish","4":"has-post-thumbnail","6":"product_cat-fitas","7":"product_cat-stec","8":"product_cat-trabalho-em-altura","10":"first","11":"instock","12":"taxable","13":"shipping-taxable","14":"purchasable","15":"product-type-simple"},"_links":{"self":[{"href":"https:\/\/segtotaltreinamentos.com.br\/Loja\/wp-json\/wp\/v2\/product\/29226","targetHints":{"allow":["GET"]}}],"collection":[{"href":"https:\/\/segtotaltreinamentos.com.br\/Loja\/wp-json\/wp\/v2\/product"}],"about":[{"href":"https:\/\/segtotaltreinamentos.com.br\/Loja\/wp-json\/wp\/v2\/types\/product"}],"replies":[{"embeddable":true,"href":"https:\/\/segtotaltreinamentos.com.br\/Loja\/wp-json\/wp\/v2\/comments?post=29226"}],"wp:featuredmedia":[{"embeddable":true,"href":"https:\/\/segtotaltreinamentos.com.br\/Loja\/wp-json\/wp\/v2\/media\/29227"}],"wp:attachment":[{"href":"https:\/\/segtotaltreinamentos.com.br\/Loja\/wp-json\/wp\/v2\/media?parent=29226"}],"wp:term":[{"taxonomy":"product_brand","embeddable":true,"href":"https:\/\/segtotaltreinamentos.com.br\/Loja\/wp-json\/wp\/v2\/product_brand?post=29226"},{"taxonomy":"product_cat","embeddable":true,"href":"https:\/\/segtotaltreinamentos.com.br\/Loja\/wp-json\/wp\/v2\/product_cat?post=29226"},{"taxonomy":"product_tag","embeddable":true,"href":"https:\/\/segtotaltreinamentos.com.br\/Loja\/wp-json\/wp\/v2\/product_tag?post=29226"}],"curies":[{"name":"wp","href":"https:\/\/api.w.org\/{rel}","templated":true}]}}