{"id":29232,"date":"2020-06-06T16:33:32","date_gmt":"2020-06-06T16:33:32","guid":{"rendered":"http:\/\/segtotaltreinamentos.com.br\/Loja\/?post_type=product&#038;p=29232"},"modified":"2020-06-06T16:33:33","modified_gmt":"2020-06-06T16:33:33","slug":"botina-de-seguranca-com-palmilha-antiperfuracao-bv-52590","status":"publish","type":"product","link":"https:\/\/segtotaltreinamentos.com.br\/Loja\/produto\/botina-de-seguranca-com-palmilha-antiperfuracao-bv-52590\/","title":{"rendered":"BOTINA DE SEGURAN\u00c7A COM PALMILHA ANTIPERFURA\u00c7\u00c3O  BV-52590"},"content":{"rendered":"<p>CA-7238<\/p>\n","protected":false},"excerpt":{"rendered":"<p><span class=\"tit_ref_prod\">BV52<\/span> <span class=\"tit_nome_prod\">Botina de El\u00e1stico<\/span><\/p>\n<p class=\"desc_prod\">Botina de seguran\u00e7a confeccionada em couro vaqueta integral estampa<br \/>\nrelax, com el\u00e1stico nas laterais. Possui palmilha interna remov\u00edvel<br \/>\nem EVA com tratamento antimicr\u00f3bios. Indicada para servi\u00e7os<br \/>\nem \u00e1reas que apresentem riscos de natureza leve, uniformizando<br \/>\ne garantindo conforto e prote\u00e7\u00e3o aos p\u00e9s e tornozelos do usu\u00e1rio.<\/p>\n","protected":false},"featured_media":29233,"comment_status":"open","ping_status":"closed","template":"","meta":[],"product_brand":[],"product_cat":[16,82],"product_tag":[],"class_list":{"0":"post-29232","1":"product","2":"type-product","3":"status-publish","4":"has-post-thumbnail","6":"product_cat-calcados","7":"product_cat-conforto","9":"first","10":"onbackorder","11":"taxable","12":"shipping-taxable","13":"product-type-simple"},"_links":{"self":[{"href":"https:\/\/segtotaltreinamentos.com.br\/Loja\/wp-json\/wp\/v2\/product\/29232","targetHints":{"allow":["GET"]}}],"collection":[{"href":"https:\/\/segtotaltreinamentos.com.br\/Loja\/wp-json\/wp\/v2\/product"}],"about":[{"href":"https:\/\/segtotaltreinamentos.com.br\/Loja\/wp-json\/wp\/v2\/types\/product"}],"replies":[{"embeddable":true,"href":"https:\/\/segtotaltreinamentos.com.br\/Loja\/wp-json\/wp\/v2\/comments?post=29232"}],"wp:featuredmedia":[{"embeddable":true,"href":"https:\/\/segtotaltreinamentos.com.br\/Loja\/wp-json\/wp\/v2\/media\/29233"}],"wp:attachment":[{"href":"https:\/\/segtotaltreinamentos.com.br\/Loja\/wp-json\/wp\/v2\/media?parent=29232"}],"wp:term":[{"taxonomy":"product_brand","embeddable":true,"href":"https:\/\/segtotaltreinamentos.com.br\/Loja\/wp-json\/wp\/v2\/product_brand?post=29232"},{"taxonomy":"product_cat","embeddable":true,"href":"https:\/\/segtotaltreinamentos.com.br\/Loja\/wp-json\/wp\/v2\/product_cat?post=29232"},{"taxonomy":"product_tag","embeddable":true,"href":"https:\/\/segtotaltreinamentos.com.br\/Loja\/wp-json\/wp\/v2\/product_tag?post=29232"}],"curies":[{"name":"wp","href":"https:\/\/api.w.org\/{rel}","templated":true}]}}