{"id":29234,"date":"2020-06-06T16:39:41","date_gmt":"2020-06-06T16:39:41","guid":{"rendered":"http:\/\/segtotaltreinamentos.com.br\/Loja\/?post_type=product&#038;p=29234"},"modified":"2020-06-06T16:39:41","modified_gmt":"2020-06-06T16:39:41","slug":"botina-de-seguranca-bh-52-elet","status":"publish","type":"product","link":"https:\/\/segtotaltreinamentos.com.br\/Loja\/produto\/botina-de-seguranca-bh-52-elet\/","title":{"rendered":"BOTINA DE SEGURAN\u00c7A BH-52-ELET"},"content":{"rendered":"<p>CA-42894<\/p>\n","protected":false},"excerpt":{"rendered":"<p><span class=\"tit_ref_prod\">BH52 &#8211; ELETRICISTA<\/span> <span class=\"tit_nome_prod\">Botina com El\u00e1stico para uso Eletricista<\/span><\/p>\n<p class=\"desc_prod\">Botina ocupacional confeccionada em couro vaqueta integral hidrofugado estampa relax, com el\u00e1stico nas laterais, sem componentes met\u00e1licos. Possui palmilha interna remov\u00edvel em EVA com tratamento antimicr\u00f3bios. Solado Bidensidade bicomponente<br \/>\nem Poliuretano (PU) com Borracha. Indicado para \u00e1reas que apresentem riscos de natureza leve e em instala\u00e7\u00f5es el\u00e9tricas de baixa tens\u00e3o (at\u00e9 500V) em ambiente seco, uniformizando e garantindo conforto e prote\u00e7\u00e3o aos p\u00e9s do usu\u00e1rio.<\/p>\n","protected":false},"featured_media":29235,"comment_status":"open","ping_status":"closed","template":"","meta":[],"product_brand":[],"product_cat":[16,82],"product_tag":[],"class_list":{"0":"post-29234","1":"product","2":"type-product","3":"status-publish","4":"has-post-thumbnail","6":"product_cat-calcados","7":"product_cat-conforto","9":"first","10":"onbackorder","11":"taxable","12":"shipping-taxable","13":"product-type-simple"},"_links":{"self":[{"href":"https:\/\/segtotaltreinamentos.com.br\/Loja\/wp-json\/wp\/v2\/product\/29234","targetHints":{"allow":["GET"]}}],"collection":[{"href":"https:\/\/segtotaltreinamentos.com.br\/Loja\/wp-json\/wp\/v2\/product"}],"about":[{"href":"https:\/\/segtotaltreinamentos.com.br\/Loja\/wp-json\/wp\/v2\/types\/product"}],"replies":[{"embeddable":true,"href":"https:\/\/segtotaltreinamentos.com.br\/Loja\/wp-json\/wp\/v2\/comments?post=29234"}],"wp:featuredmedia":[{"embeddable":true,"href":"https:\/\/segtotaltreinamentos.com.br\/Loja\/wp-json\/wp\/v2\/media\/29235"}],"wp:attachment":[{"href":"https:\/\/segtotaltreinamentos.com.br\/Loja\/wp-json\/wp\/v2\/media?parent=29234"}],"wp:term":[{"taxonomy":"product_brand","embeddable":true,"href":"https:\/\/segtotaltreinamentos.com.br\/Loja\/wp-json\/wp\/v2\/product_brand?post=29234"},{"taxonomy":"product_cat","embeddable":true,"href":"https:\/\/segtotaltreinamentos.com.br\/Loja\/wp-json\/wp\/v2\/product_cat?post=29234"},{"taxonomy":"product_tag","embeddable":true,"href":"https:\/\/segtotaltreinamentos.com.br\/Loja\/wp-json\/wp\/v2\/product_tag?post=29234"}],"curies":[{"name":"wp","href":"https:\/\/api.w.org\/{rel}","templated":true}]}}