{"id":29240,"date":"2020-06-06T19:50:29","date_gmt":"2020-06-06T19:50:29","guid":{"rendered":"http:\/\/segtotaltreinamentos.com.br\/Loja\/?post_type=product&#038;p=29240"},"modified":"2020-06-06T19:50:29","modified_gmt":"2020-06-06T19:50:29","slug":"luvas-de-vaqueta-l21v61","status":"publish","type":"product","link":"https:\/\/segtotaltreinamentos.com.br\/Loja\/produto\/luvas-de-vaqueta-l21v61\/","title":{"rendered":"Luvas de vaqueta L21V61"},"content":{"rendered":"<p>CA-3983<\/p>\n","protected":false},"excerpt":{"rendered":"<p><span class=\"tit_ref_prod\">L21V61<\/span> <span class=\"tit_nome_prod\">Luva de Vaqueta<\/span><\/p>\n<p class=\"desc_prod\">Luva de prote\u00e7\u00e3o modelo petroleira confeccionada em vaqueta integral,<br \/>\nespessura 8\/10 linhas, com refor\u00e7o interno na palma e tira de refor\u00e7o<br \/>\ninterno entre o polegar e o indicador. Possui el\u00e1stico de ajuste<br \/>\nno dorso. Acabamento do punho em vi\u00e9s. Indicada para prote\u00e7\u00e3o das<br \/>\nm\u00e3os em servi\u00e7os gerais que apresentem riscos de natureza m\u00e9dia e<br \/>\nonde haja contato com materiais abrasivos e\/ou escoriantes.<\/p>\n","protected":false},"featured_media":29241,"comment_status":"open","ping_status":"closed","template":"","meta":[],"product_brand":[],"product_cat":[82,6,12],"product_tag":[],"class_list":{"0":"post-29240","1":"product","2":"type-product","3":"status-publish","4":"has-post-thumbnail","6":"product_cat-conforto","7":"product_cat-luvas","8":"product_cat-luvas-de-couro","10":"first","11":"onbackorder","12":"taxable","13":"shipping-taxable","14":"product-type-simple"},"_links":{"self":[{"href":"https:\/\/segtotaltreinamentos.com.br\/Loja\/wp-json\/wp\/v2\/product\/29240","targetHints":{"allow":["GET"]}}],"collection":[{"href":"https:\/\/segtotaltreinamentos.com.br\/Loja\/wp-json\/wp\/v2\/product"}],"about":[{"href":"https:\/\/segtotaltreinamentos.com.br\/Loja\/wp-json\/wp\/v2\/types\/product"}],"replies":[{"embeddable":true,"href":"https:\/\/segtotaltreinamentos.com.br\/Loja\/wp-json\/wp\/v2\/comments?post=29240"}],"wp:featuredmedia":[{"embeddable":true,"href":"https:\/\/segtotaltreinamentos.com.br\/Loja\/wp-json\/wp\/v2\/media\/29241"}],"wp:attachment":[{"href":"https:\/\/segtotaltreinamentos.com.br\/Loja\/wp-json\/wp\/v2\/media?parent=29240"}],"wp:term":[{"taxonomy":"product_brand","embeddable":true,"href":"https:\/\/segtotaltreinamentos.com.br\/Loja\/wp-json\/wp\/v2\/product_brand?post=29240"},{"taxonomy":"product_cat","embeddable":true,"href":"https:\/\/segtotaltreinamentos.com.br\/Loja\/wp-json\/wp\/v2\/product_cat?post=29240"},{"taxonomy":"product_tag","embeddable":true,"href":"https:\/\/segtotaltreinamentos.com.br\/Loja\/wp-json\/wp\/v2\/product_tag?post=29240"}],"curies":[{"name":"wp","href":"https:\/\/api.w.org\/{rel}","templated":true}]}}