{"id":29247,"date":"2020-06-09T15:28:21","date_gmt":"2020-06-09T15:28:21","guid":{"rendered":"http:\/\/segtotaltreinamentos.com.br\/Loja\/?post_type=product&#038;p=29247"},"modified":"2020-06-09T15:29:32","modified_gmt":"2020-06-09T15:29:32","slug":"conector-d-stec-45-kn-msrd45","status":"publish","type":"product","link":"https:\/\/segtotaltreinamentos.com.br\/Loja\/produto\/conector-d-stec-45-kn-msrd45\/","title":{"rendered":"Conector D Stec 45 kN &#8211; MSRD45"},"content":{"rendered":"<p><a href=\"https:\/\/segtotaltreinamentos.com.br\/Loja\/wp-content\/uploads\/2020\/06\/manual-conector-cds-b-45-kn-pdf_1490116483.pdf\">manual-conector-cds-b-45-kn-pdf_1490116483<\/a><\/p>\n","protected":false},"excerpt":{"rendered":"<p>MSRD45<\/p>\n<p>Conector de A\u00e7o Forma D c\/ Trava de Rosca 45 KN \u00e9 um dispositivo de liga\u00e7\u00e3o entre componentes de um sistema de seguran\u00e7a. Para responder a diferentes condi\u00e7\u00f5es encontradas, os conectores D assim\u00e9tricos Stec s\u00e3o utilizados para trabalhos de acesso por corda, trabalho em altura, resgate e outras em geral. Sua polival\u00eancia permite montar ancoragens, conectar-se a estruturas met\u00e1licas, cintos, descensores e sistemas anti-queda. Com um sistema de trava por rosca manual, o conector D assim\u00e9trico da Stec, tem formato que proporciona maior resist\u00eancia quando utilizado em trabalhos pesados como sistemas de carga.<\/p>\n<p>Especifica\u00e7\u00f5es<\/p>\n<p>Material: A\u00e7o<br \/>\nModelo: D<br \/>\nPeso: 240g<br \/>\nCertifica\u00e7\u00e3o: NBR 15837:2010 \/ EN362:2004\/B<br \/>\nC\u00f3digo: MSRD45<\/p>\n","protected":false},"featured_media":29248,"comment_status":"open","ping_status":"closed","template":"","meta":[],"product_brand":[],"product_cat":[138,32],"product_tag":[],"class_list":{"0":"post-29247","1":"product","2":"type-product","3":"status-publish","4":"has-post-thumbnail","6":"product_cat-stec","7":"product_cat-trabalho-em-altura","9":"first","10":"onbackorder","11":"taxable","12":"shipping-taxable","13":"product-type-simple"},"_links":{"self":[{"href":"https:\/\/segtotaltreinamentos.com.br\/Loja\/wp-json\/wp\/v2\/product\/29247","targetHints":{"allow":["GET"]}}],"collection":[{"href":"https:\/\/segtotaltreinamentos.com.br\/Loja\/wp-json\/wp\/v2\/product"}],"about":[{"href":"https:\/\/segtotaltreinamentos.com.br\/Loja\/wp-json\/wp\/v2\/types\/product"}],"replies":[{"embeddable":true,"href":"https:\/\/segtotaltreinamentos.com.br\/Loja\/wp-json\/wp\/v2\/comments?post=29247"}],"wp:featuredmedia":[{"embeddable":true,"href":"https:\/\/segtotaltreinamentos.com.br\/Loja\/wp-json\/wp\/v2\/media\/29248"}],"wp:attachment":[{"href":"https:\/\/segtotaltreinamentos.com.br\/Loja\/wp-json\/wp\/v2\/media?parent=29247"}],"wp:term":[{"taxonomy":"product_brand","embeddable":true,"href":"https:\/\/segtotaltreinamentos.com.br\/Loja\/wp-json\/wp\/v2\/product_brand?post=29247"},{"taxonomy":"product_cat","embeddable":true,"href":"https:\/\/segtotaltreinamentos.com.br\/Loja\/wp-json\/wp\/v2\/product_cat?post=29247"},{"taxonomy":"product_tag","embeddable":true,"href":"https:\/\/segtotaltreinamentos.com.br\/Loja\/wp-json\/wp\/v2\/product_tag?post=29247"}],"curies":[{"name":"wp","href":"https:\/\/api.w.org\/{rel}","templated":true}]}}