{"id":2927,"date":"2016-10-03T12:27:53","date_gmt":"2016-10-03T12:27:53","guid":{"rendered":"http:\/\/segtotaltreinamentos.com.br\/Loja\/?post_type=product&#038;p=2927"},"modified":"2016-10-18T17:30:22","modified_gmt":"2016-10-18T17:30:22","slug":"vestimentas-de-protecao-individual-ip-100","status":"publish","type":"product","link":"https:\/\/segtotaltreinamentos.com.br\/Loja\/produto\/vestimentas-de-protecao-individual-ip-100\/","title":{"rendered":"VESTIMENTAS DE PROTE\u00c7\u00c3O INDIVIDUAL"},"content":{"rendered":"<p><a href=\"https:\/\/segtotaltreinamentos.com.br\/Loja\/wp-content\/uploads\/2016\/10\/MACAC\u00c3O-INTER-PROT-IP-60-Ficha-T\u00e9cnica.pdf\">macacao-inter-prot-ip-60-ficha-tecnica<\/a><\/p>\n<p><a href=\"https:\/\/segtotaltreinamentos.com.br\/Loja\/wp-content\/uploads\/2016\/10\/MACAC\u00c3O-INTER-PROT-IP-100-Ficha-T\u00e9cnica.pdf\">macacao-inter-prot-ip-100-ficha-tecnica<\/a><\/p>\n<p><a href=\"https:\/\/segtotaltreinamentos.com.br\/Loja\/wp-content\/uploads\/2016\/10\/MACAC\u00c3O-INTER-PROT-IP-130-Ficha-T\u00e9cnica.pdf\">macacao-inter-prot-ip-130-ficha-tecnica<\/a><\/p>\n<p><a href=\"https:\/\/segtotaltreinamentos.com.br\/Loja\/wp-content\/uploads\/2016\/10\/MACAC\u00c3O-INTER-PROT-IP-260-Ficha-T\u00e9cnica.pdf\">macacao-inter-prot-ip-260-ficha-tecnica<\/a><\/p>\n","protected":false},"excerpt":{"rendered":"<h4>Prote\u00e7\u00e3o total contra part\u00edculas e n\u00e9voas.<\/h4>\n<p><strong>Composi\u00e7\u00e3o do Material<\/strong><br \/>\nQuanto \u00e0 constru\u00e7\u00e3o do n\u00e3otecido laminado, utilizado na fabrica\u00e7\u00e3o do INTER PROT\u00ae IP 100\u00ae, existem tr\u00eas estruturas dispostas com a seguinte composi\u00e7\u00e3o e da seguinte forma:<\/p>\n<p>N\u00e3otecido laminado INTER PROT\u00ae:<\/p>\n<p>1 ) Filme de Polietileno (exterior do n\u00e3otecido laminado);<br \/>\n2 ) Hot Melt (adesivo laminado);<br \/>\n3 ) N\u00e3otecido em polipropileno (interior do n\u00e3otecido).<\/p>\n<p><strong>Engenharia do Material<\/strong><br \/>\nA reten\u00e7\u00e3o de part\u00edculas m\u00ednima do material \u00e9 de 0,5 microns, barreira esta que \u00e9 garantida apenas considerando a reten\u00e7\u00e3o do Filme de Polietileno, por\u00e9m a sobreposi\u00e7\u00e3o de camadas e a a\u00e7\u00e3o do Hot Melt propiciam uma prote\u00e7\u00e3o ainda maior. A respirabilidade do material \u00e9 garantida por um processo de aplica\u00e7\u00e3o de cargas de carbonato de c\u00e1lcio ao polietileno, em microniza\u00e7\u00e3o controlada de forma que, ao se aplicar uma calandra a determinada press\u00e3o, estes carbonatos sejam &#8220;explodidos&#8221;, dando lugar a um subproduto semelhante a uma &#8220;pipoca&#8221;, que passa a trocar gases \u00famidos (internos), por gases externos (mais secos) pelo processo de osmose. \u00c9 este fen\u00f4meno qu\u00edmico, aliado \u00e0s propriedades f\u00edsicas do material que impedem a passagem de part\u00edculas para o interior da vestimenta, e sua respirabilidade.<\/p>\n<p><strong>Indica\u00e7\u00f5es<\/strong><br \/>\nAs vestimentas INTER PROT\u00ae IP 100\u00ae s\u00e3o indicadas para uso em ambientes onde o risco de contamina\u00e7\u00e3o seja caracterizado apenas por poeiras, part\u00edculas ou n\u00e9voas de pouca toxicidade. Suas aplica\u00e7\u00f5es mais comuns s\u00e3o: Salas de pintura, alumina, cimenteiras, fabricantes de pneus e borrachas, lamina\u00e7\u00f5es de alum\u00ednio, fibra de vidro ou carbono, montadoras e servi\u00e7os de manuten\u00e7\u00e3o e limpeza geral.<\/p>\n<p><strong>Caracter\u00edsticas<\/strong><br \/>\nO material de constru\u00e7\u00e3o das vestimentas INTER PROT\u00ae IP 100\u00ae \u00e9 caracterizado pela excelente prote\u00e7\u00e3o, sem abrir m\u00e3o do conforto, possuindo respirabilidade, e ainda assim, total conten\u00e7\u00e3o de part\u00edculas at\u00e9 0,5 microns. Seu tratamento antiest\u00e1tico evita impregna\u00e7\u00e3o magn\u00e9tica de materiais em suspens\u00e3o, e sua pel\u00edcula de polietileno respir\u00e1vel proporciona excelente barreira, sendo a vestimenta que melhor se adapta \u00e0s necessidades da seguran\u00e7a industrial.<\/p>\n<p><strong>Modalidades<\/strong><br \/>\nMacac\u00e3o, Cal\u00e7a, Jaqueta, Avental Frontal, Avental Barbeiro.<\/p>\n<p><strong>Vantagens<\/strong><br \/>\nAs vestimentas INTER PROT\u00ae IP 100 apresentam excelente custo-benef\u00edcio para opera\u00e7\u00f5es onde n\u00e3o haja risco de contamina\u00e7\u00e3o iminente, ou de potencial perigoso. \u00c9 bastante utilizada para a prote\u00e7\u00e3o contra poeiras e n\u00e9voas n\u00e3o-t\u00f3xicas, mas tamb\u00e9m para prolongar a vida de uniformes profissionais e de outras EPI\u2019s nas mais diversas aplica\u00e7\u00f5es. Apresenta excelente custo-benef\u00edcio, com custo vantajoso em rela\u00e7\u00e3o \u00e0s demais vestimentas do mercado.<\/p>\n","protected":false},"featured_media":2928,"comment_status":"open","ping_status":"closed","template":"","meta":[],"product_brand":[],"product_cat":[93,76],"product_tag":[],"class_list":{"0":"post-2927","1":"product","2":"type-product","3":"status-publish","4":"has-post-thumbnail","6":"product_cat-interfiltros","7":"product_cat-vestimenta-de-protecao","9":"first","10":"outofstock","11":"taxable","12":"shipping-taxable","13":"purchasable","14":"product-type-simple"},"_links":{"self":[{"href":"https:\/\/segtotaltreinamentos.com.br\/Loja\/wp-json\/wp\/v2\/product\/2927","targetHints":{"allow":["GET"]}}],"collection":[{"href":"https:\/\/segtotaltreinamentos.com.br\/Loja\/wp-json\/wp\/v2\/product"}],"about":[{"href":"https:\/\/segtotaltreinamentos.com.br\/Loja\/wp-json\/wp\/v2\/types\/product"}],"replies":[{"embeddable":true,"href":"https:\/\/segtotaltreinamentos.com.br\/Loja\/wp-json\/wp\/v2\/comments?post=2927"}],"wp:featuredmedia":[{"embeddable":true,"href":"https:\/\/segtotaltreinamentos.com.br\/Loja\/wp-json\/wp\/v2\/media\/2928"}],"wp:attachment":[{"href":"https:\/\/segtotaltreinamentos.com.br\/Loja\/wp-json\/wp\/v2\/media?parent=2927"}],"wp:term":[{"taxonomy":"product_brand","embeddable":true,"href":"https:\/\/segtotaltreinamentos.com.br\/Loja\/wp-json\/wp\/v2\/product_brand?post=2927"},{"taxonomy":"product_cat","embeddable":true,"href":"https:\/\/segtotaltreinamentos.com.br\/Loja\/wp-json\/wp\/v2\/product_cat?post=2927"},{"taxonomy":"product_tag","embeddable":true,"href":"https:\/\/segtotaltreinamentos.com.br\/Loja\/wp-json\/wp\/v2\/product_tag?post=2927"}],"curies":[{"name":"wp","href":"https:\/\/api.w.org\/{rel}","templated":true}]}}