{"id":29314,"date":"2020-07-08T19:15:30","date_gmt":"2020-07-08T19:15:30","guid":{"rendered":"http:\/\/segtotaltreinamentos.com.br\/Loja\/?post_type=product&#038;p=29314"},"modified":"2020-07-08T19:20:14","modified_gmt":"2020-07-08T19:20:14","slug":"cinturao-de-seguranca-4-pts-esp-conf-dieletrico-vicsa-vic26423-ca36874","status":"publish","type":"product","link":"https:\/\/segtotaltreinamentos.com.br\/Loja\/produto\/cinturao-de-seguranca-4-pts-esp-conf-dieletrico-vicsa-vic26423-ca36874\/","title":{"rendered":"Cintur\u00e3o de Seguran\u00e7a 4 PTS + ESP CONF DIELETRICO Vicsa Vic26423 ca36874"},"content":{"rendered":"<p>Cintur\u00e3o de Seguran\u00e7a<\/p>\n<h3>4 PTS + ESP CONF DIELETRICO<\/h3>\n<p>Vicsa Vic26423 Ca 36874<br \/>\nModelo: VIC26423<br \/>\nMarca: Vicsa<br \/>\nRefer\u00eancia: Ca 36874<br \/>\nConsultar CA<br \/>\nConte\u00fado: 1 unidade<br \/>\nSe\u00e7\u00e3o: Altura<\/p>\n<p><a href=\"https:\/\/segtotaltreinamentos.com.br\/Loja\/wp-content\/uploads\/2020\/07\/cinturao_de_seguranca_04_pontos_diel\u00e9trico_vic26423.pdf\">cinturao_de_seguranca_04_pontos_diel\u00e9trico_vic26423<\/a><\/p>\n<p><a href=\"https:\/\/segtotaltreinamentos.com.br\/Loja\/wp-content\/uploads\/2020\/06\/FAQ-CAPACIDADE-DE-CARGA.pdf\">FAQ &#8211; CAPACIDADE DE CARGA<\/a><\/p>\n","protected":false},"excerpt":{"rendered":"<div class=\"info-description\">\n<h1>DESCRI\u00c7\u00c3O<\/h1>\n<p>Cinto de seguran\u00e7a em poliester com 01 ancoragem dorsal, 01 frontal, 02 laterais para posicionamento e al\u00e7as nos ombros para resgate e trabalhos em espa\u00e7os confinados, sem partes met\u00e1licas expostas<\/p>\n<h1>BENEF\u00cdCIOS<\/h1>\n<p>Etiqueta de descarte. Tag para rastreamento. Partes met\u00e1licas recobertas com material isolante para trabalho com eletricidade. Al\u00e7as de resgate e espa\u00e7os confinados. Regulagem total.<\/p>\n<h1>DIFERENCIAL<\/h1>\n<p>Partes met\u00e1licas recobertas para trabalho com eletricidade<\/p>\n<h1>APLICA\u00c7\u00c3O<\/h1>\n<p>Ideal para trabalho com eletricidade, reten\u00e7\u00e3o de queda dorsal, frontal e trabalho em posicionamento, espa\u00e7o confinado e resgate<br \/>\nUtilizado em conjunto com os seguintes talabartes:<br \/>\nVIC23605 &#8211; Contra quedas mosq 55mm<br \/>\nVIC23607 &#8211; Contra quedas mosq 110mm<br \/>\nVIC21226 &#8211; Posicionamento<br \/>\nVIC22105 &#8211; Restri\u00e7\u00e3o<\/p>\n<\/div>\n","protected":false},"featured_media":29210,"comment_status":"open","ping_status":"closed","template":"","meta":[],"product_brand":[],"product_cat":[139,105,32,102,80],"product_tag":[],"class_list":{"0":"post-29314","1":"product","2":"type-product","3":"status-publish","4":"has-post-thumbnail","6":"product_cat-cintos-de-seguranca","7":"product_cat-espaco-confinado","8":"product_cat-trabalho-em-altura","9":"product_cat-uniforme-nr-10","10":"product_cat-vicza","12":"first","13":"onbackorder","14":"taxable","15":"shipping-taxable","16":"purchasable","17":"product-type-simple"},"_links":{"self":[{"href":"https:\/\/segtotaltreinamentos.com.br\/Loja\/wp-json\/wp\/v2\/product\/29314","targetHints":{"allow":["GET"]}}],"collection":[{"href":"https:\/\/segtotaltreinamentos.com.br\/Loja\/wp-json\/wp\/v2\/product"}],"about":[{"href":"https:\/\/segtotaltreinamentos.com.br\/Loja\/wp-json\/wp\/v2\/types\/product"}],"replies":[{"embeddable":true,"href":"https:\/\/segtotaltreinamentos.com.br\/Loja\/wp-json\/wp\/v2\/comments?post=29314"}],"wp:featuredmedia":[{"embeddable":true,"href":"https:\/\/segtotaltreinamentos.com.br\/Loja\/wp-json\/wp\/v2\/media\/29210"}],"wp:attachment":[{"href":"https:\/\/segtotaltreinamentos.com.br\/Loja\/wp-json\/wp\/v2\/media?parent=29314"}],"wp:term":[{"taxonomy":"product_brand","embeddable":true,"href":"https:\/\/segtotaltreinamentos.com.br\/Loja\/wp-json\/wp\/v2\/product_brand?post=29314"},{"taxonomy":"product_cat","embeddable":true,"href":"https:\/\/segtotaltreinamentos.com.br\/Loja\/wp-json\/wp\/v2\/product_cat?post=29314"},{"taxonomy":"product_tag","embeddable":true,"href":"https:\/\/segtotaltreinamentos.com.br\/Loja\/wp-json\/wp\/v2\/product_tag?post=29314"}],"curies":[{"name":"wp","href":"https:\/\/api.w.org\/{rel}","templated":true}]}}