{"id":29354,"date":"2020-08-14T16:17:33","date_gmt":"2020-08-14T16:17:33","guid":{"rendered":"http:\/\/segtotaltreinamentos.com.br\/Loja\/?post_type=product&#038;p=29354"},"modified":"2020-08-14T16:28:10","modified_gmt":"2020-08-14T16:28:10","slug":"mascara-3m-com-valvula-8822","status":"publish","type":"product","link":"https:\/\/segtotaltreinamentos.com.br\/Loja\/produto\/mascara-3m-com-valvula-8822\/","title":{"rendered":"Mascara 3M com valvula 8822"},"content":{"rendered":"<p><img decoding=\"async\" class=\"alignnone size-medium wp-image-29355\" src=\"https:\/\/segtotaltreinamentos.com.br\/Loja\/wp-content\/uploads\/2020\/08\/WhatsApp-Image-2020-08-13-at-13.43.09-155x300.jpeg\" alt=\"\" width=\"155\" height=\"300\" srcset=\"https:\/\/segtotaltreinamentos.com.br\/Loja\/wp-content\/uploads\/2020\/08\/WhatsApp-Image-2020-08-13-at-13.43.09-155x300.jpeg 155w, https:\/\/segtotaltreinamentos.com.br\/Loja\/wp-content\/uploads\/2020\/08\/WhatsApp-Image-2020-08-13-at-13.43.09-600x1162.jpeg 600w, https:\/\/segtotaltreinamentos.com.br\/Loja\/wp-content\/uploads\/2020\/08\/WhatsApp-Image-2020-08-13-at-13.43.09-529x1024.jpeg 529w, https:\/\/segtotaltreinamentos.com.br\/Loja\/wp-content\/uploads\/2020\/08\/WhatsApp-Image-2020-08-13-at-13.43.09-400x775.jpeg 400w, https:\/\/segtotaltreinamentos.com.br\/Loja\/wp-content\/uploads\/2020\/08\/WhatsApp-Image-2020-08-13-at-13.43.09.jpeg 661w\" sizes=\"(max-width: 155px) 100vw, 155px\" \/><\/p>\n","protected":false},"excerpt":{"rendered":"<p>classe PFF2<\/p>\n<p>filtro 3M com tratamento eletrostatico facil para respirar com alta capacidade de reten\u00e7\u00e3o de particulas.<\/p>\n<p>&nbsp;<\/p>\n<p>valvula 3M abre facilmente na expira\u00e7\u00e3o reduzindo o calor e umidade dentro do respirador e facilitando a respira\u00e7\u00e3o.Na inspira\u00e7\u00e3o retorna a possi\u00e7\u00e3o inicial sem deixar frestas e te manter protegido.<\/p>\n","protected":false},"featured_media":0,"comment_status":"open","ping_status":"closed","template":"","meta":[],"product_brand":[],"product_cat":[133],"product_tag":[],"class_list":{"0":"post-29354","1":"product","2":"type-product","3":"status-publish","5":"product_cat-sem-categoria","7":"first","8":"onbackorder","9":"taxable","10":"shipping-taxable","11":"purchasable","12":"product-type-simple"},"_links":{"self":[{"href":"https:\/\/segtotaltreinamentos.com.br\/Loja\/wp-json\/wp\/v2\/product\/29354","targetHints":{"allow":["GET"]}}],"collection":[{"href":"https:\/\/segtotaltreinamentos.com.br\/Loja\/wp-json\/wp\/v2\/product"}],"about":[{"href":"https:\/\/segtotaltreinamentos.com.br\/Loja\/wp-json\/wp\/v2\/types\/product"}],"replies":[{"embeddable":true,"href":"https:\/\/segtotaltreinamentos.com.br\/Loja\/wp-json\/wp\/v2\/comments?post=29354"}],"wp:attachment":[{"href":"https:\/\/segtotaltreinamentos.com.br\/Loja\/wp-json\/wp\/v2\/media?parent=29354"}],"wp:term":[{"taxonomy":"product_brand","embeddable":true,"href":"https:\/\/segtotaltreinamentos.com.br\/Loja\/wp-json\/wp\/v2\/product_brand?post=29354"},{"taxonomy":"product_cat","embeddable":true,"href":"https:\/\/segtotaltreinamentos.com.br\/Loja\/wp-json\/wp\/v2\/product_cat?post=29354"},{"taxonomy":"product_tag","embeddable":true,"href":"https:\/\/segtotaltreinamentos.com.br\/Loja\/wp-json\/wp\/v2\/product_tag?post=29354"}],"curies":[{"name":"wp","href":"https:\/\/api.w.org\/{rel}","templated":true}]}}