{"id":29515,"date":"2020-11-23T20:40:40","date_gmt":"2020-11-23T20:40:40","guid":{"rendered":"http:\/\/segtotaltreinamentos.com.br\/Loja\/?post_type=product&#038;p=29515"},"modified":"2021-04-08T20:09:07","modified_gmt":"2021-04-08T20:09:07","slug":"sapato-de-seguranca-ss62-2-ele","status":"publish","type":"product","link":"https:\/\/segtotaltreinamentos.com.br\/Loja\/produto\/sapato-de-seguranca-ss62-2-ele\/","title":{"rendered":"SAPATO DE SEGURAN\u00c7A SS62-2-ELE"},"content":{"rendered":"<p>CA-42472<\/p>\n","protected":false},"excerpt":{"rendered":"<p>SH62 &#8211; ELETRICISTA<br \/>\nSapato com El\u00e1stico para uso Eletricista<br \/>\nSapato ocupacional confeccionado em couro microfibra preta, com biqueira PP (polipropileno), estampa relax, com el\u00e1stico nas laterais, sem componentes met\u00e1licos. Possui palmilha interna remov\u00edvel em EVA com tratamento antimicr\u00f3bios. Solado Bidensidade bicomponente em Poliuretano (PU) com Borracha. Indicado para \u00e1reas que apresentem riscos de natureza leve e em instala\u00e7\u00f5es el\u00e9tricas de baixa tens\u00e3o (at\u00e9 500V) em ambiente seco, uniformizando e garantindo conforto e prote\u00e7\u00e3o aos p\u00e9s do usu\u00e1rio.<\/p>\n","protected":false},"featured_media":29237,"comment_status":"open","ping_status":"closed","template":"","meta":[],"product_brand":[],"product_cat":[16,82],"product_tag":[],"class_list":{"0":"post-29515","1":"product","2":"type-product","3":"status-publish","4":"has-post-thumbnail","6":"product_cat-calcados","7":"product_cat-conforto","9":"first","10":"instock","11":"taxable","12":"shipping-taxable","13":"purchasable","14":"product-type-variable"},"_links":{"self":[{"href":"https:\/\/segtotaltreinamentos.com.br\/Loja\/wp-json\/wp\/v2\/product\/29515","targetHints":{"allow":["GET"]}}],"collection":[{"href":"https:\/\/segtotaltreinamentos.com.br\/Loja\/wp-json\/wp\/v2\/product"}],"about":[{"href":"https:\/\/segtotaltreinamentos.com.br\/Loja\/wp-json\/wp\/v2\/types\/product"}],"replies":[{"embeddable":true,"href":"https:\/\/segtotaltreinamentos.com.br\/Loja\/wp-json\/wp\/v2\/comments?post=29515"}],"wp:featuredmedia":[{"embeddable":true,"href":"https:\/\/segtotaltreinamentos.com.br\/Loja\/wp-json\/wp\/v2\/media\/29237"}],"wp:attachment":[{"href":"https:\/\/segtotaltreinamentos.com.br\/Loja\/wp-json\/wp\/v2\/media?parent=29515"}],"wp:term":[{"taxonomy":"product_brand","embeddable":true,"href":"https:\/\/segtotaltreinamentos.com.br\/Loja\/wp-json\/wp\/v2\/product_brand?post=29515"},{"taxonomy":"product_cat","embeddable":true,"href":"https:\/\/segtotaltreinamentos.com.br\/Loja\/wp-json\/wp\/v2\/product_cat?post=29515"},{"taxonomy":"product_tag","embeddable":true,"href":"https:\/\/segtotaltreinamentos.com.br\/Loja\/wp-json\/wp\/v2\/product_tag?post=29515"}],"curies":[{"name":"wp","href":"https:\/\/api.w.org\/{rel}","templated":true}]}}