{"id":2974,"date":"2016-10-11T20:04:41","date_gmt":"2016-10-11T20:04:41","guid":{"rendered":"http:\/\/segtotaltreinamentos.com.br\/Loja\/?post_type=product&#038;p=2974"},"modified":"2016-10-18T16:41:57","modified_gmt":"2016-10-18T16:41:57","slug":"creme-protetor-pm-1000-ca-10931","status":"publish","type":"product","link":"https:\/\/segtotaltreinamentos.com.br\/Loja\/produto\/creme-protetor-pm-1000-ca-10931\/","title":{"rendered":"Creme protetor PM 1000 &#8211; CA 10931"},"content":{"rendered":"","protected":false},"excerpt":{"rendered":"<table width=\"640\" cellspacing=\"0\" cellpadding=\"0\" align=\"center\">\n<tbody>\n<tr>\n<td colspan=\"2\">\n<div id=\"titulo_produtos2\">Descri\u00e7\u00e3o:<\/div>\n<\/td>\n<\/tr>\n<tr>\n<td colspan=\"2\" height=\"20\">\n<div id=\"texto_produtos\">Creme especial: \u00e1gua, \u00f3leo e pintura resistente.<\/div>\n<\/td>\n<\/tr>\n<tr>\n<td colspan=\"2\" height=\"1\"><\/td>\n<\/tr>\n<tr>\n<td>\n<div id=\"titulo_produtos2\">Grupo:<\/div>\n<\/td>\n<td>\n<div id=\"titulo_produtos2\">N\u00b0 CA:<\/div>\n<\/td>\n<\/tr>\n<tr>\n<td>\n<div id=\"texto_produtos\">Grupo 3<\/div>\n<\/td>\n<td>\n<div id=\"texto_produtos\"><a href=\"http:\/\/www3.mte.gov.br\/sistemas\/caepi\/PesquisarCAInternetXSL.asp\" target=\"_blank\">10931<\/a><\/div>\n<\/td>\n<\/tr>\n<tr>\n<td colspan=\"2\" height=\"1\"><\/td>\n<\/tr>\n<tr>\n<td colspan=\"2\">\n<div id=\"titulo_produtos2\">Indica\u00e7\u00e3o:<\/div>\n<\/td>\n<\/tr>\n<tr>\n<td colspan=\"2\" height=\"20\">\n<div id=\"texto_produtos\">Indicado para proteger a pele do usu\u00e1rio contra \u00e1gua, tintas, vernizes, \u00f3leos brutos e sol\u00faveis, solventes, graxas, cimento, cal, argamassa, l\u00e3 de vidro, colas instant\u00e2neas, resinas, \u00e1cidos e bases em dilui\u00e7\u00e3o at\u00e9 15%.<br \/>\nOp\u00e7\u00e3o de um \u00fanico creme para todos os setores da empresa.<\/div>\n<\/td>\n<\/tr>\n<tr>\n<td colspan=\"2\" height=\"1\"><\/td>\n<\/tr>\n<tr>\n<td colspan=\"2\">\n<div id=\"titulo_produtos2\">Caracter\u00edsticas T\u00e9cnicas:<\/div>\n<\/td>\n<\/tr>\n<tr>\n<td colspan=\"2\" height=\"20\">\n<div id=\"texto_produtos\">&#8211; N\u00e3o cont\u00e9m silicone<br \/>\n&#8211; Tem secagem ultrarr\u00e1pida ap\u00f3s a aplica\u00e7\u00e3o<br \/>\n&#8211; Dermatologicamente testado<br \/>\n&#8211; Pode ser aplicado em qualquer parte do corpo, inclusive sob luvas<br \/>\n&#8211; \u00c9 removido com \u00e1gua e sabonete<br \/>\n&#8211; Melhor custo-benef\u00edcio: um pote ou uma bisnaga de 200g rendem 200 aplica\u00e7\u00f5es<br \/>\n&#8211; Hipoalerg\u00eanico<\/div>\n<\/td>\n<\/tr>\n<\/tbody>\n<\/table>\n","protected":false},"featured_media":2975,"comment_status":"open","ping_status":"closed","template":"","meta":[],"product_brand":[],"product_cat":[21,95],"product_tag":[],"class_list":{"0":"post-2974","1":"product","2":"type-product","3":"status-publish","4":"has-post-thumbnail","6":"product_cat-cremes","7":"product_cat-mavaro","9":"first","10":"outofstock","11":"taxable","12":"shipping-taxable","13":"product-type-simple"},"_links":{"self":[{"href":"https:\/\/segtotaltreinamentos.com.br\/Loja\/wp-json\/wp\/v2\/product\/2974","targetHints":{"allow":["GET"]}}],"collection":[{"href":"https:\/\/segtotaltreinamentos.com.br\/Loja\/wp-json\/wp\/v2\/product"}],"about":[{"href":"https:\/\/segtotaltreinamentos.com.br\/Loja\/wp-json\/wp\/v2\/types\/product"}],"replies":[{"embeddable":true,"href":"https:\/\/segtotaltreinamentos.com.br\/Loja\/wp-json\/wp\/v2\/comments?post=2974"}],"wp:featuredmedia":[{"embeddable":true,"href":"https:\/\/segtotaltreinamentos.com.br\/Loja\/wp-json\/wp\/v2\/media\/2975"}],"wp:attachment":[{"href":"https:\/\/segtotaltreinamentos.com.br\/Loja\/wp-json\/wp\/v2\/media?parent=2974"}],"wp:term":[{"taxonomy":"product_brand","embeddable":true,"href":"https:\/\/segtotaltreinamentos.com.br\/Loja\/wp-json\/wp\/v2\/product_brand?post=2974"},{"taxonomy":"product_cat","embeddable":true,"href":"https:\/\/segtotaltreinamentos.com.br\/Loja\/wp-json\/wp\/v2\/product_cat?post=2974"},{"taxonomy":"product_tag","embeddable":true,"href":"https:\/\/segtotaltreinamentos.com.br\/Loja\/wp-json\/wp\/v2\/product_tag?post=2974"}],"curies":[{"name":"wp","href":"https:\/\/api.w.org\/{rel}","templated":true}]}}