{"id":2997,"date":"2016-10-18T17:36:31","date_gmt":"2016-10-18T17:36:31","guid":{"rendered":"http:\/\/segtotaltreinamentos.com.br\/Loja\/?post_type=product&#038;p=2997"},"modified":"2020-02-17T12:33:13","modified_gmt":"2020-02-17T12:33:13","slug":"oculos-de-seguranca-turbine","status":"publish","type":"product","link":"https:\/\/segtotaltreinamentos.com.br\/Loja\/produto\/oculos-de-seguranca-turbine\/","title":{"rendered":"\u00d3culos de Seguran\u00e7a &#8211; TURBINE"},"content":{"rendered":"<p><a href=\"https:\/\/segtotaltreinamentos.com.br\/Loja\/wp-content\/uploads\/2016\/10\/FT-OCULOS-VICSA-TURBINE-VIC58110-CA20717-2.pdf\">ft-oculos-vicsa-turbine-vic58110-ca20717-2<\/a><\/p>\n","protected":false},"excerpt":{"rendered":"<div id=\"produto-txt\">\n<div class=\"box-m\">\n<div class=\"titbox\">Principais Caracter\u00edsticas<\/div>\n<p>Lente de prote\u00e7\u00e3o em policarbonato<\/p>\n<p>Prote\u00e7\u00e3o interna remov\u00edvel em espuma<\/p>\n<p>Haste vazada tipo esp\u00e1tula com el\u00e1stico<\/p>\n<p>Para Gradua\u00e7\u00e3o<\/p>\n<p>Antirrisco e Antiemba\u00e7ante<\/p>\n<\/div>\n<div class=\"box-m\">\n<div class=\"titbox\">Principais Aplica\u00e7\u00f5es<\/div>\n<p>Contra impactos de part\u00edculas volantes<\/p>\n<\/div>\n<\/div>\n<div class=\"center-content-prod-dest\">\n<div class=\"produto-txt-g\">\n<p>\u00d3culos de seguran\u00e7a com ventila\u00e7\u00e3o indireta, lente de prote\u00e7\u00e3o em policarbonato com tratamento antirrisco, antiemba\u00e7ante e UV.<\/p>\n<p>Com prote\u00e7\u00e3o interna remov\u00edvel em espuma, protetor nasal injetados do mesmo material e haste vazada tipo esp\u00e1tula com el\u00e1stico.<\/p>\n<p>&nbsp;<\/p>\n<p>Lente dispon\u00edvel em duas cores.<\/p>\n<\/div>\n<\/div>\n","protected":false},"featured_media":3000,"comment_status":"open","ping_status":"closed","template":"","meta":[],"product_brand":[],"product_cat":[20,80],"product_tag":[],"class_list":{"0":"post-2997","1":"product","2":"type-product","3":"status-publish","4":"has-post-thumbnail","6":"product_cat-oculos","7":"product_cat-vicza","9":"first","10":"instock","11":"featured","12":"taxable","13":"shipping-taxable","14":"purchasable","15":"product-type-simple"},"_links":{"self":[{"href":"https:\/\/segtotaltreinamentos.com.br\/Loja\/wp-json\/wp\/v2\/product\/2997","targetHints":{"allow":["GET"]}}],"collection":[{"href":"https:\/\/segtotaltreinamentos.com.br\/Loja\/wp-json\/wp\/v2\/product"}],"about":[{"href":"https:\/\/segtotaltreinamentos.com.br\/Loja\/wp-json\/wp\/v2\/types\/product"}],"replies":[{"embeddable":true,"href":"https:\/\/segtotaltreinamentos.com.br\/Loja\/wp-json\/wp\/v2\/comments?post=2997"}],"wp:featuredmedia":[{"embeddable":true,"href":"https:\/\/segtotaltreinamentos.com.br\/Loja\/wp-json\/wp\/v2\/media\/3000"}],"wp:attachment":[{"href":"https:\/\/segtotaltreinamentos.com.br\/Loja\/wp-json\/wp\/v2\/media?parent=2997"}],"wp:term":[{"taxonomy":"product_brand","embeddable":true,"href":"https:\/\/segtotaltreinamentos.com.br\/Loja\/wp-json\/wp\/v2\/product_brand?post=2997"},{"taxonomy":"product_cat","embeddable":true,"href":"https:\/\/segtotaltreinamentos.com.br\/Loja\/wp-json\/wp\/v2\/product_cat?post=2997"},{"taxonomy":"product_tag","embeddable":true,"href":"https:\/\/segtotaltreinamentos.com.br\/Loja\/wp-json\/wp\/v2\/product_tag?post=2997"}],"curies":[{"name":"wp","href":"https:\/\/api.w.org\/{rel}","templated":true}]}}