{"id":3004,"date":"2016-10-18T18:00:26","date_gmt":"2016-10-18T18:00:26","guid":{"rendered":"http:\/\/segtotaltreinamentos.com.br\/Loja\/?post_type=product&#038;p=3004"},"modified":"2021-04-17T14:04:10","modified_gmt":"2021-04-17T14:04:10","slug":"luva-de-seguranca-anti-corte","status":"publish","type":"product","link":"https:\/\/segtotaltreinamentos.com.br\/Loja\/produto\/luva-de-seguranca-anti-corte\/","title":{"rendered":"Luva de seguran\u00e7a anti-corte SF 1010"},"content":{"rendered":"","protected":false},"excerpt":{"rendered":"<div id=\"descricao\">\n<div class=\"titulo\">Descri\u00e7\u00e3o do Produto<\/div>\n<div class=\"texto\">\n<p>Luva de seguran\u00e7a tricotada em fios de elastano, fios de fibra de vidro com polietileno, revestida em Latex Natural Crinkle na face palmar, dedos e face palmar dos dedos, dorso sem revestimento.<br \/>\nIdeal para serralherias, vidra\u00e7aria, etc.<br \/>\nAnti-corte.<\/p>\n<\/div>\n<\/div>\n<div id=\"descricao\">\n<div class=\"titulo\">Especifica\u00e7\u00f5es T\u00e9cnicas<\/div>\n<div class=\"texto\">\n<ul>\n<li>Cod. SUPERFLEXIL1010Peso: 0.10 Kg<br \/>\nQuantidade(s): 1 pe\u00e7a<\/li>\n<\/ul>\n<\/div>\n<\/div>\n","protected":false},"featured_media":3005,"comment_status":"open","ping_status":"closed","template":"","meta":[],"product_brand":[],"product_cat":[6,7,94],"product_tag":[],"class_list":{"0":"post-3004","1":"product","2":"type-product","3":"status-publish","4":"has-post-thumbnail","6":"product_cat-luvas","7":"product_cat-luvas-anticorte","8":"product_cat-supersafety","10":"first","11":"onbackorder","12":"featured","13":"taxable","14":"shipping-taxable","15":"purchasable","16":"product-type-variable"},"_links":{"self":[{"href":"https:\/\/segtotaltreinamentos.com.br\/Loja\/wp-json\/wp\/v2\/product\/3004","targetHints":{"allow":["GET"]}}],"collection":[{"href":"https:\/\/segtotaltreinamentos.com.br\/Loja\/wp-json\/wp\/v2\/product"}],"about":[{"href":"https:\/\/segtotaltreinamentos.com.br\/Loja\/wp-json\/wp\/v2\/types\/product"}],"replies":[{"embeddable":true,"href":"https:\/\/segtotaltreinamentos.com.br\/Loja\/wp-json\/wp\/v2\/comments?post=3004"}],"wp:featuredmedia":[{"embeddable":true,"href":"https:\/\/segtotaltreinamentos.com.br\/Loja\/wp-json\/wp\/v2\/media\/3005"}],"wp:attachment":[{"href":"https:\/\/segtotaltreinamentos.com.br\/Loja\/wp-json\/wp\/v2\/media?parent=3004"}],"wp:term":[{"taxonomy":"product_brand","embeddable":true,"href":"https:\/\/segtotaltreinamentos.com.br\/Loja\/wp-json\/wp\/v2\/product_brand?post=3004"},{"taxonomy":"product_cat","embeddable":true,"href":"https:\/\/segtotaltreinamentos.com.br\/Loja\/wp-json\/wp\/v2\/product_cat?post=3004"},{"taxonomy":"product_tag","embeddable":true,"href":"https:\/\/segtotaltreinamentos.com.br\/Loja\/wp-json\/wp\/v2\/product_tag?post=3004"}],"curies":[{"name":"wp","href":"https:\/\/api.w.org\/{rel}","templated":true}]}}