{"id":3085,"date":"2016-12-07T11:11:10","date_gmt":"2016-12-07T11:11:10","guid":{"rendered":"http:\/\/segtotaltreinamentos.com.br\/Loja\/?post_type=product&#038;p=3085"},"modified":"2016-12-07T17:53:41","modified_gmt":"2016-12-07T17:53:41","slug":"sspig","status":"publish","type":"product","link":"https:\/\/segtotaltreinamentos.com.br\/Loja\/produto\/sspig\/","title":{"rendered":"SSPIG"},"content":{"rendered":"","protected":false},"excerpt":{"rendered":"<div id=\"main-content\">\n<div class=\"container\">\n<div id=\"content-area\" class=\"clearfix\">\n<div id=\"left-area\">\n<article id=\"post-184\" class=\"post-184 page type-page status-publish hentry\">\n<div class=\"entry-content\">\n<table border=\"1\" width=\"100%\" cellspacing=\"0\" cellpadding=\"0\">\n<tbody>\n<tr>\n<td colspan=\"4\">Luvas de seguran\u00e7a, tricotadas com fios de algod\u00e3o e poli\u00e9ster, com antiderrapante em pvc na face palmar,\u00a0acabamento em overloque, punho com elastano.<\/td>\n<\/tr>\n<tr>\n<th colspan=\"2\" align=\"center\" bgcolor=\"#FFCC00\" height=\"21\"><strong>L\u00c1TEX NATURAL<\/strong><\/th>\n<td align=\"center\" bgcolor=\"#FFCC00\" width=\"279\"><strong>APLICA\u00c7\u00c3O\u00a0<\/strong><\/td>\n<td align=\"center\" bgcolor=\"#FFCC00\" width=\"150\"><strong>\u00a0NORMA APLIC\u00c1VEL<\/strong><\/td>\n<\/tr>\n<tr>\n<th bgcolor=\"#E1E1E1\" width=\"270\"><strong>\u00a0Composi\u00e7\u00e3o\u00a0<\/strong><\/th>\n<th bgcolor=\"#E1E1E1\" width=\"330\">70% Algod\u00e3o \/ 30% poli\u00e9ster<\/th>\n<td rowspan=\"10\" valign=\"top\">\u2022 Higiene e limpeza<br \/>\n\u2022 Contru\u00e7\u00e3o civil<br \/>\n\u2022 Transporte<br \/>\n\u2022 Naval, pl\u00e1stica, cer\u00e2mica<br \/>\n\u2022 Jardinagem<br \/>\n\u2022 Metal mec\u00e2nica<br \/>\n\u2022 Uso dom\u00e9stico e outras<\/td>\n<td rowspan=\"10\" valign=\"top\"><strong><img decoding=\"async\" class=\"aligncenter wp-image-185 size-full\" src=\"http:\/\/supersafety.com.br\/wp-content\/uploads\/2016\/08\/EN-388-0021-0130.jpg\" width=\"103\" height=\"186\" \/><\/strong><\/td>\n<\/tr>\n<tr>\n<th><strong>\u00a0Fios<\/strong><\/th>\n<th><strong> 03<\/strong><\/th>\n<\/tr>\n<tr>\n<td bgcolor=\"#E1E1E1\"><strong>\u00a0Acabamento<\/strong><\/td>\n<td bgcolor=\"#E1E1E1\">Palma s\/antiderrapante<\/td>\n<\/tr>\n<tr>\n<td><strong>\u00a0Revest. interno<\/strong><\/td>\n<td>\u00a0\u2013<\/td>\n<\/tr>\n<tr>\n<td bgcolor=\"#E1E1E1\"><strong>\u00a0C.A.<\/strong><\/td>\n<td bgcolor=\"#E1E1E1\">Branca 33.529 \/ Preta 33.818<\/td>\n<\/tr>\n<tr>\n<td><strong>\u00a0Tam. dispon\u00edveis<\/strong><\/td>\n<td><strong>10<\/strong><\/td>\n<\/tr>\n<tr>\n<td bgcolor=\"#E1E1E1\"><strong>\u00a0Embalagem<\/strong><\/td>\n<td bgcolor=\"#E1E1E1\">480\u00a0pares<\/td>\n<\/tr>\n<tr>\n<td><strong>\u00a0Cor<\/strong><\/td>\n<td>Mesclado \/ Branco \/ Preto<\/td>\n<\/tr>\n<tr>\n<td bgcolor=\"#E1E1E1\"><strong>\u00a0<\/strong><\/td>\n<td bgcolor=\"#E1E1E1\"><strong>\u00a0<\/strong><\/td>\n<\/tr>\n<tr>\n<td><strong>\u00a0<\/strong><\/td>\n<td><strong>\u00a0<\/strong><\/td>\n<\/tr>\n<\/tbody>\n<\/table>\n<p>&nbsp;<\/p>\n<\/div>\n<\/article>\n<\/div>\n<\/div>\n<\/div>\n<\/div>\n","protected":false},"featured_media":3086,"comment_status":"open","ping_status":"closed","template":"","meta":[],"product_brand":[],"product_cat":[6,50,94],"product_tag":[],"class_list":{"0":"post-3085","1":"product","2":"type-product","3":"status-publish","4":"has-post-thumbnail","6":"product_cat-luvas","7":"product_cat-perfuracao","8":"product_cat-supersafety","10":"first","11":"outofstock","12":"taxable","13":"shipping-taxable","14":"purchasable","15":"product-type-simple"},"_links":{"self":[{"href":"https:\/\/segtotaltreinamentos.com.br\/Loja\/wp-json\/wp\/v2\/product\/3085","targetHints":{"allow":["GET"]}}],"collection":[{"href":"https:\/\/segtotaltreinamentos.com.br\/Loja\/wp-json\/wp\/v2\/product"}],"about":[{"href":"https:\/\/segtotaltreinamentos.com.br\/Loja\/wp-json\/wp\/v2\/types\/product"}],"replies":[{"embeddable":true,"href":"https:\/\/segtotaltreinamentos.com.br\/Loja\/wp-json\/wp\/v2\/comments?post=3085"}],"wp:featuredmedia":[{"embeddable":true,"href":"https:\/\/segtotaltreinamentos.com.br\/Loja\/wp-json\/wp\/v2\/media\/3086"}],"wp:attachment":[{"href":"https:\/\/segtotaltreinamentos.com.br\/Loja\/wp-json\/wp\/v2\/media?parent=3085"}],"wp:term":[{"taxonomy":"product_brand","embeddable":true,"href":"https:\/\/segtotaltreinamentos.com.br\/Loja\/wp-json\/wp\/v2\/product_brand?post=3085"},{"taxonomy":"product_cat","embeddable":true,"href":"https:\/\/segtotaltreinamentos.com.br\/Loja\/wp-json\/wp\/v2\/product_cat?post=3085"},{"taxonomy":"product_tag","embeddable":true,"href":"https:\/\/segtotaltreinamentos.com.br\/Loja\/wp-json\/wp\/v2\/product_tag?post=3085"}],"curies":[{"name":"wp","href":"https:\/\/api.w.org\/{rel}","templated":true}]}}