{"id":3089,"date":"2016-12-07T11:20:08","date_gmt":"2016-12-07T11:20:08","guid":{"rendered":"http:\/\/segtotaltreinamentos.com.br\/Loja\/?post_type=product&#038;p=3089"},"modified":"2016-12-09T13:48:57","modified_gmt":"2016-12-09T13:48:57","slug":"oculos-de-protecao-super-safety-ss9","status":"publish","type":"product","link":"https:\/\/segtotaltreinamentos.com.br\/Loja\/produto\/oculos-de-protecao-super-safety-ss9\/","title":{"rendered":"\u00d3CULOS DE PROTE\u00c7\u00c3O SUPER SAFETY &#8211; SS9"},"content":{"rendered":"","protected":false},"excerpt":{"rendered":"<p>As hastes s\u00e3o confeccionadas do mesmo material da arma\u00e7\u00e3o, e s\u00e3o fixadas \u00e0s extremidades do visor atrav\u00e9s de parafusos met\u00e1licos.<\/p>\n<p><span style=\"font-family: verdana; font-size: large;\">hastes tipo esp\u00e1tula confeccionadas do mesmo material do arco. As hastes s\u00e3o constitu\u00eddas de duas pe\u00e7as: uma semi-haste vazada com uma das extremidades presas ao arco por meio de parafuso de plastico super resistente e outra semi-haste que se encaixa na outra extremidade da semi-haste anterior<\/span><\/p>\n<p><span style=\"font-family: verdana; font-size: large;\"><br \/>\nAprovado Para: PROTE\u00c7\u00c3O DOS OLHOS DO USU\u00c1RIO CONTRA IMPACTOS DE PART\u00cdCULAS VOLANTES MULTIDIRECIONAIS E LUMINOSIDADE INTENSA NO CASO DOS VISORES CINZA E VERDE.\u00a0<\/span><\/p>\n","protected":false},"featured_media":3172,"comment_status":"open","ping_status":"closed","template":"","meta":[],"product_brand":[],"product_cat":[98,20,94],"product_tag":[],"class_list":{"0":"post-3089","1":"product","2":"type-product","3":"status-publish","4":"has-post-thumbnail","6":"product_cat-ampla-visao","7":"product_cat-oculos","8":"product_cat-supersafety","10":"first","11":"outofstock","12":"taxable","13":"shipping-taxable","14":"purchasable","15":"product-type-simple"},"_links":{"self":[{"href":"https:\/\/segtotaltreinamentos.com.br\/Loja\/wp-json\/wp\/v2\/product\/3089","targetHints":{"allow":["GET"]}}],"collection":[{"href":"https:\/\/segtotaltreinamentos.com.br\/Loja\/wp-json\/wp\/v2\/product"}],"about":[{"href":"https:\/\/segtotaltreinamentos.com.br\/Loja\/wp-json\/wp\/v2\/types\/product"}],"replies":[{"embeddable":true,"href":"https:\/\/segtotaltreinamentos.com.br\/Loja\/wp-json\/wp\/v2\/comments?post=3089"}],"wp:featuredmedia":[{"embeddable":true,"href":"https:\/\/segtotaltreinamentos.com.br\/Loja\/wp-json\/wp\/v2\/media\/3172"}],"wp:attachment":[{"href":"https:\/\/segtotaltreinamentos.com.br\/Loja\/wp-json\/wp\/v2\/media?parent=3089"}],"wp:term":[{"taxonomy":"product_brand","embeddable":true,"href":"https:\/\/segtotaltreinamentos.com.br\/Loja\/wp-json\/wp\/v2\/product_brand?post=3089"},{"taxonomy":"product_cat","embeddable":true,"href":"https:\/\/segtotaltreinamentos.com.br\/Loja\/wp-json\/wp\/v2\/product_cat?post=3089"},{"taxonomy":"product_tag","embeddable":true,"href":"https:\/\/segtotaltreinamentos.com.br\/Loja\/wp-json\/wp\/v2\/product_tag?post=3089"}],"curies":[{"name":"wp","href":"https:\/\/api.w.org\/{rel}","templated":true}]}}