{"id":3094,"date":"2016-12-07T13:19:36","date_gmt":"2016-12-07T13:19:36","guid":{"rendered":"http:\/\/segtotaltreinamentos.com.br\/Loja\/?post_type=product&#038;p=3094"},"modified":"2016-12-07T17:30:39","modified_gmt":"2016-12-07T17:30:39","slug":"luva-cut-volk","status":"publish","type":"product","link":"https:\/\/segtotaltreinamentos.com.br\/Loja\/produto\/luva-cut-volk\/","title":{"rendered":"Luva Cut Volk"},"content":{"rendered":"","protected":false},"excerpt":{"rendered":"<h3>Descri\u00e7\u00e3o<\/h3>\n<p>Luva de seguran\u00e7a tricotada com fios sint\u00e9ticos, revestida na palma, face palmar e pontas dos dedos com poliuretano, punho com elastano.<\/p>\n<hr \/>\n<h4>Especifica\u00e7\u00f5es<\/h4>\n<p><strong>CA: <\/strong><a href=\"https:\/\/consultaca.com\/ca33749\">33.749<\/a> \/ <a href=\"https:\/\/consultaca.com\/ca37266\">37.266<\/a><br \/>\n<strong>Tamanhos: <\/strong>7(P) \u00a08(M) \u00a09(G) \u00a010(EG)<br \/>\n<strong>Uso: <\/strong>Reutiliz\u00e1vel<br \/>\n<strong>Formato: <\/strong>Anat\u00f4mico<br \/>\n<strong>Estrutura: <\/strong>Suporte T\u00eaxtil<br \/>\n<strong>Modelo da Estrutura: <\/strong>Tricotado<br \/>\n<strong>Material Suporte: <\/strong>Fios sint\u00e9ticos de alta performance<br \/>\n<strong>Punho: <\/strong>Tricotado<br \/>\n<strong>Embalagem: <\/strong>Pacote com 12 pares. Caixa com 144 pares.<br \/>\n<strong>Grip: <\/strong>Liso<\/p>\n<hr \/>\n<h4>Vantagens e benef\u00edcios<\/h4>\n<p><strong>EXCELENTE PROTE\u00c7\u00c3O\u00a0&#8211;\u00a0<\/strong>Fios especiais de polietileno de alta performance: excelente resist\u00eancia mec\u00e2nica, especialmente a abras\u00e3o e corte<\/p>\n<p><strong>MACIEZ E CONFORTO:<\/strong>\u00a0Fibra macia resistente a\u00a0corte que\u00a0adapta muito bem a m\u00e3o do usu\u00e1rio<\/p>\n<p><strong>M\u00c3OS AREJADAS<\/strong>\u00a0&#8211; Dorso ventilado permite \u00f3tima ventila\u00e7\u00e3o deixando a m\u00e3o arejada<\/p>\n<p><strong>RESIST\u00caNCIA E PRECIS\u00c3O DE MOVIMENTOS EM OBJETOS SECOS OU OLEOSOS<\/strong>\u00a0&#8211; Revestimento em poliuretano na palma e ponta dos dedos &#8211; aumenta a resist\u00eancia a abras\u00e3o, oferece ader\u00eancia segura e precis\u00e3o dos movimentos<\/p>\n<p><strong>FORMATO ANAT\u00d4MICO<\/strong>\u00a0&#8211; Redu\u00e7\u00e3o da fadiga muscular<\/p>\n<p><strong>TAMANHOS DIFERENCIADOS POR CORES<\/strong>\u00a0&#8211; Diferencia\u00e7\u00e3o nas cores do punho, facilitando a identifica\u00e7\u00e3o dos tamanhos<\/p>\n<p><strong>REDU\u00c7\u00c3O DE CUSTO\u00a0&#8211;\u00a0<\/strong>Luvas lav\u00e1veis e reutiliz\u00e1veis. Aumenta consideravelmente o ciclo de vida da luva e reduz os custos da empresa<\/p>\n<h4>Aplica\u00e7\u00f5es<\/h4>\n<p>Indicada para trabalhos realizados em ambientes secos e \u00famidos,\u00a0sob temperatura ambiente,\u00a0com risco de corte e necessidade de sensibilidade t\u00e1til,\u00a0moderada a alta. Oferece ainda elasticidade e flexibilidade de movimentos,\u00a0com pouca ou sem presen\u00e7a de \u00f3leo. Em opera\u00e7\u00f5es como manuseio de pe\u00e7as ou chapas cortantes de madeira, metais,\u00a0vidro, cer\u00e2mica e outros. Trabalhos com risco de corte de estilete, montagem de estruturas met\u00e1licas, mec\u00e2nica de alta precis\u00e3o, inje\u00e7\u00e3o pl\u00e1stica e v\u00e1rias outras atividades.<\/p>\n<hr \/>\n<h4>Potenciais clientes<\/h4>\n<p>Ind\u00fastrias metalmec\u00e2nica, automotiva, naval, metal\u00fargicas, ind\u00fastrias eletroeletr\u00f4nica, aeron\u00e1utica, eletrodom\u00e9sticos, pl\u00e1sticas, ind\u00fastrias de vidro e bebidas, constru\u00e7\u00e3o civil, madeireiras, ind\u00fastria moveleira, cal\u00e7adista, implementos agr\u00edcolas e outros.<\/p>\n","protected":false},"featured_media":3095,"comment_status":"open","ping_status":"closed","template":"","meta":[],"product_brand":[],"product_cat":[6,7,86],"product_tag":[],"class_list":{"0":"post-3094","1":"product","2":"type-product","3":"status-publish","4":"has-post-thumbnail","6":"product_cat-luvas","7":"product_cat-luvas-anticorte","8":"product_cat-volk","10":"first","11":"outofstock","12":"taxable","13":"shipping-taxable","14":"purchasable","15":"product-type-simple"},"_links":{"self":[{"href":"https:\/\/segtotaltreinamentos.com.br\/Loja\/wp-json\/wp\/v2\/product\/3094","targetHints":{"allow":["GET"]}}],"collection":[{"href":"https:\/\/segtotaltreinamentos.com.br\/Loja\/wp-json\/wp\/v2\/product"}],"about":[{"href":"https:\/\/segtotaltreinamentos.com.br\/Loja\/wp-json\/wp\/v2\/types\/product"}],"replies":[{"embeddable":true,"href":"https:\/\/segtotaltreinamentos.com.br\/Loja\/wp-json\/wp\/v2\/comments?post=3094"}],"wp:featuredmedia":[{"embeddable":true,"href":"https:\/\/segtotaltreinamentos.com.br\/Loja\/wp-json\/wp\/v2\/media\/3095"}],"wp:attachment":[{"href":"https:\/\/segtotaltreinamentos.com.br\/Loja\/wp-json\/wp\/v2\/media?parent=3094"}],"wp:term":[{"taxonomy":"product_brand","embeddable":true,"href":"https:\/\/segtotaltreinamentos.com.br\/Loja\/wp-json\/wp\/v2\/product_brand?post=3094"},{"taxonomy":"product_cat","embeddable":true,"href":"https:\/\/segtotaltreinamentos.com.br\/Loja\/wp-json\/wp\/v2\/product_cat?post=3094"},{"taxonomy":"product_tag","embeddable":true,"href":"https:\/\/segtotaltreinamentos.com.br\/Loja\/wp-json\/wp\/v2\/product_tag?post=3094"}],"curies":[{"name":"wp","href":"https:\/\/api.w.org\/{rel}","templated":true}]}}