{"id":3158,"date":"2016-12-08T17:16:06","date_gmt":"2016-12-08T17:16:06","guid":{"rendered":"http:\/\/segtotaltreinamentos.com.br\/Loja\/?post_type=product&#038;p=3158"},"modified":"2017-02-22T19:55:35","modified_gmt":"2017-02-22T19:55:35","slug":"oculos-ra","status":"publish","type":"product","link":"https:\/\/segtotaltreinamentos.com.br\/Loja\/produto\/oculos-ra\/","title":{"rendered":"\u00d3culos &#8211; R\u00e3"},"content":{"rendered":"<p><a href=\"https:\/\/segtotaltreinamentos.com.br\/Loja\/wp-content\/uploads\/2016\/12\/Kalipso_boletim_tecnico_oculos_R\u00e3.pdf\">Kalipso_boletim_tecnico_oculos_R\u00e3<\/a><\/p>\n","protected":false},"excerpt":{"rendered":"<table>\n<tbody>\n<tr>\n<td><strong>REF.<\/strong><\/td>\n<td><strong>LENTES<\/strong><\/td>\n<td><strong>VENTILA\u00c7\u00c3O<\/strong><\/td>\n<\/tr>\n<tr>\n<td>\u00a001.10.1.2<\/td>\n<td>\u00a0INCOLOR<\/td>\n<td>\u00a0PERFURADO<\/td>\n<\/tr>\n<tr>\n<td>\u00a001.10.1.1<\/td>\n<td>\u00a0INCOLOR<\/td>\n<td>\u00a0COM VALVULA<\/td>\n<\/tr>\n<tr>\n<td>\u00a001.10.2.1<\/td>\n<td>\u00a0INCOLOR AF*<\/td>\n<td>\u00a0COM VALVULA<\/td>\n<\/tr>\n<tr>\n<td colspan=\"3\">\u00a0*AF &#8211;\u00a0Antiemba\u00e7ante<\/td>\n<\/tr>\n<\/tbody>\n<\/table>\n<p><b>Descri\u00e7\u00e3o: <\/b><\/p>\n<ul>\u00d3culos de seguran\u00e7a, modelo ampla-vis\u00e3o, constitu\u00eddos de arma\u00e7\u00e3o confeccionada em uma \u00fanica pe\u00e7a de PVC flex\u00edvel transparente, com ventila\u00e7\u00e3o direta composta de orif\u00edcios no modelo perfurado e duas v\u00e1lvulas localizadas na parte inferior e superior da arma\u00e7\u00e3o para ventila\u00e7\u00e3o indireta no modelo valvulado e visor de policarbonato incolor.<\/ul>\n<p>&nbsp;<\/p>\n","protected":false},"featured_media":3159,"comment_status":"open","ping_status":"closed","template":"","meta":[],"product_brand":[],"product_cat":[98,100,20],"product_tag":[],"class_list":{"0":"post-3158","1":"product","2":"type-product","3":"status-publish","4":"has-post-thumbnail","6":"product_cat-ampla-visao","7":"product_cat-kalipso","8":"product_cat-oculos","10":"first","11":"outofstock","12":"taxable","13":"shipping-taxable","14":"purchasable","15":"product-type-simple"},"_links":{"self":[{"href":"https:\/\/segtotaltreinamentos.com.br\/Loja\/wp-json\/wp\/v2\/product\/3158","targetHints":{"allow":["GET"]}}],"collection":[{"href":"https:\/\/segtotaltreinamentos.com.br\/Loja\/wp-json\/wp\/v2\/product"}],"about":[{"href":"https:\/\/segtotaltreinamentos.com.br\/Loja\/wp-json\/wp\/v2\/types\/product"}],"replies":[{"embeddable":true,"href":"https:\/\/segtotaltreinamentos.com.br\/Loja\/wp-json\/wp\/v2\/comments?post=3158"}],"wp:featuredmedia":[{"embeddable":true,"href":"https:\/\/segtotaltreinamentos.com.br\/Loja\/wp-json\/wp\/v2\/media\/3159"}],"wp:attachment":[{"href":"https:\/\/segtotaltreinamentos.com.br\/Loja\/wp-json\/wp\/v2\/media?parent=3158"}],"wp:term":[{"taxonomy":"product_brand","embeddable":true,"href":"https:\/\/segtotaltreinamentos.com.br\/Loja\/wp-json\/wp\/v2\/product_brand?post=3158"},{"taxonomy":"product_cat","embeddable":true,"href":"https:\/\/segtotaltreinamentos.com.br\/Loja\/wp-json\/wp\/v2\/product_cat?post=3158"},{"taxonomy":"product_tag","embeddable":true,"href":"https:\/\/segtotaltreinamentos.com.br\/Loja\/wp-json\/wp\/v2\/product_tag?post=3158"}],"curies":[{"name":"wp","href":"https:\/\/api.w.org\/{rel}","templated":true}]}}