{"id":3165,"date":"2016-12-09T13:15:59","date_gmt":"2016-12-09T13:15:59","guid":{"rendered":"http:\/\/segtotaltreinamentos.com.br\/Loja\/index.php\/produto\/oculos-leopardo-tonalidade\/"},"modified":"2024-04-27T13:41:33","modified_gmt":"2024-04-27T13:41:33","slug":"oculos-leopardo-tonalidade","status":"publish","type":"product","link":"https:\/\/segtotaltreinamentos.com.br\/Loja\/produto\/oculos-leopardo-tonalidade\/","title":{"rendered":"\u00d3culos &#8211; Leopardo Tonalidade CA 11268 01.04.1.2 Cinza"},"content":{"rendered":"<p><a href=\"https:\/\/segtotaltreinamentos.com.br\/Loja\/wp-content\/uploads\/2016\/12\/Kalipso_boletim_tecnico_oculos_Leopardo_.pdf\">Kalipso_boletim_tecnico_oculos_Leopardo_<\/a><\/p>\n<p>Valor por unidade.<\/p>\n","protected":false},"excerpt":{"rendered":"<p><b>Descri\u00e7\u00e3o: <\/b> \u00d3culos de seguran\u00e7a com arma\u00e7\u00e3o e visor confeccionados em uma \u00fanica pe\u00e7a de policarbonato com ponte e apoio nasal injetado na mesma pe\u00e7a e hastes tipo esp\u00e1tula.<\/p>\n<table>\n<tbody>\n<tr>\n<td><strong>REF.<\/strong><\/td>\n<td><strong>LENTES<\/strong><\/td>\n<\/tr>\n<tr>\n<td>01.04.1.1<\/td>\n<td>AMARELO<\/td>\n<\/tr>\n<tr>\n<td>\u00a001.04.1.2<\/td>\n<td>\u00a0CINZA<\/td>\n<\/tr>\n<tr>\n<td>\u00a001.04.1.3<\/td>\n<td>INCOLOR<\/td>\n<\/tr>\n<tr>\n<td>\u00a001.04.1.4<\/td>\n<td>\u00a0VERDE<\/td>\n<\/tr>\n<tr>\n<td>\u00a001.04.2.1<\/td>\n<td>\u00a0AMARELO AF\u00b9<\/td>\n<\/tr>\n<tr>\n<td>\u00a001.04.2.2<\/td>\n<td>\u00a0CINZA AF\u00b9<\/td>\n<\/tr>\n<tr>\n<td>\u00a001.04.2.3<\/td>\n<td>\u00a0INCOLOR AF\u00b9<\/td>\n<\/tr>\n<tr>\n<td>\u00a001.04.2.4<\/td>\n<td>\u00a0VERDE AF\u00b9<\/td>\n<\/tr>\n<tr>\n<td>\u00a001.04.3.1<\/td>\n<td>\u00a0Tonalidade 3<\/td>\n<\/tr>\n<tr>\n<td>\u00a001.04.3.2<\/td>\n<td>\u00a0Tonalidade 5<\/td>\n<\/tr>\n<tr>\n<td>\u00a001.04.4.2<\/td>\n<td>\u00a0CINZA ESPELHADO<\/td>\n<\/tr>\n<tr>\n<td>\u00a001.04.4.3<\/td>\n<td>\u00a0INCOLOR ESPELHADO I\/O\u00b2<\/td>\n<\/tr>\n<tr>\n<td colspan=\"2\">\u00b9 AF-Antiemba\u00e7ante<\/td>\n<\/tr>\n<tr>\n<td colspan=\"2\">\u00b2 Lente espelhada\u00a0(UV400)<\/td>\n<\/tr>\n<\/tbody>\n<\/table>\n","protected":false},"featured_media":3166,"comment_status":"open","ping_status":"closed","template":"","meta":[],"product_brand":[],"product_cat":[100,20],"product_tag":[],"class_list":{"0":"post-3165","1":"product","2":"type-product","3":"status-publish","4":"has-post-thumbnail","6":"product_cat-kalipso","7":"product_cat-oculos","9":"first","10":"instock","11":"featured","12":"taxable","13":"shipping-taxable","14":"purchasable","15":"product-type-simple"},"_links":{"self":[{"href":"https:\/\/segtotaltreinamentos.com.br\/Loja\/wp-json\/wp\/v2\/product\/3165","targetHints":{"allow":["GET"]}}],"collection":[{"href":"https:\/\/segtotaltreinamentos.com.br\/Loja\/wp-json\/wp\/v2\/product"}],"about":[{"href":"https:\/\/segtotaltreinamentos.com.br\/Loja\/wp-json\/wp\/v2\/types\/product"}],"replies":[{"embeddable":true,"href":"https:\/\/segtotaltreinamentos.com.br\/Loja\/wp-json\/wp\/v2\/comments?post=3165"}],"wp:featuredmedia":[{"embeddable":true,"href":"https:\/\/segtotaltreinamentos.com.br\/Loja\/wp-json\/wp\/v2\/media\/3166"}],"wp:attachment":[{"href":"https:\/\/segtotaltreinamentos.com.br\/Loja\/wp-json\/wp\/v2\/media?parent=3165"}],"wp:term":[{"taxonomy":"product_brand","embeddable":true,"href":"https:\/\/segtotaltreinamentos.com.br\/Loja\/wp-json\/wp\/v2\/product_brand?post=3165"},{"taxonomy":"product_cat","embeddable":true,"href":"https:\/\/segtotaltreinamentos.com.br\/Loja\/wp-json\/wp\/v2\/product_cat?post=3165"},{"taxonomy":"product_tag","embeddable":true,"href":"https:\/\/segtotaltreinamentos.com.br\/Loja\/wp-json\/wp\/v2\/product_tag?post=3165"}],"curies":[{"name":"wp","href":"https:\/\/api.w.org\/{rel}","templated":true}]}}