{"id":3170,"date":"2016-12-09T13:32:58","date_gmt":"2016-12-09T13:32:58","guid":{"rendered":"http:\/\/segtotaltreinamentos.com.br\/Loja\/index.php\/produto\/respirador-3m-8822-desc-valvulado-ca5657\/"},"modified":"2020-12-22T20:33:52","modified_gmt":"2020-12-22T20:33:52","slug":"respirador-3m-8822-desc-valvulado-ca5657","status":"publish","type":"product","link":"https:\/\/segtotaltreinamentos.com.br\/Loja\/produto\/respirador-3m-8822-desc-valvulado-ca5657\/","title":{"rendered":"RESPIRADOR 3M 8822 DESC VALVULADO CA5657"},"content":{"rendered":"<ul class=\"MMM--pdpList SNAPS--bullets js--bnftsPdPList\">\n<li>Classe PFF-2 (S)<\/li>\n<li>Filtro 3M com tratamento eletrost\u00e1tico \u2013 f\u00e1cil para respirar com alta capacidade de reten\u00e7\u00e3o de part\u00edculas.<\/li>\n<li>V\u00e1lvula 3M Cool Flow &#8211; Posicionada frontalmente, abre facilmente na expira\u00e7\u00e3o, reduzindo o calor e umidade dentro do respirador e facilitando a respira\u00e7\u00e3o. Na inspira\u00e7\u00e3o, retorna \u00e0 posi\u00e7\u00e3o inicial sem deixar frestas.<\/li>\n<li>CA: 5657<\/li>\n<\/ul>\n","protected":false},"excerpt":{"rendered":"<p>Classe PFF-2 (S) Filtro 3M com tratamento eletrost\u00e1tico \u2013 f\u00e1cil para respirar com alta capacidade de reten\u00e7\u00e3o de part\u00edculas. V\u00e1lvula&hellip;<\/p>\n","protected":false},"featured_media":3171,"comment_status":"open","ping_status":"closed","template":"","meta":[],"product_brand":[],"product_cat":[60,24,46],"product_tag":[],"class_list":{"0":"post-3170","1":"product","2":"type-product","3":"status-publish","4":"has-post-thumbnail","6":"product_cat-3m","7":"product_cat-respirador","8":"product_cat-semi-facial","10":"first","11":"outofstock","12":"taxable","13":"shipping-taxable","14":"purchasable","15":"product-type-simple"},"_links":{"self":[{"href":"https:\/\/segtotaltreinamentos.com.br\/Loja\/wp-json\/wp\/v2\/product\/3170","targetHints":{"allow":["GET"]}}],"collection":[{"href":"https:\/\/segtotaltreinamentos.com.br\/Loja\/wp-json\/wp\/v2\/product"}],"about":[{"href":"https:\/\/segtotaltreinamentos.com.br\/Loja\/wp-json\/wp\/v2\/types\/product"}],"replies":[{"embeddable":true,"href":"https:\/\/segtotaltreinamentos.com.br\/Loja\/wp-json\/wp\/v2\/comments?post=3170"}],"wp:featuredmedia":[{"embeddable":true,"href":"https:\/\/segtotaltreinamentos.com.br\/Loja\/wp-json\/wp\/v2\/media\/3171"}],"wp:attachment":[{"href":"https:\/\/segtotaltreinamentos.com.br\/Loja\/wp-json\/wp\/v2\/media?parent=3170"}],"wp:term":[{"taxonomy":"product_brand","embeddable":true,"href":"https:\/\/segtotaltreinamentos.com.br\/Loja\/wp-json\/wp\/v2\/product_brand?post=3170"},{"taxonomy":"product_cat","embeddable":true,"href":"https:\/\/segtotaltreinamentos.com.br\/Loja\/wp-json\/wp\/v2\/product_cat?post=3170"},{"taxonomy":"product_tag","embeddable":true,"href":"https:\/\/segtotaltreinamentos.com.br\/Loja\/wp-json\/wp\/v2\/product_tag?post=3170"}],"curies":[{"name":"wp","href":"https:\/\/api.w.org\/{rel}","templated":true}]}}