{"id":3246,"date":"2017-01-16T19:08:25","date_gmt":"2017-01-16T19:08:25","guid":{"rendered":"http:\/\/segtotaltreinamentos.com.br\/Loja\/?post_type=product&#038;p=3246"},"modified":"2017-02-07T21:24:05","modified_gmt":"2017-02-07T21:24:05","slug":"uniforme-nr-10","status":"publish","type":"product","link":"https:\/\/segtotaltreinamentos.com.br\/Loja\/produto\/uniforme-nr-10\/","title":{"rendered":"Uniforme NR-10"},"content":{"rendered":"","protected":false},"excerpt":{"rendered":"<p><span class=\"text_style_c\">Tecido leve que proporciona comodidade ao usu\u00e1rio.<\/span><\/p>\n<p>Tem tecnologia nacional testada e aprovada.<br \/>\nComposi\u00e7\u00e3o: 67\u2030 poli\u00e9ster 33\u2030 algod\u00e3o com arma\u00e7\u00e3o em sarja 2 x 1 e peso de 226 g\/ma.<br \/>\nMuitos setores da ind\u00fastria e do com\u00e9rcio exigem que seus profissionais atuem tanto na execu\u00e7\u00e3o de trabalhos em ambientes com presen\u00e7a de \u00e1gua, \u00f3leos e graxas, bem como mantenham constante contato com o p\u00fablico. Isto exige que os uniformes tenham tratamento de repel\u00eancia a \u00e1gua, \u00f3leo e graxa.<\/p>\n<p>Para esta aplica\u00e7\u00e3o, a Commanders Uniformes Profissionais em parceria com a Cia T\u00eaxtil Cedro &amp; Cachoeira, produz uniformes confeccionados com o tecido CEDRO TECH [SR]. Estes uniformes s\u00e3o ideais para ambientes com forte presen\u00e7a de \u00e1gua, \u00f3leo e graxas. Esse tecido dificulta a ader\u00eancia dessas subst\u00e2ncias o que prolonga a vida \u00fatil dos uniformes.<\/p>\n<p>N\u00f3s indicamos estes uniformes para: turismo, esporte, ind\u00fastria automobil\u00edstica, farmac\u00eautica, aliment\u00edcia, servi\u00e7os de coleta de lixo e aplica\u00e7\u00e3o de defensivos agr\u00edcolas.<\/p>\n<p>O tecido Cedrotech [SR] foi testado e aprovado por normas internacionais, como: ATCC TM 22 \/ ISO 4290 &#8211; AATCC TM 193 AATCC TM 118 \/ ISO 144194.<\/p>\n","protected":false},"featured_media":3247,"comment_status":"open","ping_status":"closed","template":"","meta":[],"product_brand":[],"product_cat":[103,102],"product_tag":[],"class_list":{"0":"post-3246","1":"product","2":"type-product","3":"status-publish","4":"has-post-thumbnail","6":"product_cat-commanders","7":"product_cat-uniforme-nr-10","9":"first","10":"outofstock","11":"taxable","12":"shipping-taxable","13":"product-type-simple"},"_links":{"self":[{"href":"https:\/\/segtotaltreinamentos.com.br\/Loja\/wp-json\/wp\/v2\/product\/3246","targetHints":{"allow":["GET"]}}],"collection":[{"href":"https:\/\/segtotaltreinamentos.com.br\/Loja\/wp-json\/wp\/v2\/product"}],"about":[{"href":"https:\/\/segtotaltreinamentos.com.br\/Loja\/wp-json\/wp\/v2\/types\/product"}],"replies":[{"embeddable":true,"href":"https:\/\/segtotaltreinamentos.com.br\/Loja\/wp-json\/wp\/v2\/comments?post=3246"}],"wp:featuredmedia":[{"embeddable":true,"href":"https:\/\/segtotaltreinamentos.com.br\/Loja\/wp-json\/wp\/v2\/media\/3247"}],"wp:attachment":[{"href":"https:\/\/segtotaltreinamentos.com.br\/Loja\/wp-json\/wp\/v2\/media?parent=3246"}],"wp:term":[{"taxonomy":"product_brand","embeddable":true,"href":"https:\/\/segtotaltreinamentos.com.br\/Loja\/wp-json\/wp\/v2\/product_brand?post=3246"},{"taxonomy":"product_cat","embeddable":true,"href":"https:\/\/segtotaltreinamentos.com.br\/Loja\/wp-json\/wp\/v2\/product_cat?post=3246"},{"taxonomy":"product_tag","embeddable":true,"href":"https:\/\/segtotaltreinamentos.com.br\/Loja\/wp-json\/wp\/v2\/product_tag?post=3246"}],"curies":[{"name":"wp","href":"https:\/\/api.w.org\/{rel}","templated":true}]}}