{"id":3256,"date":"2017-01-20T18:09:42","date_gmt":"2017-01-20T18:09:42","guid":{"rendered":"http:\/\/segtotaltreinamentos.com.br\/Loja\/?post_type=product&#038;p=3256"},"modified":"2017-09-08T13:23:41","modified_gmt":"2017-09-08T13:23:41","slug":"luva-latex-e-neoprene-bicolor-volk","status":"publish","type":"product","link":"https:\/\/segtotaltreinamentos.com.br\/Loja\/produto\/luva-latex-e-neoprene-bicolor-volk\/","title":{"rendered":"Luva L\u00e1tex e Neoprene Bicolor Volk"},"content":{"rendered":"<p><a href=\"https:\/\/segtotaltreinamentos.com.br\/Loja\/wp-content\/uploads\/2017\/01\/21-05082016100655.pdf\">21-05082016100655<\/a><\/p>\n","protected":false},"excerpt":{"rendered":"<h3>Descri\u00e7\u00e3o<\/h3>\n<p>Luva de seguran\u00e7a confeccionada em l\u00e1tex\/neoprene, forrada com flocos de algod\u00e3o, superf\u00edcie externa antiderrapante (tipo colmeia) na palma e dedos.<\/p>\n<hr \/>\n<h4>Especifica\u00e7\u00f5es<\/h4>\n<p><strong>CA: <\/strong>16779<br \/>\n<strong>Comprimento: <\/strong>30cm<br \/>\n<strong>Tamanhos: <\/strong>7 (P), 8(M), 9(G), 10(EG)<br \/>\n<strong>Espessura:<\/strong>\u00a00,70mm<br \/>\n<strong>Uso: <\/strong>Reutiliz\u00e1vel<br \/>\n<strong>Formato: <\/strong>Anat\u00f4mico<br \/>\n<strong>Estrutura: <\/strong>Sem Suporte T\u00eaxtil<br \/>\n<strong>Acabamento interno: <\/strong>Flocado<br \/>\n<strong>Punho: <\/strong>Reto<br \/>\n<strong>Embalagem: <\/strong>Pacote com 12 pares, Caixa com 144 pares<br \/>\n<strong>Grip: <\/strong>Colmeia<\/p>\n<hr \/>\n<h4>Vantagens e benef\u00edcios<\/h4>\n<p><strong>\u00d3TIMA RESIST\u00caNCIA E DURABILIDADE<\/strong>\u00a0&#8211; Confecionada em borracha natural com revestimento em neoprene, proporcionando resist\u00eancia qu\u00edmica e mec\u00e2nica.<\/p>\n<p><strong>PROTE\u00c7\u00c3O T\u00c9RMICA<\/strong>\u00a0&#8211; Resist\u00eancia ao calor de contato de at\u00e9 250\u00baC com intermit\u00eancia de 15 segundos.<\/p>\n<p><strong>CONFORTO E ABSOR\u00c7\u00c3O DO SUOR<\/strong>\u00a0&#8211; Proporcionado pelo forro em algod\u00e3o<\/p>\n<p><strong>ANTIDERRAPANTE<\/strong>\u00a0&#8211; Em formato colmeia, melhora a ader\u00eancia na manipula\u00e7\u00e3o de objetos molhados. Boa ader\u00eancia tamb\u00e9m em superf\u00edcie seca e com alto padr\u00e3o de resist\u00eancia a abras\u00e3o<\/p>\n<p><strong>FORMATO ANAT\u00d4MICO<\/strong>\u00a0&#8211;\u00a0Redu\u00e7\u00e3o da fadiga muscular<\/p>\n<p><strong>PUNHO RETO<\/strong>\u00a0&#8211; Permite maior\u00a0ventila\u00e7\u00e3o, al\u00e9m disso, evita que materiais fiquem impregnados no punho da luva<\/p>\n<p><strong>REDU\u00c7\u00c3O DE CUSTOS<\/strong>\u00a0&#8211;\u00a0Luvas lav\u00e1veis e reutiliz\u00e1veis. Aumenta consideravelmente o ciclo de vida da luva e reduz os custos da empresa.<\/p>\n<div class=\"row conteudo\">\n<div class=\"col-sm-8\">\n<div class=\"row\">\n<div class=\"col-sm-7 ckEditor\">\n<h4>Aplica\u00e7\u00f5es<\/h4>\n<p>Indicada para trabalhos gerais m\u00e9dios e severos, protegendo o trabalhador contra agentes qu\u00edmicos. Em processamento, manipula\u00e7\u00e3o e transporte de produtos qu\u00edmicos e agroquimicos, desengorduramento, pintura, limpeza e manuten\u00e7\u00e3o. Utilizada nos setores operacionais de ind\u00fastrias automotivas, aliment\u00edcias, frigor\u00edfica (aves, su\u00ednos, pescas e bovinos), higiene e limpeza, saneamento, m\u00e9dico-hospitalar, metalmec\u00e2nica, naval, constru\u00e7\u00e3o civil, uso dom\u00e9stico e outras.<\/p>\n<p>* Este produto cont\u00e9m l\u00e1tex de borracha natural, seu uso pode causar rea\u00e7\u00f5es al\u00e9rgicas em pessoas sens\u00edveis ao l\u00e1tex.<\/p>\n<hr \/>\n<h4>Potenciais clientes<\/h4>\n<p>Ind\u00fastrias aliment\u00edcias, frigor\u00edficas, saneamento b\u00e1sico (ETE\/ETA), servi\u00e7os de conserva\u00e7\u00e3o e limpeza, jardinagem e paisagismo, agricultura, constru\u00e7\u00e3o civil, ind\u00fastria metalmec\u00e2nica, automotiva, industrias qu\u00edmicas, industrias de baterias e outros.<\/p>\n<\/div>\n<div class=\"col-sm-4 col-sm-offset-1\">\n<h4>Or\u00e7amento<\/h4>\n<p><a class=\"btn-black\" title=\"Ir para: Or\u00e7amentos\" href=\"http:\/\/materiais.volkdobrasil.com.br\/orcamento-e-visita-tecnica\" target=\"_blank\" rel=\"noopener\">Or\u00e7amentos<\/a><\/p>\n<hr \/>\n<h4>Manuais<\/h4>\n<p><a class=\"btn-black\" title=\"Ir para: Download da ficha t\u00e9cnica\" href=\"http:\/\/volkdobrasil.com.br\/upload\/arquivo\/21-05082016100655.pdf\" target=\"_blank\" rel=\"noopener\"><img decoding=\"async\" src=\"http:\/\/volkdobrasil.com.br\/site\/img\/layout\/btn-ficha.png\" alt=\"Imagem: Download da ficha t\u00e9cnica\" \/>Ficha t\u00e9cnica<\/a><a class=\"btn-black\" title=\"Ir para: Download da ficha comercial\" href=\"http:\/\/volkdobrasil.com.br\/upload\/arquivo\/28-11102016123319.pdf\" target=\"_blank\" rel=\"noopener\"><img decoding=\"async\" src=\"http:\/\/volkdobrasil.com.br\/site\/img\/layout\/btn-ficha.png\" alt=\"Imagem: Download da ficha comercial\" \/>Ficha comercial<\/a><a class=\"btn-black\" title=\"Ir para: Consulta CA\" href=\"https:\/\/consultaca.com\/ca16779\" target=\"_blank\" rel=\"noopener\"><img decoding=\"async\" src=\"http:\/\/volkdobrasil.com.br\/site\/img\/layout\/btn-consulta-ca.png\" alt=\"Imagem: Consulta CA\" \/>Consulta CA<\/a><a class=\"btn-black\" title=\"Ir para: Uso e conserva\u00e7\u00e3o\" href=\"http:\/\/volkdobrasil.com.br\/uso-e-conservacao\"><img decoding=\"async\" src=\"http:\/\/volkdobrasil.com.br\/site\/img\/layout\/btn-uso.png\" alt=\"Imagem: Uso e conserva\u00e7\u00e3o\" \/>Uso e conserva\u00e7\u00e3o<\/a><a class=\"btn-black\" title=\"Ir para: Identifique o tamanho\" href=\"http:\/\/volkdobrasil.com.br\/identifique-o-tamanho\"><img decoding=\"async\" src=\"http:\/\/volkdobrasil.com.br\/site\/img\/layout\/btn-tamanho.png\" alt=\"Imagem: Identifique o tamanho\" \/>Identifique o tamanho<\/a><\/p>\n<hr \/>\n<h4>Normas<\/h4>\n<p><span class=\"norma\"><img decoding=\"async\" title=\"\" src=\"http:\/\/volkdobrasil.com.br\/common\/function\/thumb.php?largura=40&amp;altura=40&amp;url=..\/..\/upload\/norma\/45-14122015200942.png\" alt=\"Imagem: EN388\" data-toggle=\"tooltip\" data-placement=\"bottom\" data-original-title=\"Desempenho: 1110\" \/><\/span><span class=\"norma\"><img decoding=\"async\" title=\"\" src=\"http:\/\/volkdobrasil.com.br\/common\/function\/thumb.php?largura=40&amp;altura=40&amp;url=..\/..\/upload\/norma\/28-14122015201021.png\" alt=\"Imagem: EN374\" data-toggle=\"tooltip\" data-placement=\"bottom\" data-original-title=\"Desempenho: ABKL\" \/><\/span><span class=\"norma\"><img decoding=\"async\" title=\"\" src=\"http:\/\/volkdobrasil.com.br\/common\/function\/thumb.php?largura=40&amp;altura=40&amp;url=..\/..\/upload\/norma\/25-14122015201031.png\" alt=\"Imagem: EN407\" data-toggle=\"tooltip\" data-placement=\"bottom\" data-original-title=\"Desempenho: X2XXXX\" \/><\/span><\/p>\n<\/div>\n<\/div>\n<\/div>\n<\/div>\n","protected":false},"featured_media":3257,"comment_status":"open","ping_status":"closed","template":"","meta":[],"product_brand":[],"product_cat":[6,9,86],"product_tag":[],"class_list":{"0":"post-3256","1":"product","2":"type-product","3":"status-publish","4":"has-post-thumbnail","6":"product_cat-luvas","7":"product_cat-luvas-quimico","8":"product_cat-volk","10":"first","11":"outofstock","12":"sale","13":"taxable","14":"shipping-taxable","15":"purchasable","16":"product-type-simple"},"_links":{"self":[{"href":"https:\/\/segtotaltreinamentos.com.br\/Loja\/wp-json\/wp\/v2\/product\/3256","targetHints":{"allow":["GET"]}}],"collection":[{"href":"https:\/\/segtotaltreinamentos.com.br\/Loja\/wp-json\/wp\/v2\/product"}],"about":[{"href":"https:\/\/segtotaltreinamentos.com.br\/Loja\/wp-json\/wp\/v2\/types\/product"}],"replies":[{"embeddable":true,"href":"https:\/\/segtotaltreinamentos.com.br\/Loja\/wp-json\/wp\/v2\/comments?post=3256"}],"wp:featuredmedia":[{"embeddable":true,"href":"https:\/\/segtotaltreinamentos.com.br\/Loja\/wp-json\/wp\/v2\/media\/3257"}],"wp:attachment":[{"href":"https:\/\/segtotaltreinamentos.com.br\/Loja\/wp-json\/wp\/v2\/media?parent=3256"}],"wp:term":[{"taxonomy":"product_brand","embeddable":true,"href":"https:\/\/segtotaltreinamentos.com.br\/Loja\/wp-json\/wp\/v2\/product_brand?post=3256"},{"taxonomy":"product_cat","embeddable":true,"href":"https:\/\/segtotaltreinamentos.com.br\/Loja\/wp-json\/wp\/v2\/product_cat?post=3256"},{"taxonomy":"product_tag","embeddable":true,"href":"https:\/\/segtotaltreinamentos.com.br\/Loja\/wp-json\/wp\/v2\/product_tag?post=3256"}],"curies":[{"name":"wp","href":"https:\/\/api.w.org\/{rel}","templated":true}]}}