{"id":3277,"date":"2017-01-30T11:21:07","date_gmt":"2017-01-30T11:21:07","guid":{"rendered":"http:\/\/segtotaltreinamentos.com.br\/Loja\/?post_type=product&#038;p=3277"},"modified":"2025-01-07T16:07:07","modified_gmt":"2025-01-07T16:07:07","slug":"oculos-bali","status":"publish","type":"product","link":"https:\/\/segtotaltreinamentos.com.br\/Loja\/produto\/oculos-bali\/","title":{"rendered":"\u00d3culos &#8211; Bali"},"content":{"rendered":"<p><a href=\"https:\/\/segtotaltreinamentos.com.br\/Loja\/wp-content\/uploads\/2017\/01\/CertificadoAprovacao-Oculos-Bali.pdf\">CertificadoAprovacao Oculos Bali<\/a><\/p>\n<p><a href=\"https:\/\/segtotaltreinamentos.com.br\/Loja\/wp-content\/uploads\/2017\/01\/01_13_x_x.pdf\">01_13_x_x<\/a><\/p>\n","protected":false},"excerpt":{"rendered":"<p><b>Descri\u00e7\u00e3o: <\/b> \u00d3culos de seguran\u00e7a, com arma\u00e7\u00e3o e visor confeccionados em uma \u00fanica pe\u00e7a de policarbonato, com ponte nasal de borracha male\u00e1vel e haste tipo esp\u00e1tula.<\/p>\n","protected":false},"featured_media":3278,"comment_status":"open","ping_status":"closed","template":"","meta":[],"product_brand":[],"product_cat":[100,20],"product_tag":[],"class_list":{"0":"post-3277","1":"product","2":"type-product","3":"status-publish","4":"has-post-thumbnail","6":"product_cat-kalipso","7":"product_cat-oculos","9":"first","10":"onbackorder","11":"taxable","12":"shipping-taxable","13":"purchasable","14":"product-type-simple"},"_links":{"self":[{"href":"https:\/\/segtotaltreinamentos.com.br\/Loja\/wp-json\/wp\/v2\/product\/3277","targetHints":{"allow":["GET"]}}],"collection":[{"href":"https:\/\/segtotaltreinamentos.com.br\/Loja\/wp-json\/wp\/v2\/product"}],"about":[{"href":"https:\/\/segtotaltreinamentos.com.br\/Loja\/wp-json\/wp\/v2\/types\/product"}],"replies":[{"embeddable":true,"href":"https:\/\/segtotaltreinamentos.com.br\/Loja\/wp-json\/wp\/v2\/comments?post=3277"}],"wp:featuredmedia":[{"embeddable":true,"href":"https:\/\/segtotaltreinamentos.com.br\/Loja\/wp-json\/wp\/v2\/media\/3278"}],"wp:attachment":[{"href":"https:\/\/segtotaltreinamentos.com.br\/Loja\/wp-json\/wp\/v2\/media?parent=3277"}],"wp:term":[{"taxonomy":"product_brand","embeddable":true,"href":"https:\/\/segtotaltreinamentos.com.br\/Loja\/wp-json\/wp\/v2\/product_brand?post=3277"},{"taxonomy":"product_cat","embeddable":true,"href":"https:\/\/segtotaltreinamentos.com.br\/Loja\/wp-json\/wp\/v2\/product_cat?post=3277"},{"taxonomy":"product_tag","embeddable":true,"href":"https:\/\/segtotaltreinamentos.com.br\/Loja\/wp-json\/wp\/v2\/product_tag?post=3277"}],"curies":[{"name":"wp","href":"https:\/\/api.w.org\/{rel}","templated":true}]}}