{"id":3288,"date":"2017-02-02T12:29:46","date_gmt":"2017-02-02T12:29:46","guid":{"rendered":"http:\/\/segtotaltreinamentos.com.br\/Loja\/?post_type=product&#038;p=3288"},"modified":"2017-02-06T18:45:41","modified_gmt":"2017-02-06T18:45:41","slug":"abafador-de-ruido-tipo-concha-0975-3m-pomp-muffler","status":"publish","type":"product","link":"https:\/\/segtotaltreinamentos.com.br\/Loja\/produto\/abafador-de-ruido-tipo-concha-0975-3m-pomp-muffler\/","title":{"rendered":"Abafador de Ru\u00eddo Tipo Concha 0975 &#8211; 3M Pomp Muffler"},"content":{"rendered":"","protected":false},"excerpt":{"rendered":"<div id=\"information\">\n<div class=\"attributes\">\n<p>&nbsp;<\/p>\n<div class=\"brand\"><span class=\"brand\"><strong>Marca:<\/strong> 3M<\/span><\/div>\n<p><span class=\"attribute attr-ca\"><strong>C.A<\/strong>\u00a014235<\/span><\/p>\n<\/div>\n<\/div>\n<div class=\"price\"><\/div>\n<div id=\"description\">\n<p><strong class=\"title\">Descri\u00e7\u00e3o:<\/strong><\/p>\n<div class=\"description scroll\">\n<div class=\"jspContainer\">\n<div class=\"jspPane\">\n<div>\n<p>Protetor auditivo do tipo concha, constitu\u00eddo por duas conchas em pl\u00e1sticos, apresentando almofadas de espuma em suas laterais e em seu interior. Possui uma haste em pl\u00e1stico r\u00edgido almofadado e metal que mant\u00e9m as conchas firmemente seladas contra a regi\u00e3o das orelhas do usu\u00e1rio e que sustenta as conchas.<\/p>\n<\/div>\n<\/div>\n<\/div>\n<\/div>\n<\/div>\n","protected":false},"featured_media":3289,"comment_status":"open","ping_status":"closed","template":"","meta":[],"product_brand":[],"product_cat":[60,22],"product_tag":[],"class_list":{"0":"post-3288","1":"product","2":"type-product","3":"status-publish","4":"has-post-thumbnail","6":"product_cat-3m","7":"product_cat-protetor-de-ouvido","9":"first","10":"outofstock","11":"taxable","12":"shipping-taxable","13":"purchasable","14":"product-type-simple"},"_links":{"self":[{"href":"https:\/\/segtotaltreinamentos.com.br\/Loja\/wp-json\/wp\/v2\/product\/3288","targetHints":{"allow":["GET"]}}],"collection":[{"href":"https:\/\/segtotaltreinamentos.com.br\/Loja\/wp-json\/wp\/v2\/product"}],"about":[{"href":"https:\/\/segtotaltreinamentos.com.br\/Loja\/wp-json\/wp\/v2\/types\/product"}],"replies":[{"embeddable":true,"href":"https:\/\/segtotaltreinamentos.com.br\/Loja\/wp-json\/wp\/v2\/comments?post=3288"}],"wp:featuredmedia":[{"embeddable":true,"href":"https:\/\/segtotaltreinamentos.com.br\/Loja\/wp-json\/wp\/v2\/media\/3289"}],"wp:attachment":[{"href":"https:\/\/segtotaltreinamentos.com.br\/Loja\/wp-json\/wp\/v2\/media?parent=3288"}],"wp:term":[{"taxonomy":"product_brand","embeddable":true,"href":"https:\/\/segtotaltreinamentos.com.br\/Loja\/wp-json\/wp\/v2\/product_brand?post=3288"},{"taxonomy":"product_cat","embeddable":true,"href":"https:\/\/segtotaltreinamentos.com.br\/Loja\/wp-json\/wp\/v2\/product_cat?post=3288"},{"taxonomy":"product_tag","embeddable":true,"href":"https:\/\/segtotaltreinamentos.com.br\/Loja\/wp-json\/wp\/v2\/product_tag?post=3288"}],"curies":[{"name":"wp","href":"https:\/\/api.w.org\/{rel}","templated":true}]}}