{"id":3353,"date":"2017-02-13T18:34:43","date_gmt":"2017-02-13T18:34:43","guid":{"rendered":"http:\/\/segtotaltreinamentos.com.br\/Loja\/?post_type=product&#038;p=3353"},"modified":"2017-02-27T17:03:24","modified_gmt":"2017-02-27T17:03:24","slug":"luvas-nitrili-ka-30","status":"publish","type":"product","link":"https:\/\/segtotaltreinamentos.com.br\/Loja\/produto\/luvas-nitrili-ka-30\/","title":{"rendered":"Luvas &#8211; Nitrili &#8211; KA 30"},"content":{"rendered":"<p><a href=\"https:\/\/segtotaltreinamentos.com.br\/Loja\/wp-content\/uploads\/2017\/02\/CertificadoAprovacaoInternet-NitriliKA-30.pdf\">CertificadoAprovacaoInternet NitriliKA 30<\/a><\/p>\n<p><a href=\"https:\/\/segtotaltreinamentos.com.br\/Loja\/wp-content\/uploads\/2017\/02\/02_07_3_x.pdf\">02_07_3_x<\/a><\/p>\n","protected":false},"excerpt":{"rendered":"<p><b>Descri\u00e7\u00e3o: <\/b> Luvas de seguran\u00e7a,\u00a0confeccionadas em malha de algod\u00e3o,\u00a0 com revestimento em l\u00e1tex nitr\u00edlico na palma, dedos, dorso e punho em malha de algod\u00e3o.<\/p>\n","protected":false},"featured_media":3354,"comment_status":"open","ping_status":"closed","template":"","meta":[],"product_brand":[],"product_cat":[100,6,9],"product_tag":[],"class_list":{"0":"post-3353","1":"product","2":"type-product","3":"status-publish","4":"has-post-thumbnail","6":"product_cat-kalipso","7":"product_cat-luvas","8":"product_cat-luvas-quimico","10":"first","11":"onbackorder","12":"featured","13":"taxable","14":"shipping-taxable","15":"purchasable","16":"product-type-variable"},"_links":{"self":[{"href":"https:\/\/segtotaltreinamentos.com.br\/Loja\/wp-json\/wp\/v2\/product\/3353","targetHints":{"allow":["GET"]}}],"collection":[{"href":"https:\/\/segtotaltreinamentos.com.br\/Loja\/wp-json\/wp\/v2\/product"}],"about":[{"href":"https:\/\/segtotaltreinamentos.com.br\/Loja\/wp-json\/wp\/v2\/types\/product"}],"replies":[{"embeddable":true,"href":"https:\/\/segtotaltreinamentos.com.br\/Loja\/wp-json\/wp\/v2\/comments?post=3353"}],"wp:featuredmedia":[{"embeddable":true,"href":"https:\/\/segtotaltreinamentos.com.br\/Loja\/wp-json\/wp\/v2\/media\/3354"}],"wp:attachment":[{"href":"https:\/\/segtotaltreinamentos.com.br\/Loja\/wp-json\/wp\/v2\/media?parent=3353"}],"wp:term":[{"taxonomy":"product_brand","embeddable":true,"href":"https:\/\/segtotaltreinamentos.com.br\/Loja\/wp-json\/wp\/v2\/product_brand?post=3353"},{"taxonomy":"product_cat","embeddable":true,"href":"https:\/\/segtotaltreinamentos.com.br\/Loja\/wp-json\/wp\/v2\/product_cat?post=3353"},{"taxonomy":"product_tag","embeddable":true,"href":"https:\/\/segtotaltreinamentos.com.br\/Loja\/wp-json\/wp\/v2\/product_tag?post=3353"}],"curies":[{"name":"wp","href":"https:\/\/api.w.org\/{rel}","templated":true}]}}