{"id":3399,"date":"2017-02-21T10:51:49","date_gmt":"2017-02-21T10:51:49","guid":{"rendered":"http:\/\/segtotaltreinamentos.com.br\/Loja\/index.php\/produto\/kit-reposicao-hy9-p-protetor-auditivo-hb004202196\/"},"modified":"2017-02-21T10:53:51","modified_gmt":"2017-02-21T10:53:51","slug":"kit-reposicao-hy9-p-protetor-auditivo-hb004202196","status":"publish","type":"product","link":"https:\/\/segtotaltreinamentos.com.br\/Loja\/produto\/kit-reposicao-hy9-p-protetor-auditivo-hb004202196\/","title":{"rendered":"KIT REPOSICAO HY9 P\/ PROTETOR AUDITIVO  HB004202196"},"content":{"rendered":"<p>CA 12189<\/p>\n","protected":false},"excerpt":{"rendered":"<p>&nbsp;<\/p>\n<div class=\"centralize\">\n<div class=\"content\">\n<div id=\"detail\"><\/div>\n<div id=\"description\">\n<h2>Descri\u00e7\u00e3o:<\/h2>\n<div>\n<p>Protetor tipo concha com haste fixa acima da cabe\u00e7a.<\/p>\n<\/div>\n<\/div>\n<div id=\"description\">\n<h2>Caracteristicas:<\/h2>\n<div>\n<p>\u2022 Protetor auditivo, tipo concha, com parte externa em abs;<\/p>\n<p>\u2022 Haste de sustenta\u00e7\u00e3o em a\u00e7o inoxid\u00e1vel, espuma anti-ru\u00eddo, almofada desmont\u00e1vel para um perfeito ajuste na cabe\u00e7a;<\/p>\n<p>\u2022\u00a0Atenua\u00e7\u00e3o de 23 dB (NRRsf).<\/p>\n<p>&nbsp;<\/p>\n<p>Norma:<\/p>\n<p>ANSI.S.12.6:1997<\/p>\n<\/div>\n<\/div>\n<div id=\"description\">\n<h2>Aplica\u00e7\u00e3o:<\/h2>\n<div>\n<p>\u00c9 necess\u00e1rio e obrigat\u00f3rio o uso de protetores auditivos, sempre que o trabalhador for submetido a locais, onde o n\u00edvel de press\u00e3o sonora equivalente ultrapassa a barreira dos 85dBA, condi\u00e7\u00e3o poss\u00edvel de causar les\u00f5es irrevers\u00edveis na audi\u00e7\u00e3o.<\/p>\n<\/div>\n<\/div>\n<div id=\"description\"><\/div>\n<div class=\"text\">\n<div id=\"description\">\n<h2>Informa\u00e7\u00f5es adicionais<\/h2>\n<\/div>\n<p>&#8211; Fotos meramente ilustrativas<br \/>\n&#8211; Itens decorativo n\u00e3o acompanham o produto<\/p>\n<\/div>\n<\/div>\n<\/div>\n","protected":false},"featured_media":2726,"comment_status":"open","ping_status":"closed","template":"","meta":[],"product_brand":[],"product_cat":[60,22],"product_tag":[],"class_list":{"0":"post-3399","1":"product","2":"type-product","3":"status-publish","4":"has-post-thumbnail","6":"product_cat-3m","7":"product_cat-protetor-de-ouvido","9":"first","10":"onbackorder","11":"taxable","12":"shipping-taxable","13":"purchasable","14":"product-type-simple"},"_links":{"self":[{"href":"https:\/\/segtotaltreinamentos.com.br\/Loja\/wp-json\/wp\/v2\/product\/3399","targetHints":{"allow":["GET"]}}],"collection":[{"href":"https:\/\/segtotaltreinamentos.com.br\/Loja\/wp-json\/wp\/v2\/product"}],"about":[{"href":"https:\/\/segtotaltreinamentos.com.br\/Loja\/wp-json\/wp\/v2\/types\/product"}],"replies":[{"embeddable":true,"href":"https:\/\/segtotaltreinamentos.com.br\/Loja\/wp-json\/wp\/v2\/comments?post=3399"}],"wp:featuredmedia":[{"embeddable":true,"href":"https:\/\/segtotaltreinamentos.com.br\/Loja\/wp-json\/wp\/v2\/media\/2726"}],"wp:attachment":[{"href":"https:\/\/segtotaltreinamentos.com.br\/Loja\/wp-json\/wp\/v2\/media?parent=3399"}],"wp:term":[{"taxonomy":"product_brand","embeddable":true,"href":"https:\/\/segtotaltreinamentos.com.br\/Loja\/wp-json\/wp\/v2\/product_brand?post=3399"},{"taxonomy":"product_cat","embeddable":true,"href":"https:\/\/segtotaltreinamentos.com.br\/Loja\/wp-json\/wp\/v2\/product_cat?post=3399"},{"taxonomy":"product_tag","embeddable":true,"href":"https:\/\/segtotaltreinamentos.com.br\/Loja\/wp-json\/wp\/v2\/product_tag?post=3399"}],"curies":[{"name":"wp","href":"https:\/\/api.w.org\/{rel}","templated":true}]}}