{"id":3414,"date":"2017-02-24T17:53:57","date_gmt":"2017-02-24T17:53:57","guid":{"rendered":"http:\/\/segtotaltreinamentos.com.br\/Loja\/?post_type=product&#038;p=3414"},"modified":"2017-02-24T17:53:57","modified_gmt":"2017-02-24T17:53:57","slug":"luva-70gg","status":"publish","type":"product","link":"https:\/\/segtotaltreinamentos.com.br\/Loja\/produto\/luva-70gg\/","title":{"rendered":"Luva 70GG"},"content":{"rendered":"","protected":false},"excerpt":{"rendered":"<div class=\"lv_caption\">\n<p>Luva de seguran\u00e7a com cinco dedos, confeccionada em raspa Termokoch com forra\u00e7\u00e3o interna nos tecidos algod\u00e3o e grafatex na palma, dorso e punho. Punho 20cm em raspa Termokoch. Refor\u00e7o externo entre o dedo polegar e indicador. Fechamento com costuras em linha de para-aramida. Acabamento em vi\u00e9s. Tamanho GG. CA 27443.<\/p>\n<p>Para prote\u00e7\u00e3o nas m\u00e3os e parte do bra\u00e7o, contra agentes abrasivos, escoriantes e t\u00e9rmicos. Utilizada em opera\u00e7\u00f5es de pesada densidade. Resiste a at\u00e9 300\u00b0 em m\u00e9dia, 8 \u2018s em contato, radiante e respingos de solda Mig na palma, dorso e punho.<\/p>\n<\/div>\n","protected":false},"featured_media":3415,"comment_status":"open","ping_status":"closed","template":"","meta":[],"product_brand":[],"product_cat":[8,12,40],"product_tag":[],"class_list":{"0":"post-3414","1":"product","2":"type-product","3":"status-publish","4":"has-post-thumbnail","6":"product_cat-luvas-calor","7":"product_cat-luvas-de-couro","8":"product_cat-luvas-koch","10":"first","11":"outofstock","12":"taxable","13":"shipping-taxable","14":"purchasable","15":"product-type-simple"},"_links":{"self":[{"href":"https:\/\/segtotaltreinamentos.com.br\/Loja\/wp-json\/wp\/v2\/product\/3414","targetHints":{"allow":["GET"]}}],"collection":[{"href":"https:\/\/segtotaltreinamentos.com.br\/Loja\/wp-json\/wp\/v2\/product"}],"about":[{"href":"https:\/\/segtotaltreinamentos.com.br\/Loja\/wp-json\/wp\/v2\/types\/product"}],"replies":[{"embeddable":true,"href":"https:\/\/segtotaltreinamentos.com.br\/Loja\/wp-json\/wp\/v2\/comments?post=3414"}],"wp:featuredmedia":[{"embeddable":true,"href":"https:\/\/segtotaltreinamentos.com.br\/Loja\/wp-json\/wp\/v2\/media\/3415"}],"wp:attachment":[{"href":"https:\/\/segtotaltreinamentos.com.br\/Loja\/wp-json\/wp\/v2\/media?parent=3414"}],"wp:term":[{"taxonomy":"product_brand","embeddable":true,"href":"https:\/\/segtotaltreinamentos.com.br\/Loja\/wp-json\/wp\/v2\/product_brand?post=3414"},{"taxonomy":"product_cat","embeddable":true,"href":"https:\/\/segtotaltreinamentos.com.br\/Loja\/wp-json\/wp\/v2\/product_cat?post=3414"},{"taxonomy":"product_tag","embeddable":true,"href":"https:\/\/segtotaltreinamentos.com.br\/Loja\/wp-json\/wp\/v2\/product_tag?post=3414"}],"curies":[{"name":"wp","href":"https:\/\/api.w.org\/{rel}","templated":true}]}}