{"id":3418,"date":"2017-02-25T13:10:25","date_gmt":"2017-02-25T13:10:25","guid":{"rendered":"http:\/\/segtotaltreinamentos.com.br\/Loja\/?post_type=product&#038;p=3418"},"modified":"2017-07-14T21:39:22","modified_gmt":"2017-07-14T21:39:22","slug":"mascara-de-escurecimento-automatico-titanium","status":"publish","type":"product","link":"https:\/\/segtotaltreinamentos.com.br\/Loja\/produto\/mascara-de-escurecimento-automatico-titanium\/","title":{"rendered":"M\u00e1scara de Escurecimento Autom\u00e1tico \u2013 Titanium"},"content":{"rendered":"","protected":false},"excerpt":{"rendered":"<p>Com o novo modelo Titanium, o soldador tem diferenciais como:<br \/>\nLente dupla de LCD<br \/>\nFiltro eletr\u00f4nico com alimenta\u00e7\u00e3o por bateria solar<br \/>\nProte\u00e7\u00e3o externa e interna em policarbonato resistente<br \/>\nFiltro UV\/IR com processo de vaporiza\u00e7\u00e3o em prata<br \/>\nCampo de vis\u00e3o confort\u00e1vel de 60 graus ou 2,5mm laterais<br \/>\nDuplo filtro de POLARIZA\u00c7\u00c3O<br \/>\nVaria\u00e7\u00e3o ajust\u00e1vel de 9 \u00e0 13<br \/>\nAumento de produtividade em 120% e economia de 30% de energia el\u00e9trica<\/p>\n<table border=\"1\" width=\"590\">\n<tbody>\n<tr>\n<td height=\"24\">\u00d3D.<\/td>\n<td>MODELO<\/td>\n<td>DESCRI\u00c7\u00c3O<\/td>\n<td>CA<\/td>\n<\/tr>\n<tr>\n<td>2167<\/td>\n<td>Titanium<\/td>\n<td>M\u00e1scara de solda com escurecimento autom\u00e1tico<\/td>\n<td>16476<\/td>\n<\/tr>\n<\/tbody>\n<\/table>\n","protected":false},"featured_media":3419,"comment_status":"open","ping_status":"closed","template":"","meta":[],"product_brand":[],"product_cat":[63,25,88],"product_tag":[],"class_list":{"0":"post-3418","1":"product","2":"type-product","3":"status-publish","4":"has-post-thumbnail","6":"product_cat-ledan","7":"product_cat-mascara","8":"product_cat-solda","10":"first","11":"outofstock","12":"sale","13":"taxable","14":"shipping-taxable","15":"purchasable","16":"product-type-simple"},"_links":{"self":[{"href":"https:\/\/segtotaltreinamentos.com.br\/Loja\/wp-json\/wp\/v2\/product\/3418","targetHints":{"allow":["GET"]}}],"collection":[{"href":"https:\/\/segtotaltreinamentos.com.br\/Loja\/wp-json\/wp\/v2\/product"}],"about":[{"href":"https:\/\/segtotaltreinamentos.com.br\/Loja\/wp-json\/wp\/v2\/types\/product"}],"replies":[{"embeddable":true,"href":"https:\/\/segtotaltreinamentos.com.br\/Loja\/wp-json\/wp\/v2\/comments?post=3418"}],"wp:featuredmedia":[{"embeddable":true,"href":"https:\/\/segtotaltreinamentos.com.br\/Loja\/wp-json\/wp\/v2\/media\/3419"}],"wp:attachment":[{"href":"https:\/\/segtotaltreinamentos.com.br\/Loja\/wp-json\/wp\/v2\/media?parent=3418"}],"wp:term":[{"taxonomy":"product_brand","embeddable":true,"href":"https:\/\/segtotaltreinamentos.com.br\/Loja\/wp-json\/wp\/v2\/product_brand?post=3418"},{"taxonomy":"product_cat","embeddable":true,"href":"https:\/\/segtotaltreinamentos.com.br\/Loja\/wp-json\/wp\/v2\/product_cat?post=3418"},{"taxonomy":"product_tag","embeddable":true,"href":"https:\/\/segtotaltreinamentos.com.br\/Loja\/wp-json\/wp\/v2\/product_tag?post=3418"}],"curies":[{"name":"wp","href":"https:\/\/api.w.org\/{rel}","templated":true}]}}