{"id":3438,"date":"2017-03-01T13:10:50","date_gmt":"2017-03-01T13:10:50","guid":{"rendered":"http:\/\/segtotaltreinamentos.com.br\/Loja\/?post_type=product&#038;p=3438"},"modified":"2017-03-01T13:10:50","modified_gmt":"2017-03-01T13:10:50","slug":"luva-pvc-volk-26","status":"publish","type":"product","link":"https:\/\/segtotaltreinamentos.com.br\/Loja\/produto\/luva-pvc-volk-26\/","title":{"rendered":"Luva Pvc Volk 26"},"content":{"rendered":"<p><a href=\"https:\/\/segtotaltreinamentos.com.br\/Loja\/wp-content\/uploads\/2017\/03\/38-11022016153351.pdf\">38-11022016153351<\/a><\/p>\n<p><a href=\"https:\/\/segtotaltreinamentos.com.br\/Loja\/wp-content\/uploads\/2017\/03\/34-11022016153351.pdf\">34-11022016153351<\/a><\/p>\n","protected":false},"excerpt":{"rendered":"<h3>Descri\u00e7\u00e3o<\/h3>\n<p>Luva de seguran\u00e7a confeccionada em suporte t\u00eaxtil de algod\u00e3o, revestimento externo em policloreto de vinila (PVC) e acabamento antiderrapante tipo areia, na regi\u00e3o palmar, ponta dos dedos e dorso.<\/p>\n<hr \/>\n<h4>Especifica\u00e7\u00f5es<\/h4>\n<p><strong>CA: <\/strong><a href=\"http:\/\/consultaca.com\/ca37127\" target=\"_blank\">37127<\/a>\/ <a href=\"http:\/\/consultaca.com\/ca33751\" target=\"_blank\">33751<\/a><br \/>\n<strong>Comprimento: <\/strong>26cm<br \/>\n<strong>Tamanhos: <\/strong>9(G) 10(EG)<br \/>\n<strong>Uso: <\/strong>Reutiliz\u00e1vel<br \/>\n<strong>Formato: <\/strong>Anat\u00f4mico<br \/>\n<strong>Estrutura: <\/strong>Suporte T\u00eaxtil<br \/>\n<strong>Modelo da Estrutura: <\/strong>Montado\/ Costurado<br \/>\n<strong>Material Suporte: <\/strong>Algod\u00e3o<br \/>\n<strong>Punho: <\/strong>Reto<br \/>\n<strong>Embalagem: <\/strong>Pacote com 12 pares e Caixa com 72 pares.<br \/>\n<strong>Grip: <\/strong>Aspero<\/p>\n<h4>Vantagens e benef\u00edcios<\/h4>\n<p><strong>\u00d3TIMA RESIST\u00caNCIA<\/strong> &#8211; A abras\u00e3o e produtos qu\u00edmicos<\/p>\n<p><strong>MAIOR CONFORTO E ABSOR\u00c7\u00c3O DE SUOR<\/strong>\u00a0&#8211; Suporte t\u00eaxtil em algod\u00e3o<\/p>\n<p><strong>\u00d3TIMA FLEXIBILIDADE<\/strong><\/p>\n<p><strong>FORMATO ANAT\u00d4MICO<\/strong> &#8211;\u00a0Redu\u00e7\u00e3o da fadiga muscular<\/p>\n<p><strong>ADER\u00caNCIA EM OBJETOS \u00daMIDOS OU OLEOSOS<\/strong> &#8211; Antiderrapante \/ Grip \u00e1spero<\/p>\n<p><strong>OP\u00c7\u00d5ES DE COMPRIMENTO<\/strong> &#8211;\u00a026 cm, 36 cm e 46 cm<\/p>\n<p><strong>ECON\u00d4MICAS<\/strong>\u00a0&#8211; Fabricadas em PVC, uma das mat\u00e9rias-primas com o menor custo comparado aos outros materiais<\/p>\n<hr \/>\n<h4>Aplica\u00e7\u00f5es<\/h4>\n<p>Indicada para trabalhos gerais m\u00e9dios e pesados, protegendo o trabalhador em ambientes contra agentes mec\u00e2nicos e qu\u00edmicos, no manuseio de pe\u00e7as abrasivas com ou sem presen\u00e7a de res\u00edduos qu\u00edmicos, nas atividades de minera\u00e7\u00e3o, coleta seletiva, materiais da constru\u00e7\u00e3o, galvanoplastia, processamento qu\u00edmico e petroqu\u00edmico, transporte e manuseio de combust\u00edveis, limpeza leve e pesada, entre outros.<\/p>\n<hr \/>\n<h4>Potenciais clientes<\/h4>\n<p>Ind\u00fastrias qu\u00edmicas, petroqu\u00edmicas, galv\u00e2nicas, naval, saneamento, frigor\u00edfica (limpeza pesada), mec\u00e2nica pesada, higiene e limpeza, constru\u00e7\u00e3o civil, cer\u00e2mica, plasticas, prestadoras de servi\u00e7os, e outras.<\/p>\n","protected":false},"featured_media":3442,"comment_status":"open","ping_status":"closed","template":"","meta":[],"product_brand":[],"product_cat":[48,6,9,86],"product_tag":[],"class_list":{"0":"post-3438","1":"product","2":"type-product","3":"status-publish","4":"has-post-thumbnail","6":"product_cat-aderencia-a-oleo","7":"product_cat-luvas","8":"product_cat-luvas-quimico","9":"product_cat-volk","11":"first","12":"outofstock","13":"taxable","14":"shipping-taxable","15":"purchasable","16":"product-type-simple"},"_links":{"self":[{"href":"https:\/\/segtotaltreinamentos.com.br\/Loja\/wp-json\/wp\/v2\/product\/3438","targetHints":{"allow":["GET"]}}],"collection":[{"href":"https:\/\/segtotaltreinamentos.com.br\/Loja\/wp-json\/wp\/v2\/product"}],"about":[{"href":"https:\/\/segtotaltreinamentos.com.br\/Loja\/wp-json\/wp\/v2\/types\/product"}],"replies":[{"embeddable":true,"href":"https:\/\/segtotaltreinamentos.com.br\/Loja\/wp-json\/wp\/v2\/comments?post=3438"}],"wp:featuredmedia":[{"embeddable":true,"href":"https:\/\/segtotaltreinamentos.com.br\/Loja\/wp-json\/wp\/v2\/media\/3442"}],"wp:attachment":[{"href":"https:\/\/segtotaltreinamentos.com.br\/Loja\/wp-json\/wp\/v2\/media?parent=3438"}],"wp:term":[{"taxonomy":"product_brand","embeddable":true,"href":"https:\/\/segtotaltreinamentos.com.br\/Loja\/wp-json\/wp\/v2\/product_brand?post=3438"},{"taxonomy":"product_cat","embeddable":true,"href":"https:\/\/segtotaltreinamentos.com.br\/Loja\/wp-json\/wp\/v2\/product_cat?post=3438"},{"taxonomy":"product_tag","embeddable":true,"href":"https:\/\/segtotaltreinamentos.com.br\/Loja\/wp-json\/wp\/v2\/product_tag?post=3438"}],"curies":[{"name":"wp","href":"https:\/\/api.w.org\/{rel}","templated":true}]}}