{"id":3449,"date":"2017-03-01T14:20:00","date_gmt":"2017-03-01T14:20:00","guid":{"rendered":"http:\/\/segtotaltreinamentos.com.br\/Loja\/?post_type=product&#038;p=3449"},"modified":"2017-03-01T14:20:19","modified_gmt":"2017-03-01T14:20:19","slug":"luva-de-malha-6-fios","status":"publish","type":"product","link":"https:\/\/segtotaltreinamentos.com.br\/Loja\/produto\/luva-de-malha-6-fios\/","title":{"rendered":"Luva de malha 6 fios"},"content":{"rendered":"","protected":false},"excerpt":{"rendered":"<p><strong>REFER\u00caNCIA: 041<\/strong><\/p>\n<p><strong>DESCRI\u00c7\u00c3O:<\/strong> Luva de seguran\u00e7a confeccionada com 02 fios de algod\u00e3o e 04 fios de poli\u00e9ster, tricotada em uma s\u00f3 pe\u00e7a, acabamento em overloque, punho el\u00e1stico e modelo revers\u00edvel.<\/p>\n<p><strong>USO A QUE SE DESTINA<\/strong>:SERVI\u00c7OS LEVES EM GERAL<\/p>\n<p><strong>C.A.: 31.545<\/strong><\/p>\n","protected":false},"featured_media":3450,"comment_status":"open","ping_status":"closed","template":"","meta":[],"product_brand":[],"product_cat":[104,6],"product_tag":[],"class_list":{"0":"post-3449","1":"product","2":"type-product","3":"status-publish","4":"has-post-thumbnail","6":"product_cat-juliana","7":"product_cat-luvas","9":"first","10":"outofstock","11":"taxable","12":"shipping-taxable","13":"purchasable","14":"product-type-simple"},"_links":{"self":[{"href":"https:\/\/segtotaltreinamentos.com.br\/Loja\/wp-json\/wp\/v2\/product\/3449","targetHints":{"allow":["GET"]}}],"collection":[{"href":"https:\/\/segtotaltreinamentos.com.br\/Loja\/wp-json\/wp\/v2\/product"}],"about":[{"href":"https:\/\/segtotaltreinamentos.com.br\/Loja\/wp-json\/wp\/v2\/types\/product"}],"replies":[{"embeddable":true,"href":"https:\/\/segtotaltreinamentos.com.br\/Loja\/wp-json\/wp\/v2\/comments?post=3449"}],"wp:featuredmedia":[{"embeddable":true,"href":"https:\/\/segtotaltreinamentos.com.br\/Loja\/wp-json\/wp\/v2\/media\/3450"}],"wp:attachment":[{"href":"https:\/\/segtotaltreinamentos.com.br\/Loja\/wp-json\/wp\/v2\/media?parent=3449"}],"wp:term":[{"taxonomy":"product_brand","embeddable":true,"href":"https:\/\/segtotaltreinamentos.com.br\/Loja\/wp-json\/wp\/v2\/product_brand?post=3449"},{"taxonomy":"product_cat","embeddable":true,"href":"https:\/\/segtotaltreinamentos.com.br\/Loja\/wp-json\/wp\/v2\/product_cat?post=3449"},{"taxonomy":"product_tag","embeddable":true,"href":"https:\/\/segtotaltreinamentos.com.br\/Loja\/wp-json\/wp\/v2\/product_tag?post=3449"}],"curies":[{"name":"wp","href":"https:\/\/api.w.org\/{rel}","templated":true}]}}