{"id":3489,"date":"2017-03-09T20:18:43","date_gmt":"2017-03-09T20:18:43","guid":{"rendered":"http:\/\/segtotaltreinamentos.com.br\/Loja\/?post_type=product&#038;p=3489"},"modified":"2017-03-10T14:21:37","modified_gmt":"2017-03-10T14:21:37","slug":"luvas-nitrili-ka-40","status":"publish","type":"product","link":"https:\/\/segtotaltreinamentos.com.br\/Loja\/produto\/luvas-nitrili-ka-40\/","title":{"rendered":"Luvas &#8211; Nitrili &#8211; KA 40"},"content":{"rendered":"<p><a href=\"https:\/\/segtotaltreinamentos.com.br\/Loja\/wp-content\/uploads\/2017\/03\/CertificadoAprovacao-Luva-NitriliKA40.pdf\">CertificadoAprovacao Luva NitriliKA40<\/a><\/p>\n<p><a href=\"https:\/\/segtotaltreinamentos.com.br\/Loja\/wp-content\/uploads\/2017\/03\/02_07_5_x.pdf\">02_07_5_x<\/a><\/p>\n","protected":false},"excerpt":{"rendered":"<p><b>Descri\u00e7\u00e3o: <\/b> Luva de seguran\u00e7a confeccionada em malha de algod\u00e3o com palma refor\u00e7ada em grafatex, revestimento em borracha nitr\u00edlica na palma, dorso e parte do punho; punho em lona.<\/p>\n<table>\n<tbody>\n<tr>\n<td><strong>REF.<\/strong><\/td>\n<td><strong>TAMANHO<\/strong><\/td>\n<\/tr>\n<tr>\n<td>\u00a002.07.5.3<\/td>\n<td>9.0 &#8211; M<\/td>\n<\/tr>\n<tr>\n<td>\u00a002.07.5.4<\/td>\n<td>\u00a010.0 &#8211; G<\/td>\n<\/tr>\n<\/tbody>\n<\/table>\n","protected":false},"featured_media":3490,"comment_status":"open","ping_status":"closed","template":"","meta":[],"product_brand":[],"product_cat":[48,100,6],"product_tag":[],"class_list":{"0":"post-3489","1":"product","2":"type-product","3":"status-publish","4":"has-post-thumbnail","6":"product_cat-aderencia-a-oleo","7":"product_cat-kalipso","8":"product_cat-luvas","10":"first","11":"outofstock","12":"taxable","13":"shipping-taxable","14":"purchasable","15":"product-type-simple"},"_links":{"self":[{"href":"https:\/\/segtotaltreinamentos.com.br\/Loja\/wp-json\/wp\/v2\/product\/3489","targetHints":{"allow":["GET"]}}],"collection":[{"href":"https:\/\/segtotaltreinamentos.com.br\/Loja\/wp-json\/wp\/v2\/product"}],"about":[{"href":"https:\/\/segtotaltreinamentos.com.br\/Loja\/wp-json\/wp\/v2\/types\/product"}],"replies":[{"embeddable":true,"href":"https:\/\/segtotaltreinamentos.com.br\/Loja\/wp-json\/wp\/v2\/comments?post=3489"}],"wp:featuredmedia":[{"embeddable":true,"href":"https:\/\/segtotaltreinamentos.com.br\/Loja\/wp-json\/wp\/v2\/media\/3490"}],"wp:attachment":[{"href":"https:\/\/segtotaltreinamentos.com.br\/Loja\/wp-json\/wp\/v2\/media?parent=3489"}],"wp:term":[{"taxonomy":"product_brand","embeddable":true,"href":"https:\/\/segtotaltreinamentos.com.br\/Loja\/wp-json\/wp\/v2\/product_brand?post=3489"},{"taxonomy":"product_cat","embeddable":true,"href":"https:\/\/segtotaltreinamentos.com.br\/Loja\/wp-json\/wp\/v2\/product_cat?post=3489"},{"taxonomy":"product_tag","embeddable":true,"href":"https:\/\/segtotaltreinamentos.com.br\/Loja\/wp-json\/wp\/v2\/product_tag?post=3489"}],"curies":[{"name":"wp","href":"https:\/\/api.w.org\/{rel}","templated":true}]}}