{"id":3526,"date":"2017-03-21T20:14:35","date_gmt":"2017-03-21T20:14:35","guid":{"rendered":"http:\/\/segtotaltreinamentos.com.br\/Loja\/?post_type=product&#038;p=3526"},"modified":"2017-03-28T19:31:53","modified_gmt":"2017-03-28T19:31:53","slug":"luvas-supermix","status":"publish","type":"product","link":"https:\/\/segtotaltreinamentos.com.br\/Loja\/produto\/luvas-supermix\/","title":{"rendered":"Luvas Supermix"},"content":{"rendered":"","protected":false},"excerpt":{"rendered":"<table border=\"1\" width=\"100%\" cellspacing=\"0\" cellpadding=\"0\">\n<tbody>\n<tr>\n<td colspan=\"4\"><strong>Luva de seguran\u00e7a, confeccionada com l\u00e1tex natural e neoprene revestida internamente com flocos de algod\u00e3o,\u00a0antiderrapante tipo diamante na face palmar e pontas dos dedos, formato anat\u00f4mico.<\/strong><\/td>\n<\/tr>\n<tr>\n<th colspan=\"2\" align=\"center\" bgcolor=\"#FFCC00\" height=\"21\"><strong>L\u00c1TEX NATURAL<\/strong><\/th>\n<td align=\"center\" bgcolor=\"#FFCC00\" width=\"279\"><strong>APLICA\u00c7\u00c3O\u00a0<\/strong><\/td>\n<td align=\"center\" bgcolor=\"#FFCC00\" width=\"150\"><strong>\u00a0NORMA APLIC\u00c1VEL<\/strong><\/td>\n<\/tr>\n<tr>\n<th bgcolor=\"#E1E1E1\" width=\"270\"><strong>\u00a0Composi\u00e7\u00e3o\u00a0<\/strong><\/th>\n<th bgcolor=\"#E1E1E1\" width=\"330\"><strong>L\u00e1tex natural e neoprene<\/strong><\/th>\n<td rowspan=\"10\" valign=\"top\"><strong>\u2022 Higiene e limpeza<\/strong><br \/>\n<strong>\u2022 Industria aliment\u00edcia<\/strong><br \/>\n<strong>\u2022 Saneamento b\u00e1sico<\/strong><br \/>\n<strong>\u2022 Constru\u00e7\u00e3o civil<\/strong><br \/>\n<strong>\u2022 Manuten\u00e7\u00e3o<\/strong><br \/>\n<strong>\u2022 Metal mec\u00e2nica<\/strong><br \/>\n<strong>\u2022 Naval, pl\u00e1stica, cer\u00e2mica<\/strong><br \/>\n<strong>\u2022 M\u00e9dico hospitalar<\/strong><br \/>\n<strong>\u2022 Uso dom\u00e9stico e outras<\/strong><\/td>\n<td rowspan=\"10\" valign=\"top\"><strong><img decoding=\"async\" class=\"aligncenter size-full wp-image-106\" src=\"http:\/\/supersafety.com.br\/wp-content\/uploads\/2016\/08\/ean-374.jpg\" alt=\"ean-374\" width=\"99\" height=\"249\" \/><\/strong><\/td>\n<\/tr>\n<tr>\n<th><strong>\u00a0Espessura<\/strong><\/th>\n<th><strong>0,50 Mm ou 500 micra<\/strong><\/th>\n<\/tr>\n<tr>\n<td bgcolor=\"#E1E1E1\"><strong>\u00a0Acabamento<\/strong><\/td>\n<td bgcolor=\"#E1E1E1\"><strong>Palma antiderrapante tipo diamante<\/strong><\/td>\n<\/tr>\n<tr>\n<td><strong>\u00a0Revest. interno<\/strong><\/td>\n<td><strong>Algod\u00e3o flocado<\/strong><\/td>\n<\/tr>\n<tr>\n<td bgcolor=\"#E1E1E1\"><strong>\u00a0C.A.<\/strong><\/td>\n<td bgcolor=\"#E1E1E1\"><strong>33.333<\/strong><\/td>\n<\/tr>\n<tr>\n<td><strong>\u00a0Tam. dispon\u00edveis<\/strong><\/td>\n<td><strong>7 8 9 10 11<\/strong><\/td>\n<\/tr>\n<tr>\n<td bgcolor=\"#E1E1E1\"><strong>\u00a0Embalagem<\/strong><\/td>\n<td bgcolor=\"#E1E1E1\"><strong>10 Pares<\/strong><\/td>\n<\/tr>\n<tr>\n<td><strong>\u00a0Cor<\/strong><\/td>\n<td><strong>Azul\/Amarelo<\/strong><\/td>\n<\/tr>\n<tr>\n<td bgcolor=\"#E1E1E1\"><strong>\u00a0<\/strong><\/td>\n<td bgcolor=\"#E1E1E1\"><strong>\u00a0<\/strong><\/td>\n<\/tr>\n<\/tbody>\n<\/table>\n","protected":false},"featured_media":3527,"comment_status":"open","ping_status":"closed","template":"","meta":[],"product_brand":[],"product_cat":[6,9,94],"product_tag":[],"class_list":{"0":"post-3526","1":"product","2":"type-product","3":"status-publish","4":"has-post-thumbnail","6":"product_cat-luvas","7":"product_cat-luvas-quimico","8":"product_cat-supersafety","10":"first","11":"onbackorder","12":"featured","13":"taxable","14":"shipping-taxable","15":"purchasable","16":"product-type-variable"},"_links":{"self":[{"href":"https:\/\/segtotaltreinamentos.com.br\/Loja\/wp-json\/wp\/v2\/product\/3526","targetHints":{"allow":["GET"]}}],"collection":[{"href":"https:\/\/segtotaltreinamentos.com.br\/Loja\/wp-json\/wp\/v2\/product"}],"about":[{"href":"https:\/\/segtotaltreinamentos.com.br\/Loja\/wp-json\/wp\/v2\/types\/product"}],"replies":[{"embeddable":true,"href":"https:\/\/segtotaltreinamentos.com.br\/Loja\/wp-json\/wp\/v2\/comments?post=3526"}],"wp:featuredmedia":[{"embeddable":true,"href":"https:\/\/segtotaltreinamentos.com.br\/Loja\/wp-json\/wp\/v2\/media\/3527"}],"wp:attachment":[{"href":"https:\/\/segtotaltreinamentos.com.br\/Loja\/wp-json\/wp\/v2\/media?parent=3526"}],"wp:term":[{"taxonomy":"product_brand","embeddable":true,"href":"https:\/\/segtotaltreinamentos.com.br\/Loja\/wp-json\/wp\/v2\/product_brand?post=3526"},{"taxonomy":"product_cat","embeddable":true,"href":"https:\/\/segtotaltreinamentos.com.br\/Loja\/wp-json\/wp\/v2\/product_cat?post=3526"},{"taxonomy":"product_tag","embeddable":true,"href":"https:\/\/segtotaltreinamentos.com.br\/Loja\/wp-json\/wp\/v2\/product_tag?post=3526"}],"curies":[{"name":"wp","href":"https:\/\/api.w.org\/{rel}","templated":true}]}}