{"id":3536,"date":"2017-03-25T15:01:29","date_gmt":"2017-03-25T15:01:29","guid":{"rendered":"http:\/\/segtotaltreinamentos.com.br\/Loja\/?post_type=product&#038;p=3536"},"modified":"2019-01-14T17:48:33","modified_gmt":"2019-01-14T17:48:33","slug":"blocante-trava-quedas-para-corda-vic29041g","status":"publish","type":"product","link":"https:\/\/segtotaltreinamentos.com.br\/Loja\/produto\/blocante-trava-quedas-para-corda-vic29041g\/","title":{"rendered":"Blocante Trava-Quedas Para Corda &#8211; VIC29041G"},"content":{"rendered":"<p><a href=\"https:\/\/segtotaltreinamentos.com.br\/Loja\/wp-content\/uploads\/2017\/03\/FT-BLOCANTE-TRAVA-QUEDA-VICSA-VIC29041G.pdf\">FT-BLOCANTE-TRAVA-QUEDA-VICSA-VIC29041G<\/a><\/p>\n","protected":false},"excerpt":{"rendered":"<p>Principais Caracter\u00edsticas<\/p>\n<p>Extremamente leve<\/p>\n<p>Corpo em alum\u00ednio<\/p>\n<p>Acompanha mosquet\u00e3o oval trava dupla<\/p>\n<p>Uso em corda de 09 a 13 mm<\/p>\n<p>Chip NFC para inspe\u00e7\u00e3o atrav\u00e9s do<\/p>\n<p>celular &#8211; Check EPI<\/p>\n<p>&nbsp;<\/p>\n<p>Principais Aplica\u00e7\u00f5es<\/p>\n<p>Para trabalho com corda e facilitar a movimenta\u00e7\u00e3o vertical do usu\u00e1rio<\/p>\n<p>Blocante trava quedas para corda com o corpo em alum\u00ednio e para uso em cordas de 09 a 13 mm.<\/p>\n","protected":false},"featured_media":3537,"comment_status":"open","ping_status":"closed","template":"","meta":[],"product_brand":[],"product_cat":[32,145,80],"product_tag":[],"class_list":{"0":"post-3536","1":"product","2":"type-product","3":"status-publish","4":"has-post-thumbnail","6":"product_cat-trabalho-em-altura","7":"product_cat-trava-quedas","8":"product_cat-vicza","10":"first","11":"outofstock","12":"taxable","13":"shipping-taxable","14":"purchasable","15":"product-type-simple"},"_links":{"self":[{"href":"https:\/\/segtotaltreinamentos.com.br\/Loja\/wp-json\/wp\/v2\/product\/3536","targetHints":{"allow":["GET"]}}],"collection":[{"href":"https:\/\/segtotaltreinamentos.com.br\/Loja\/wp-json\/wp\/v2\/product"}],"about":[{"href":"https:\/\/segtotaltreinamentos.com.br\/Loja\/wp-json\/wp\/v2\/types\/product"}],"replies":[{"embeddable":true,"href":"https:\/\/segtotaltreinamentos.com.br\/Loja\/wp-json\/wp\/v2\/comments?post=3536"}],"wp:featuredmedia":[{"embeddable":true,"href":"https:\/\/segtotaltreinamentos.com.br\/Loja\/wp-json\/wp\/v2\/media\/3537"}],"wp:attachment":[{"href":"https:\/\/segtotaltreinamentos.com.br\/Loja\/wp-json\/wp\/v2\/media?parent=3536"}],"wp:term":[{"taxonomy":"product_brand","embeddable":true,"href":"https:\/\/segtotaltreinamentos.com.br\/Loja\/wp-json\/wp\/v2\/product_brand?post=3536"},{"taxonomy":"product_cat","embeddable":true,"href":"https:\/\/segtotaltreinamentos.com.br\/Loja\/wp-json\/wp\/v2\/product_cat?post=3536"},{"taxonomy":"product_tag","embeddable":true,"href":"https:\/\/segtotaltreinamentos.com.br\/Loja\/wp-json\/wp\/v2\/product_tag?post=3536"}],"curies":[{"name":"wp","href":"https:\/\/api.w.org\/{rel}","templated":true}]}}