{"id":3539,"date":"2017-03-25T15:06:03","date_gmt":"2017-03-25T15:06:03","guid":{"rendered":"http:\/\/segtotaltreinamentos.com.br\/Loja\/?post_type=product&#038;p=3539"},"modified":"2022-03-20T12:50:08","modified_gmt":"2022-03-20T12:50:08","slug":"cinto-de-seguranca-steelpro-vicsa-vic20112-ca-38411","status":"publish","type":"product","link":"https:\/\/segtotaltreinamentos.com.br\/Loja\/produto\/cinto-de-seguranca-steelpro-vicsa-vic20112-ca-38411\/","title":{"rendered":"Cinto de Seguran\u00e7a STEELPRO VICSA VIC20112 CA 38411"},"content":{"rendered":"<p><a href=\"https:\/\/segtotaltreinamentos.com.br\/Loja\/wp-content\/uploads\/2017\/03\/cinturao_de_seguranca_01_ponto_vic20112.pdf\">cinturao_de_seguranca_01_ponto_vic20112<\/a><\/p>\n<p><a href=\"https:\/\/segtotaltreinamentos.com.br\/Loja\/wp-content\/uploads\/2017\/03\/manual_de_instru\u00e7\u00f5es_cintur\u00f5es_de_seguran\u00e7a.pdf\">manual_de_instru\u00e7\u00f5es_cintur\u00f5es_de_seguran\u00e7a<\/a><\/p>\n","protected":false},"excerpt":{"rendered":"<p><b>C\u00f3digo:<br \/>\n<\/b><span style=\"display: inline !important; float: none; background-color: transparent; color: #000000; font-family: 'lato'; font-size: 16px; font-size-adjust: none; font-stretch: 100%; font-style: normal; font-variant: normal; font-weight: 400; letter-spacing: normal; line-height: 20px; orphans: 2; text-align: left; text-decoration: none; text-indent: 0px; text-transform: none; -webkit-text-stroke-width: 0px; white-space: normal; word-spacing: 0px;\">VIC-20.112<\/span><br \/>\n<b>Tamanho(s):<\/b><span style=\"display: inline !important; float: none; background-color: transparent; color: #000000; font-family: 'lato'; font-size: 16px; font-size-adjust: none; font-stretch: 100%; font-style: normal; font-variant: normal; font-weight: 400; letter-spacing: normal; line-height: 20px; orphans: 2; text-align: left; text-decoration: none; text-indent: 0px; text-transform: none; -webkit-text-stroke-width: 0px; white-space: normal; word-spacing: 0px;\"> \u00fanico<\/span><br \/>\n<b>Cor:<\/b><span style=\"display: inline !important; float: none; background-color: transparent; color: #000000; font-family: 'lato'; font-size: 16px; font-size-adjust: none; font-stretch: 100%; font-style: normal; font-variant: normal; font-weight: 400; letter-spacing: normal; line-height: 20px; orphans: 2; text-align: left; text-decoration: none; text-indent: 0px; text-transform: none; -webkit-text-stroke-width: 0px; white-space: normal; word-spacing: 0px;\"> amarela com preta<\/span><br \/>\n<b>Normas T\u00e9cnicas:<\/b><span style=\"display: inline !important; float: none; background-color: transparent; color: #000000; font-family: 'lato'; font-size: 16px; font-size-adjust: none; font-stretch: 100%; font-style: normal; font-variant: normal; font-weight: 400; letter-spacing: normal; line-height: 20px; orphans: 2; text-align: left; text-decoration: none; text-indent: 0px; text-transform: none; -webkit-text-stroke-width: 0px; white-space: normal; word-spacing: 0px;\"> ABNT NBR 15836:2010<\/span><\/p>\n<div id=\"h1-prod\">\n<h1>VIC-20.112<br \/>\nCintur\u00e3o tipo paraquedista com 1 ponto de ancoragem<\/h1>\n<div id=\"prodIcons\">\n<div class=\"fb-like\" data-action=\"like\" data-href=\"https:\/\/www.vicsa.com.br\/cinto-paraquedista-com-1-ponto-de-ancoragem-vic-20112\/\" data-layout=\"button\" data-size=\"small\" data-show-faces=\"false\" data-share=\"true\"><\/div>\n<p><b>Benef\u00edcios<\/b><\/p>\n<\/div>\n<\/div>\n<div id=\"desc-prod\">\n<div id=\"corpo-van-prod\">\n<div id=\"txt-van-prod\">\n<ul>\n<li><img decoding=\"async\" src=\"https:\/\/www.vicsa.com.br\/wp-content\/uploads\/2017\/12\/beneficio-aprovado-vicsa.png\" \/>Super leve e f\u00e1cil de vestir<\/li>\n<li><img decoding=\"async\" src=\"https:\/\/www.vicsa.com.br\/wp-content\/uploads\/2017\/12\/beneficio-aprovado-vicsa.png\" \/>Totalmente em fita de poli\u00e9ster de 45 mm<\/li>\n<li><img decoding=\"async\" src=\"https:\/\/www.vicsa.com.br\/wp-content\/uploads\/2017\/12\/beneficio-aprovado-vicsa.png\" \/>Regulagem de tamanho no peito e nas pernas.<\/li>\n<li><img decoding=\"async\" src=\"https:\/\/www.vicsa.com.br\/wp-content\/uploads\/2017\/12\/beneficio-aprovado-vicsa.png\" \/>Indicador de queda<\/li>\n<li><img decoding=\"async\" src=\"https:\/\/www.vicsa.com.br\/wp-content\/uploads\/2017\/12\/beneficio-aprovado-vicsa.png\" \/>Chip para sistema de inspe\u00e7\u00e3o atrav\u00e9s do celular &#8211; Mob Check<\/li>\n<\/ul>\n<\/div>\n<\/div>\n<div id=\"corpo-desc-prod\"><b>Descri\u00e7\u00e3o<\/b><br \/>\nCintur\u00e3o de seguran\u00e7a tipo paraquedista confeccionado em fita prim\u00e1ria e secund\u00e1ria de poli\u00e9ster de 45 mm, 1 ponto de ancoragem dorsal e fivelas em a\u00e7o para regulagem no peito e nas pernas. Indicador de queda e chip para sistema de inspe\u00e7\u00e3o atrav\u00e9s do celular &#8211; Mob Check.<\/div>\n<div id=\"corpo-desc-prod\">\n<div id=\"txt-van-prod\">\n<p><b>Aplica\u00e7\u00f5es<\/b><\/p>\n<ul>\n<li><img decoding=\"async\" src=\"https:\/\/www.vicsa.com.br\/wp-content\/uploads\/2017\/12\/beneficio-aprovado-vicsa.png\" \/>Deslocamento e restri\u00e7\u00e3o pela argola dorsal<\/li>\n<\/ul>\n<\/div>\n<\/div>\n<\/div>\n<p><b>Modelo:<\/b> VIC20112<\/p>\n<p><b>Marca:<\/b> <a class=\"target-self\" href=\"http:\/\/www.superepi.com.br\/vicsa-m19\/\">Vicsa<\/a><\/p>\n<p><b>Refer\u00eancia:<\/b> CA 38411<\/p>\n<p><b>Conte\u00fado:<\/b> 1 unidade<\/p>\n<p><b>Se\u00e7\u00e3o:<\/b> Altura<\/p>\n<p>&nbsp;<\/p>\n","protected":false},"featured_media":3540,"comment_status":"open","ping_status":"closed","template":"","meta":[],"product_brand":[],"product_cat":[139,32,80],"product_tag":[],"class_list":{"0":"post-3539","1":"product","2":"type-product","3":"status-publish","4":"has-post-thumbnail","6":"product_cat-cintos-de-seguranca","7":"product_cat-trabalho-em-altura","8":"product_cat-vicza","10":"first","11":"onbackorder","12":"taxable","13":"shipping-taxable","14":"purchasable","15":"product-type-simple"},"_links":{"self":[{"href":"https:\/\/segtotaltreinamentos.com.br\/Loja\/wp-json\/wp\/v2\/product\/3539","targetHints":{"allow":["GET"]}}],"collection":[{"href":"https:\/\/segtotaltreinamentos.com.br\/Loja\/wp-json\/wp\/v2\/product"}],"about":[{"href":"https:\/\/segtotaltreinamentos.com.br\/Loja\/wp-json\/wp\/v2\/types\/product"}],"replies":[{"embeddable":true,"href":"https:\/\/segtotaltreinamentos.com.br\/Loja\/wp-json\/wp\/v2\/comments?post=3539"}],"wp:featuredmedia":[{"embeddable":true,"href":"https:\/\/segtotaltreinamentos.com.br\/Loja\/wp-json\/wp\/v2\/media\/3540"}],"wp:attachment":[{"href":"https:\/\/segtotaltreinamentos.com.br\/Loja\/wp-json\/wp\/v2\/media?parent=3539"}],"wp:term":[{"taxonomy":"product_brand","embeddable":true,"href":"https:\/\/segtotaltreinamentos.com.br\/Loja\/wp-json\/wp\/v2\/product_brand?post=3539"},{"taxonomy":"product_cat","embeddable":true,"href":"https:\/\/segtotaltreinamentos.com.br\/Loja\/wp-json\/wp\/v2\/product_cat?post=3539"},{"taxonomy":"product_tag","embeddable":true,"href":"https:\/\/segtotaltreinamentos.com.br\/Loja\/wp-json\/wp\/v2\/product_tag?post=3539"}],"curies":[{"name":"wp","href":"https:\/\/api.w.org\/{rel}","templated":true}]}}