{"id":3544,"date":"2017-03-25T15:12:37","date_gmt":"2017-03-25T15:12:37","guid":{"rendered":"http:\/\/segtotaltreinamentos.com.br\/Loja\/?post_type=product&#038;p=3544"},"modified":"2019-01-14T18:00:20","modified_gmt":"2019-01-14T18:00:20","slug":"polia-de-aluminio-para-corda-vic24402","status":"publish","type":"product","link":"https:\/\/segtotaltreinamentos.com.br\/Loja\/produto\/polia-de-aluminio-para-corda-vic24402\/","title":{"rendered":"Polia de Alum\u00ednio Para Corda &#8211; VIC24402"},"content":{"rendered":"<p><a href=\"https:\/\/segtotaltreinamentos.com.br\/Loja\/wp-content\/uploads\/2017\/03\/FT-POLIA-SIMPLES-ALUMINIO-VICSA-VIC24402.pdf\">FT-POLIA-SIMPLES-ALUMINIO-VICSA-VIC24402<\/a><\/p>\n","protected":false},"excerpt":{"rendered":"<div id=\"produto-txt\">\n<div class=\"box-m\">\n<div class=\"titbox\">Principais Caracter\u00edsticas<\/div>\n<p>Roldana simples para divis\u00e3o de for\u00e7a<\/p>\n<p>Carga de 20 kN<\/p>\n<\/div>\n<div class=\"box-m\">\n<div class=\"titbox\">Principais Aplica\u00e7\u00f5es<\/div>\n<p>Dividir for\u00e7as de carga<\/p>\n<\/div>\n<\/div>\n<div class=\"center-content-prod-dest\">\n<div class=\"produto-txt-g\">\n<p>A polia de alum\u00ednio para corda de 12 mm VICSA suporta cargas de at\u00e9 20 kN e \u00e9 indicada para divis\u00e3o de for\u00e7a.<\/p>\n<\/div>\n<\/div>\n","protected":false},"featured_media":3545,"comment_status":"open","ping_status":"closed","template":"","meta":[],"product_brand":[],"product_cat":[32,80],"product_tag":[],"class_list":{"0":"post-3544","1":"product","2":"type-product","3":"status-publish","4":"has-post-thumbnail","6":"product_cat-trabalho-em-altura","7":"product_cat-vicza","9":"first","10":"outofstock","11":"taxable","12":"shipping-taxable","13":"purchasable","14":"product-type-simple"},"_links":{"self":[{"href":"https:\/\/segtotaltreinamentos.com.br\/Loja\/wp-json\/wp\/v2\/product\/3544","targetHints":{"allow":["GET"]}}],"collection":[{"href":"https:\/\/segtotaltreinamentos.com.br\/Loja\/wp-json\/wp\/v2\/product"}],"about":[{"href":"https:\/\/segtotaltreinamentos.com.br\/Loja\/wp-json\/wp\/v2\/types\/product"}],"replies":[{"embeddable":true,"href":"https:\/\/segtotaltreinamentos.com.br\/Loja\/wp-json\/wp\/v2\/comments?post=3544"}],"wp:featuredmedia":[{"embeddable":true,"href":"https:\/\/segtotaltreinamentos.com.br\/Loja\/wp-json\/wp\/v2\/media\/3545"}],"wp:attachment":[{"href":"https:\/\/segtotaltreinamentos.com.br\/Loja\/wp-json\/wp\/v2\/media?parent=3544"}],"wp:term":[{"taxonomy":"product_brand","embeddable":true,"href":"https:\/\/segtotaltreinamentos.com.br\/Loja\/wp-json\/wp\/v2\/product_brand?post=3544"},{"taxonomy":"product_cat","embeddable":true,"href":"https:\/\/segtotaltreinamentos.com.br\/Loja\/wp-json\/wp\/v2\/product_cat?post=3544"},{"taxonomy":"product_tag","embeddable":true,"href":"https:\/\/segtotaltreinamentos.com.br\/Loja\/wp-json\/wp\/v2\/product_tag?post=3544"}],"curies":[{"name":"wp","href":"https:\/\/api.w.org\/{rel}","templated":true}]}}