{"id":3559,"date":"2017-03-25T16:06:07","date_gmt":"2017-03-25T16:06:07","guid":{"rendered":"http:\/\/segtotaltreinamentos.com.br\/Loja\/?post_type=product&#038;p=3559"},"modified":"2019-01-12T18:11:10","modified_gmt":"2019-01-12T18:11:10","slug":"mochila-para-corda-gr-azul-codigo354","status":"publish","type":"product","link":"https:\/\/segtotaltreinamentos.com.br\/Loja\/produto\/mochila-para-corda-gr-azul-codigo354\/","title":{"rendered":"MOCHILA PARA CORDA GR AZUL ou Amarela C\u00d3DIGO354"},"content":{"rendered":"","protected":false},"excerpt":{"rendered":"<div id=\"comp-iz0p569y\" class=\"s6\" data-reactid=\".0.$SITE_ROOT.$desktop_siteRoot.$PAGES_CONTAINER.1.1.$SITE_PAGES.$vvxtd.1.$comp-iz0p569y\">\n<h2 class=\"font_2\">MOCHILA PARA CORDAS<\/h2>\n<\/div>\n<div id=\"comp-iz0p569y1\" class=\"s6\" data-reactid=\".0.$SITE_ROOT.$desktop_siteRoot.$PAGES_CONTAINER.1.1.$SITE_PAGES.$vvxtd.1.$comp-iz0p569y1\">\n<p class=\"font_8\">DESENVOLVIDA PARA ELEVAR O N\u00cdVEL DE ORGANIZA\u00c7\u00c3O E SEGURAN\u00c7A DAS SUAS ESCALADAS<\/p>\n<p class=\"font_8\"><span class=\"wixGuard\">\u200b<\/span><\/p>\n<p class=\"font_8\">Pr\u00e1ticas, funcionais e dur\u00e1veis, as Mochilas para Cordas Montana prolongam\u00a0a vida \u00fatil das suas cordas, facilitam as escaladas e contribuem com a sua seguran\u00e7a. Possuem al\u00e7as acolchoadas, laterais e fundo projetados para drenagem e grande resist\u00eancia \u00e0 tra\u00e7\u00e3o e atritos. Estas mochilas s\u00e3o ideais para transportar kit de altura.<\/p>\n<div id=\"comp-iz1k6igw\" class=\"s6\" data-reactid=\".0.$SITE_ROOT.$desktop_siteRoot.$PAGES_CONTAINER.1.1.$SITE_PAGES.$zo4jw.$comp-iz1k6igw\">\n<p class=\"font_8\">&#8211; Laminado termopl\u00e1stico de PVC refor\u00e7ado com tecido de poli\u00e9ster de alta tenacidade, com tratamento anti-wicking, que evita a impregna\u00e7\u00e3o de sujeira no tecido, aumentando a sua durabilidade.<\/p>\n<p class=\"font_8\"><span class=\"wixGuard\">\u200b<\/span><\/p>\n<p class=\"font_8\">&#8211; Camada de PVC com alto \u00edndice de aditivos anti-UV para evitar amarelamento e ressecamento do material. Pigmentos de alta solidez \u00e0 luz que evitam o desbotamento precoce da cor.<\/p>\n<p class=\"font_8\"><span class=\"wixGuard\">\u200b<\/span><\/p>\n<p class=\"font_8\">&#8211; Bio-Prut Prote\u00e7\u00e3o contra manchas provocadas por fungos e microorganismos.<\/p>\n<p class=\"font_8\"><span class=\"wixGuard\">\u200b<\/span><\/p>\n<p class=\"font_8\">&#8211; Auto-extingu\u00edvel, imperme\u00e1vel e flex\u00edvel.<\/p>\n<p class=\"font_8\"><span class=\"wixGuard\">\u200b<\/span><\/p>\n<p class=\"font_8\">&#8211;\u00a0Al\u00e7as termoformadas que proporcionam mais conforto.<\/p>\n<p class=\"font_8\">&#8211; Laterais e fundos projetados para drenagem com tela.<\/p>\n<p class=\"font_8\">DIMENS\u00d5ES<\/p>\n<p class=\"font_8\"><span class=\"wixGuard\">\u200b<\/span><\/p>\n<p>45lts&#8230;&#8230;21 X 34 x 70 cm&#8230;&#8230;1,326 kg<\/p>\n<\/div>\n<\/div>\n","protected":false},"featured_media":3560,"comment_status":"open","ping_status":"closed","template":"","meta":[],"product_brand":[],"product_cat":[147,41,32],"product_tag":[],"class_list":{"0":"post-3559","1":"product","2":"type-product","3":"status-publish","4":"has-post-thumbnail","6":"product_cat-bolsas-e-mochilas","7":"product_cat-montana","8":"product_cat-trabalho-em-altura","10":"first","11":"outofstock","12":"taxable","13":"shipping-taxable","14":"purchasable","15":"product-type-simple"},"_links":{"self":[{"href":"https:\/\/segtotaltreinamentos.com.br\/Loja\/wp-json\/wp\/v2\/product\/3559","targetHints":{"allow":["GET"]}}],"collection":[{"href":"https:\/\/segtotaltreinamentos.com.br\/Loja\/wp-json\/wp\/v2\/product"}],"about":[{"href":"https:\/\/segtotaltreinamentos.com.br\/Loja\/wp-json\/wp\/v2\/types\/product"}],"replies":[{"embeddable":true,"href":"https:\/\/segtotaltreinamentos.com.br\/Loja\/wp-json\/wp\/v2\/comments?post=3559"}],"wp:featuredmedia":[{"embeddable":true,"href":"https:\/\/segtotaltreinamentos.com.br\/Loja\/wp-json\/wp\/v2\/media\/3560"}],"wp:attachment":[{"href":"https:\/\/segtotaltreinamentos.com.br\/Loja\/wp-json\/wp\/v2\/media?parent=3559"}],"wp:term":[{"taxonomy":"product_brand","embeddable":true,"href":"https:\/\/segtotaltreinamentos.com.br\/Loja\/wp-json\/wp\/v2\/product_brand?post=3559"},{"taxonomy":"product_cat","embeddable":true,"href":"https:\/\/segtotaltreinamentos.com.br\/Loja\/wp-json\/wp\/v2\/product_cat?post=3559"},{"taxonomy":"product_tag","embeddable":true,"href":"https:\/\/segtotaltreinamentos.com.br\/Loja\/wp-json\/wp\/v2\/product_tag?post=3559"}],"curies":[{"name":"wp","href":"https:\/\/api.w.org\/{rel}","templated":true}]}}