{"id":3561,"date":"2017-03-25T16:11:06","date_gmt":"2017-03-25T16:11:06","guid":{"rendered":"http:\/\/segtotaltreinamentos.com.br\/Loja\/?post_type=product&#038;p=3561"},"modified":"2019-01-12T17:42:58","modified_gmt":"2019-01-12T17:42:58","slug":"protetor-de-cordas","status":"publish","type":"product","link":"https:\/\/segtotaltreinamentos.com.br\/Loja\/produto\/protetor-de-cordas\/","title":{"rendered":"PROTETOR DE CORDAS de 0,9 m"},"content":{"rendered":"","protected":false},"excerpt":{"rendered":"<div id=\"comp-iz0p5n701\" class=\"s6\" data-reactid=\".0.$SITE_ROOT.$desktop_siteRoot.$PAGES_CONTAINER.1.1.$SITE_PAGES.$hyobx.1.$comp-iz0p5n701\">\n<p class=\"font_8\">AUMENTE A VIDA \u00daTIL DAS SUAS CORDAS\u00a0E A SUA SEGURAN\u00c7A<\/p>\n<p class=\"font_8\">Produzido em material flex\u00edvel e super resistente, este equipamento \u00e9 indispens\u00e1vel para proteger<\/p>\n<p class=\"font_8\">suas cordas dos cantos afiados das rochas ou quinas, garantindo maior durabilidade e mais seguran\u00e7a. Possui um gancho em a\u00e7o inox em uma das extremidades, o que facilita muito a fixa\u00e7\u00e3o na corda, dispensando o uso de qualquer outro recurso\u00a0ou acess\u00f3rio.<\/p>\n<div id=\"comp-iz1l46wx\" class=\"s6\" data-reactid=\".0.$SITE_ROOT.$desktop_siteRoot.$PAGES_CONTAINER.1.1.$SITE_PAGES.$ypyhq.$comp-iz1l46wx\">\n<p class=\"font_8\">&#8211; Laminado termopl\u00e1stico de PVC refor\u00e7ado com tecido 100%\u00a0poli\u00e9ster de alta tenacidade (920 DIN), com tratamento anti-wicking, que evita a impregna\u00e7\u00e3o de sujeira no tecido, aumentando a sua durabilidade.<\/p>\n<p class=\"font_8\"><span class=\"wixGuard\">\u200b<\/span><\/p>\n<p class=\"font_8\">&#8211; Camada de PVC com alto \u00edndice de aditivos anti-UV e pigmentos de alta solidez \u00e0 luz\u00a0para evitar o desbotamento da cor e ressecamento do material.<\/p>\n<p class=\"font_8\"><span class=\"wixGuard\">\u200b<\/span><\/p>\n<p class=\"font_8\">&#8211; Bio-Prut Prote\u00e7\u00e3o contra manchas provocadas por fungos e microorganismos.<\/p>\n<p class=\"font_8\"><span class=\"wixGuard\">\u200b<\/span><\/p>\n<p class=\"font_8\">&#8211; Auto-extingu\u00edvel, imperme\u00e1vel e flex\u00edvel.<\/p>\n<p class=\"font_8\"><span class=\"wixGuard\">\u200b<\/span><\/p>\n<p class=\"font_8\">&#8211; Fechamento em velcro para cordas com di\u00e2metro<br \/>\nde at\u00e9 19mm.<\/p>\n<p class=\"font_8\">&#8211;\u00a0Acompanha gancho em a\u00e7o inox para f\u00e1cil fixa\u00e7\u00e3o na corda.<\/p>\n<div id=\"comp-iz1l46x2\" class=\"s6\" data-reactid=\".0.$SITE_ROOT.$desktop_siteRoot.$PAGES_CONTAINER.1.1.$SITE_PAGES.$ypyhq.$comp-iz1l46x2\">\n<p class=\"font_8\">DIMENS\u00d5ES<\/p>\n<p class=\"font_8\"><span class=\"wixGuard\">\u200b<\/span><\/p>\n<p class=\"font_8\">Protetor para Corda 40cm (65g)<\/p>\n<p class=\"font_8\"><span class=\"wixGuard\">\u200b<\/span><\/p>\n<p class=\"font_8\">Protetor para Corda 60cm (85g<\/p>\n<p class=\"font_8\"><span class=\"wixGuard\">\u200b<\/span><\/p>\n<p class=\"font_8\">Protetor para Corda 80cm (105g)<\/p>\n<p class=\"font_8\">Protetor para Corda 120cm (145g)<\/p>\n<\/div>\n<\/div>\n<\/div>\n","protected":false},"featured_media":3562,"comment_status":"open","ping_status":"closed","template":"","meta":[],"product_brand":[],"product_cat":[41,142,32],"product_tag":[],"class_list":{"0":"post-3561","1":"product","2":"type-product","3":"status-publish","4":"has-post-thumbnail","6":"product_cat-montana","7":"product_cat-protetores-de-corda","8":"product_cat-trabalho-em-altura","10":"first","11":"outofstock","12":"taxable","13":"shipping-taxable","14":"purchasable","15":"product-type-simple"},"_links":{"self":[{"href":"https:\/\/segtotaltreinamentos.com.br\/Loja\/wp-json\/wp\/v2\/product\/3561","targetHints":{"allow":["GET"]}}],"collection":[{"href":"https:\/\/segtotaltreinamentos.com.br\/Loja\/wp-json\/wp\/v2\/product"}],"about":[{"href":"https:\/\/segtotaltreinamentos.com.br\/Loja\/wp-json\/wp\/v2\/types\/product"}],"replies":[{"embeddable":true,"href":"https:\/\/segtotaltreinamentos.com.br\/Loja\/wp-json\/wp\/v2\/comments?post=3561"}],"wp:featuredmedia":[{"embeddable":true,"href":"https:\/\/segtotaltreinamentos.com.br\/Loja\/wp-json\/wp\/v2\/media\/3562"}],"wp:attachment":[{"href":"https:\/\/segtotaltreinamentos.com.br\/Loja\/wp-json\/wp\/v2\/media?parent=3561"}],"wp:term":[{"taxonomy":"product_brand","embeddable":true,"href":"https:\/\/segtotaltreinamentos.com.br\/Loja\/wp-json\/wp\/v2\/product_brand?post=3561"},{"taxonomy":"product_cat","embeddable":true,"href":"https:\/\/segtotaltreinamentos.com.br\/Loja\/wp-json\/wp\/v2\/product_cat?post=3561"},{"taxonomy":"product_tag","embeddable":true,"href":"https:\/\/segtotaltreinamentos.com.br\/Loja\/wp-json\/wp\/v2\/product_tag?post=3561"}],"curies":[{"name":"wp","href":"https:\/\/api.w.org\/{rel}","templated":true}]}}