{"id":3571,"date":"2017-03-27T14:23:54","date_gmt":"2017-03-27T14:23:54","guid":{"rendered":"http:\/\/segtotaltreinamentos.com.br\/Loja\/index.php\/produto\/oculos-de-protecao-cinza-aguia\/"},"modified":"2017-03-27T14:27:10","modified_gmt":"2017-03-27T14:27:10","slug":"oculos-de-protecao-cinza-aguia","status":"publish","type":"product","link":"https:\/\/segtotaltreinamentos.com.br\/Loja\/produto\/oculos-de-protecao-cinza-aguia\/","title":{"rendered":"\u00d3culos de Prote\u00e7\u00e3o Cinza Aguia"},"content":{"rendered":"<p><a href=\"https:\/\/segtotaltreinamentos.com.br\/Loja\/wp-content\/uploads\/2016\/07\/FT-OCULOS-DANNY-AGUIA-CA15298-DA14700.pdf\">FT-OCULOS-DANNY-AGUIA-CA15298-DA14700<\/a><\/p>\n","protected":false},"excerpt":{"rendered":"<div id=\"corpo-desc-prod\"><b>Descri\u00e7\u00e3o<\/b><br \/>\n\u00d3culos de prote\u00e7\u00e3o confeccionados em policarbonato \u00f3ptico, lente curva, leve e resistente.Haste de material pl\u00e1stico, tipo esp\u00e1tula, male\u00e1vel.<\/div>\n<div id=\"corpo-van-prod\">\n<div id=\"txt-van-prod\">\n<p><b>Vantagens<\/b>Por ser fabricado em policarbonato virgem de alta qualidade, oferece maior prote\u00e7\u00e3o a part\u00edculas volantes. Seu design moderno e leve aumenta o conforto do usu\u00e1rio. Hastes chatas tornam mais confort\u00e1vel o uso compartilhado com abafadores tipo concha. Possui tratamento antirrisco, garantindo alta rela\u00e7\u00e3o custo versus benef\u00edcio. Todas as tonalidades de lentes filtram 99,9% da radia\u00e7\u00e3o UVA e UVB.<\/p>\n<\/div>\n<\/div>\n","protected":false},"featured_media":3573,"comment_status":"open","ping_status":"closed","template":"","meta":[],"product_brand":[],"product_cat":[39,20],"product_tag":[],"class_list":{"0":"post-3571","1":"product","2":"type-product","3":"status-publish","4":"has-post-thumbnail","6":"product_cat-danny","7":"product_cat-oculos","9":"first","10":"onbackorder","11":"taxable","12":"shipping-taxable","13":"purchasable","14":"product-type-simple"},"_links":{"self":[{"href":"https:\/\/segtotaltreinamentos.com.br\/Loja\/wp-json\/wp\/v2\/product\/3571","targetHints":{"allow":["GET"]}}],"collection":[{"href":"https:\/\/segtotaltreinamentos.com.br\/Loja\/wp-json\/wp\/v2\/product"}],"about":[{"href":"https:\/\/segtotaltreinamentos.com.br\/Loja\/wp-json\/wp\/v2\/types\/product"}],"replies":[{"embeddable":true,"href":"https:\/\/segtotaltreinamentos.com.br\/Loja\/wp-json\/wp\/v2\/comments?post=3571"}],"wp:featuredmedia":[{"embeddable":true,"href":"https:\/\/segtotaltreinamentos.com.br\/Loja\/wp-json\/wp\/v2\/media\/3573"}],"wp:attachment":[{"href":"https:\/\/segtotaltreinamentos.com.br\/Loja\/wp-json\/wp\/v2\/media?parent=3571"}],"wp:term":[{"taxonomy":"product_brand","embeddable":true,"href":"https:\/\/segtotaltreinamentos.com.br\/Loja\/wp-json\/wp\/v2\/product_brand?post=3571"},{"taxonomy":"product_cat","embeddable":true,"href":"https:\/\/segtotaltreinamentos.com.br\/Loja\/wp-json\/wp\/v2\/product_cat?post=3571"},{"taxonomy":"product_tag","embeddable":true,"href":"https:\/\/segtotaltreinamentos.com.br\/Loja\/wp-json\/wp\/v2\/product_tag?post=3571"}],"curies":[{"name":"wp","href":"https:\/\/api.w.org\/{rel}","templated":true}]}}