{"id":3583,"date":"2017-04-01T17:26:20","date_gmt":"2017-04-01T17:26:20","guid":{"rendered":"http:\/\/segtotaltreinamentos.com.br\/Loja\/?post_type=product&#038;p=3583"},"modified":"2017-04-01T17:26:57","modified_gmt":"2017-04-01T17:26:57","slug":"luva-latex-ranhurada","status":"publish","type":"product","link":"https:\/\/segtotaltreinamentos.com.br\/Loja\/produto\/luva-latex-ranhurada\/","title":{"rendered":"Luva L\u00e1tex Ranhurada"},"content":{"rendered":"<p><a href=\"https:\/\/segtotaltreinamentos.com.br\/Loja\/wp-content\/uploads\/2017\/04\/44-14022017145556.pdf\">44-14022017145556<\/a><\/p>\n<p><a href=\"https:\/\/segtotaltreinamentos.com.br\/Loja\/wp-content\/uploads\/2017\/04\/16-10022016173828.pdf\">16-10022016173828<\/a><\/p>\n","protected":false},"excerpt":{"rendered":"<h3>Descri\u00e7\u00e3o<\/h3>\n<p>Luva de seguran\u00e7a confeccionada em borracha natural (l\u00e1tex) super refor\u00e7ada; sem revestimento interno; antiderrapante na face palmar, nos dedos e na ponta dos dedos.<\/p>\n<hr \/>\n<h4>Especifica\u00e7\u00f5es<\/h4>\n<p><strong>CA: <\/strong>15100<br \/>\n<strong>Comprimento: <\/strong>40cm<br \/>\n<strong>Tamanhos: <\/strong>7(P)* 8 (M) 9 (G) 10 (EG)<br \/>\n<strong>Uso: <\/strong>Reutiliz\u00e1vel<br \/>\n<strong>Formato: <\/strong>Anat\u00f4mico<br \/>\n<strong>Estrutura: <\/strong>Sem Suporte T\u00eaxtil<br \/>\n<strong>Acabamento interno: <\/strong>Clorinado<br \/>\n<strong>Punho: <\/strong>Virola<br \/>\n<strong>Embalagem: <\/strong>Pacote com 10 pares, Caixa com 100 pares<br \/>\n<strong>Grip: <\/strong>Colmeia<\/p>\n<hr \/>\n<h4>Vantagens e benef\u00edcios<\/h4>\n<p><strong>SUPER RESIST\u00caNCIA E DURABILIDADE<\/strong><\/p>\n<p><strong>FLEXIBILIDADE E CONFORTO<\/strong><\/p>\n<p><strong>CANO LONGO &#8211; PROTE\u00c7\u00c3O DO ANTEBRA\u00c7O<\/strong><\/p>\n<p><strong>ANTIDERRAPANTE NA PALMA DE ALTA EFICI\u00caNCIA<\/strong><\/p>\n<h4>Aplica\u00e7\u00f5es<\/h4>\n<p>Remo\u00e7\u00e3o de\u00a0pelos do animal, retirada de pelos do sof\u00e1, bancos de carro e outros. Servi\u00e7os de higieniza\u00e7\u00e3o, conserva\u00e7\u00e3o e limpeza, jardinagem e paisagismo, saneamento b\u00e1sico (ETE\/ETA). Ind\u00fastria aliment\u00edcia, frigor\u00edficos (aves, su\u00ednos, peixes e bovinos), hospitais e laborat\u00f3rios (centrais de materiais). Constru\u00e7\u00e3o civil, ind\u00fastria metalmec\u00e2nica, e outras.<\/p>\n<p>* Este produto cont\u00e9m l\u00e1tex de borracha natural, seu uso pode causar rea\u00e7\u00f5es al\u00e9rgicas em pessoas sens\u00edveis ao l\u00e1tex.<\/p>\n<hr \/>\n<h4>Potenciais clientes<\/h4>\n<p>Mercado pet shop, conserva\u00e7\u00e3o e limpeza, jardinagem e paisagismo, saneamento b\u00e1sico (ETE\/ETA), ind\u00fastria aliment\u00edcia, frigor\u00edficos (aves, su\u00ednos, peixes e bovinos), hospitais e laborat\u00f3rios (centrais de materiais). constru\u00e7\u00e3o civil, ind\u00fastria metalmec\u00e2nica, e outras.<\/p>\n","protected":false},"featured_media":3586,"comment_status":"open","ping_status":"closed","template":"","meta":[],"product_brand":[],"product_cat":[6,9,86],"product_tag":[],"class_list":{"0":"post-3583","1":"product","2":"type-product","3":"status-publish","4":"has-post-thumbnail","6":"product_cat-luvas","7":"product_cat-luvas-quimico","8":"product_cat-volk","10":"first","11":"outofstock","12":"taxable","13":"shipping-taxable","14":"purchasable","15":"product-type-simple"},"_links":{"self":[{"href":"https:\/\/segtotaltreinamentos.com.br\/Loja\/wp-json\/wp\/v2\/product\/3583","targetHints":{"allow":["GET"]}}],"collection":[{"href":"https:\/\/segtotaltreinamentos.com.br\/Loja\/wp-json\/wp\/v2\/product"}],"about":[{"href":"https:\/\/segtotaltreinamentos.com.br\/Loja\/wp-json\/wp\/v2\/types\/product"}],"replies":[{"embeddable":true,"href":"https:\/\/segtotaltreinamentos.com.br\/Loja\/wp-json\/wp\/v2\/comments?post=3583"}],"wp:featuredmedia":[{"embeddable":true,"href":"https:\/\/segtotaltreinamentos.com.br\/Loja\/wp-json\/wp\/v2\/media\/3586"}],"wp:attachment":[{"href":"https:\/\/segtotaltreinamentos.com.br\/Loja\/wp-json\/wp\/v2\/media?parent=3583"}],"wp:term":[{"taxonomy":"product_brand","embeddable":true,"href":"https:\/\/segtotaltreinamentos.com.br\/Loja\/wp-json\/wp\/v2\/product_brand?post=3583"},{"taxonomy":"product_cat","embeddable":true,"href":"https:\/\/segtotaltreinamentos.com.br\/Loja\/wp-json\/wp\/v2\/product_cat?post=3583"},{"taxonomy":"product_tag","embeddable":true,"href":"https:\/\/segtotaltreinamentos.com.br\/Loja\/wp-json\/wp\/v2\/product_tag?post=3583"}],"curies":[{"name":"wp","href":"https:\/\/api.w.org\/{rel}","templated":true}]}}