{"id":3594,"date":"2017-04-03T18:25:04","date_gmt":"2017-04-03T18:25:04","guid":{"rendered":"http:\/\/segtotaltreinamentos.com.br\/Loja\/?post_type=product&#038;p=3594"},"modified":"2020-05-01T12:53:02","modified_gmt":"2020-05-01T12:53:02","slug":"luva-para-procedimento-nao-cirurgico-sem-po-latex","status":"publish","type":"product","link":"https:\/\/segtotaltreinamentos.com.br\/Loja\/produto\/luva-para-procedimento-nao-cirurgico-sem-po-latex\/","title":{"rendered":"Luva para procedimento N\u00e3o Cir\u00fargico sem p\u00f3 \u2013 L\u00c1TEX"},"content":{"rendered":"<p><a href=\"https:\/\/segtotaltreinamentos.com.br\/Loja\/wp-content\/uploads\/2017\/04\/laminas_tecnincas_geral_SUPERMAX_005-005-PREMIUM-QUALITY.pdf\">laminas_tecnincas_geral_SUPERMAX_005-005 PREMIUM QUALITY<\/a><\/p>\n","protected":false},"excerpt":{"rendered":"<h6 class=\"vc_custom_heading\">Supermax Powder Free<\/h6>\n<div class=\"wpb_text_column wpb_content_element \">\n<div class=\"wpb_wrapper\">\n<p align=\"left\">Por ser totalmente isenta de p\u00f3, a luva Powder Free \u00e9 indicada especialmente para prevenir o aparecimento de rea\u00e7\u00f5es al\u00e9rgicas em usu\u00e1rios e pacientes com sensibilidade ao l\u00e1tex.<\/p>\n<p align=\"left\">A Luva Powder Free passa por um processo de fabrica\u00e7\u00e3o rigoroso, onde as prote\u00ednas do l\u00e1tex, que s\u00e3o as respons\u00e1veis pela rea\u00e7\u00e3o al\u00e9rgica no usu\u00e1rio, s\u00e3o extra\u00eddas das luvas at\u00e9 n\u00edveis muito baixos, sendo ideal para pessoas com pr\u00e9-disposi\u00e7\u00e3o \u00e0 alergia ao l\u00e1tex.<\/p>\n<p align=\"left\">Indicada para uso hospitalar, odontol\u00f3gico, est\u00e9tica, est\u00fadio de tatuagem e demais \u00e1reas onde h\u00e1 possibilidade de contato com sangue e\/ou fluidos corp\u00f3reos.<\/p>\n<\/div>\n<\/div>\n","protected":false},"featured_media":3595,"comment_status":"open","ping_status":"closed","template":"","meta":[],"product_brand":[],"product_cat":[6,107],"product_tag":[],"class_list":{"0":"post-3594","1":"product","2":"type-product","3":"status-publish","4":"has-post-thumbnail","6":"product_cat-luvas","7":"product_cat-supermax","9":"first","10":"onbackorder","11":"taxable","12":"shipping-taxable","13":"purchasable","14":"product-type-variable"},"_links":{"self":[{"href":"https:\/\/segtotaltreinamentos.com.br\/Loja\/wp-json\/wp\/v2\/product\/3594","targetHints":{"allow":["GET"]}}],"collection":[{"href":"https:\/\/segtotaltreinamentos.com.br\/Loja\/wp-json\/wp\/v2\/product"}],"about":[{"href":"https:\/\/segtotaltreinamentos.com.br\/Loja\/wp-json\/wp\/v2\/types\/product"}],"replies":[{"embeddable":true,"href":"https:\/\/segtotaltreinamentos.com.br\/Loja\/wp-json\/wp\/v2\/comments?post=3594"}],"wp:featuredmedia":[{"embeddable":true,"href":"https:\/\/segtotaltreinamentos.com.br\/Loja\/wp-json\/wp\/v2\/media\/3595"}],"wp:attachment":[{"href":"https:\/\/segtotaltreinamentos.com.br\/Loja\/wp-json\/wp\/v2\/media?parent=3594"}],"wp:term":[{"taxonomy":"product_brand","embeddable":true,"href":"https:\/\/segtotaltreinamentos.com.br\/Loja\/wp-json\/wp\/v2\/product_brand?post=3594"},{"taxonomy":"product_cat","embeddable":true,"href":"https:\/\/segtotaltreinamentos.com.br\/Loja\/wp-json\/wp\/v2\/product_cat?post=3594"},{"taxonomy":"product_tag","embeddable":true,"href":"https:\/\/segtotaltreinamentos.com.br\/Loja\/wp-json\/wp\/v2\/product_tag?post=3594"}],"curies":[{"name":"wp","href":"https:\/\/api.w.org\/{rel}","templated":true}]}}