{"id":3633,"date":"2017-04-20T12:10:37","date_gmt":"2017-04-20T12:10:37","guid":{"rendered":"http:\/\/segtotaltreinamentos.com.br\/Loja\/?post_type=product&#038;p=3633"},"modified":"2017-04-20T12:10:37","modified_gmt":"2017-04-20T12:10:37","slug":"luva-nitrilica-volk-45","status":"publish","type":"product","link":"https:\/\/segtotaltreinamentos.com.br\/Loja\/produto\/luva-nitrilica-volk-45\/","title":{"rendered":"Luva Nitr\u00edlica Volk 45"},"content":{"rendered":"<p><a href=\"https:\/\/segtotaltreinamentos.com.br\/Loja\/wp-content\/uploads\/2017\/04\/10-11022016123545.pdf\">10-11022016123545<\/a><\/p>\n<p><a href=\"https:\/\/segtotaltreinamentos.com.br\/Loja\/wp-content\/uploads\/2017\/04\/49-27102016165336.pdf\">49-27102016165336<\/a><\/p>\n","protected":false},"excerpt":{"rendered":"<h3>Descri\u00e7\u00e3o<\/h3>\n<p>Luva de seguran\u00e7a confeccionada em borracha nitr\u00edlica, sem revestimento interno, antiderrapante na face palmar e pontas dos dedos.<\/p>\n<hr \/>\n<h4>Especifica\u00e7\u00f5es<\/h4>\n<p><strong>CA: <\/strong>14334<br \/>\n<strong>Comprimento: <\/strong>45cm<br \/>\n<strong>Tamanhos: <\/strong>8 (M) 9 (G) 10 (EG)<br \/>\n<strong>Espessura:\u00a0<\/strong>0,65mm<br \/>\n<strong>Uso: <\/strong>Reutiliz\u00e1vel<br \/>\n<strong>Formato: <\/strong>Anat\u00f4mico<br \/>\n<strong>Estrutura: <\/strong>Sem Suporte T\u00eaxtil<br \/>\n<strong>Acabamento interno: <\/strong>Clorinado<br \/>\n<strong>Punho: <\/strong>Reto<br \/>\n<strong>Embalagem: <\/strong>Pacote com 12 pares, Caixa com 36 pares<br \/>\n<strong>Grip: <\/strong>Diamante<\/p>\n<hr \/>\n<h4>Vantagens e benef\u00edcios<\/h4>\n<p><strong>HIPOALERG\u00caNICA<\/strong>\u00a0&#8211; 100% nitr\u00edlica livre de prote\u00ednas do l\u00e1tex<\/p>\n<p><strong>PROTE\u00c7\u00c3O QU\u00cdMICA E EL\u00c1STICIDADE MODERADA<\/strong><\/p>\n<p><strong>ANTIDERRAPANTE<\/strong>\u00a0&#8211; Em formato diamante, permite o bom fluxo de l\u00edquidos evitando que os mesmos acumulem na superf\u00edcie da luva para uma \u00f3tima ader\u00eancia<\/p>\n<p><strong>DIVERSAS OP\u00c7\u00d5ES<\/strong> &#8211;\u00a0Com forro de algod\u00e3o flocado para absor\u00e7\u00e3o de suor ou sem forro para melhor higieniza\u00e7\u00e3o e secagem<\/p>\n<p><strong>MODELOS COM OP\u00c7\u00d5ES DE COMPRIMENTO<\/strong>\u00a0&#8211; 33 cm, 40 cm ou 45 cm.\u00a0Para aplica\u00e7\u00f5es em diversas atividades<\/p>\n<p><strong>FORMATO ANAT\u00d4MICO<\/strong> &#8211;\u00a0Redu\u00e7\u00e3o da fadiga muscular<\/p>\n<p><strong>PUNHO RETO<\/strong> &#8211; Permite maior ventila\u00e7\u00e3o, al\u00e9m disso, evita que materiais fiquem impregnados no punho da luva<\/p>\n<p><strong>REDU\u00c7\u00c3O DE CUSTOS<\/strong> &#8211;\u00a0Luvas lav\u00e1veis e reutiliz\u00e1veis. Aumenta consideravelmente o ciclo de vida da luva e reduz os custos da empresa<\/p>\n<div class=\"container produto\">\n<div class=\"row conteudo\">\n<div class=\"col-sm-8\">\n<div class=\"row\">\n<div class=\"col-sm-7 ckEditor\">\n<h4>Aplica\u00e7\u00f5es<\/h4>\n<p>Indicada para trabalhos gerais leves e m\u00e9dios, protegendo o trabalhador contra agentes\u00a0qu\u00edmicos e solventes, c\u00e1usticos, \u00f3leos e gorduras especialmente animal, detergentes, diesel, gasolina, querosene, ceras, \u00e1lcool, am\u00f4nia e pesticidas. Atividades como pintura, aplica\u00e7\u00e3o de vernizes, trabalho de higieniza\u00e7\u00e3o e limpeza, manuseio de carnes e alimentos (a\u00e7ougue, sala de cortes e outros). Pode ser utilizada sobrepondo luvas resistentes a corte ou t\u00e9rmicas para uma prote\u00e7\u00e3o imperme\u00e1vel.<\/p>\n<hr \/>\n<h4>Potenciais clientes<\/h4>\n<p>Ind\u00fastria\u00a0qu\u00edmica, farmac\u00eautica, metalmec\u00e2nica, automobil\u00edstica, agr\u00edcola, frigor\u00edfica, aliment\u00edcia, constru\u00e7\u00e3o civil e MRO (Manuten\u00e7\u00e3o, Reparo e Opera\u00e7\u00e3o) e\u00a0saneamento b\u00e1sico (ETE\/ ETA).<\/p>\n<\/div>\n<\/div>\n<\/div>\n<\/div>\n<\/div>\n","protected":false},"featured_media":3634,"comment_status":"open","ping_status":"closed","template":"","meta":[],"product_brand":[],"product_cat":[6,9,86],"product_tag":[],"class_list":{"0":"post-3633","1":"product","2":"type-product","3":"status-publish","4":"has-post-thumbnail","6":"product_cat-luvas","7":"product_cat-luvas-quimico","8":"product_cat-volk","10":"first","11":"outofstock","12":"taxable","13":"shipping-taxable","14":"purchasable","15":"product-type-simple"},"_links":{"self":[{"href":"https:\/\/segtotaltreinamentos.com.br\/Loja\/wp-json\/wp\/v2\/product\/3633","targetHints":{"allow":["GET"]}}],"collection":[{"href":"https:\/\/segtotaltreinamentos.com.br\/Loja\/wp-json\/wp\/v2\/product"}],"about":[{"href":"https:\/\/segtotaltreinamentos.com.br\/Loja\/wp-json\/wp\/v2\/types\/product"}],"replies":[{"embeddable":true,"href":"https:\/\/segtotaltreinamentos.com.br\/Loja\/wp-json\/wp\/v2\/comments?post=3633"}],"wp:featuredmedia":[{"embeddable":true,"href":"https:\/\/segtotaltreinamentos.com.br\/Loja\/wp-json\/wp\/v2\/media\/3634"}],"wp:attachment":[{"href":"https:\/\/segtotaltreinamentos.com.br\/Loja\/wp-json\/wp\/v2\/media?parent=3633"}],"wp:term":[{"taxonomy":"product_brand","embeddable":true,"href":"https:\/\/segtotaltreinamentos.com.br\/Loja\/wp-json\/wp\/v2\/product_brand?post=3633"},{"taxonomy":"product_cat","embeddable":true,"href":"https:\/\/segtotaltreinamentos.com.br\/Loja\/wp-json\/wp\/v2\/product_cat?post=3633"},{"taxonomy":"product_tag","embeddable":true,"href":"https:\/\/segtotaltreinamentos.com.br\/Loja\/wp-json\/wp\/v2\/product_tag?post=3633"}],"curies":[{"name":"wp","href":"https:\/\/api.w.org\/{rel}","templated":true}]}}