{"id":3637,"date":"2017-04-20T12:15:02","date_gmt":"2017-04-20T12:15:02","guid":{"rendered":"http:\/\/segtotaltreinamentos.com.br\/Loja\/?post_type=product&#038;p=3637"},"modified":"2017-04-20T12:15:03","modified_gmt":"2017-04-20T12:15:03","slug":"luva-latex-descartavel-volk","status":"publish","type":"product","link":"https:\/\/segtotaltreinamentos.com.br\/Loja\/produto\/luva-latex-descartavel-volk\/","title":{"rendered":"Luva L\u00e1tex Descart\u00e1vel Volk"},"content":{"rendered":"<p><a href=\"https:\/\/segtotaltreinamentos.com.br\/Loja\/wp-content\/uploads\/2017\/04\/43-04022016164007.pdf\">43-04022016164007<\/a><\/p>\n<p><a href=\"https:\/\/segtotaltreinamentos.com.br\/Loja\/wp-content\/uploads\/2017\/04\/11-04022016164007.pdf\">11-04022016164007<\/a><\/p>\n","protected":false},"excerpt":{"rendered":"<h3>Descri\u00e7\u00e3o<\/h3>\n<p>Luva de seguran\u00e7a confeccionada em l\u00e1tex (borracha natural), superf\u00edcie lisa; pulverizada internamente com p\u00f3 de amido, n\u00e3o esterilizada, ambidestra.<\/p>\n<hr \/>\n<h4>Especifica\u00e7\u00f5es<\/h4>\n<p><strong>CA: <\/strong>15112<br \/>\n<strong>Comprimento: <\/strong>24cm<br \/>\n<strong>Tamanhos: <\/strong>7 (P) \/ 8 (M) \/ 9 (G)<br \/>\n<strong>Uso: <\/strong>Descart\u00e1vel<br \/>\n<strong>Formato: <\/strong>Ambidestro<br \/>\n<strong>Acabamento interno: <\/strong>Talcado<br \/>\n<strong>Punho: <\/strong>Virola<br \/>\n<strong>Embalagem: <\/strong>Display com 100 unidades, Caixa fechada com 10 displays<\/p>\n<hr \/>\n<h4>Vantagens e benef\u00edcios<\/h4>\n<p>AGILIDADE DE MOVIMENTOS<\/p>\n<p>EXCELENTE SENSIBILIDADE T\u00c1TIL<\/p>\n<p>DESCART\u00c1VEIS<\/p>\n<p>AMBIDESTRAS<\/p>\n<p>PROTE\u00c7\u00c3O DO USU\u00c1RIO E DO PRODUTO<\/p>\n<p>PARA USO DOM\u00c9STICO, EST\u00c9TICO E INDUSTRIAL<\/p>\n<h4>Aplica\u00e7\u00f5es<\/h4>\n<p>Usos gerais para trabalhos leves e m\u00e9dios, protegendo o usu\u00e1rio em opera\u00e7\u00f5es, como manuseio de pe\u00e7as pequenas, manuseio de alimentos, inspe\u00e7\u00f5es e controle de qualidade, limpeza e conserva\u00e7\u00e3o, manicure e pedicure, pesquisas, manipula\u00e7\u00e3o de ess\u00eancias e outros.<\/p>\n<p>* Este produto cont\u00e9m l\u00e1tex de borracha natural, e seu uso pode causar rea\u00e7\u00f5es al\u00e9rgicas em pessoas sens\u00edveis ao l\u00e1tex.<br \/>\n* N\u00e3o recomend\u00e1vel para uso m\u00e9dico hospitalar e odontol\u00f3gico.<\/p>\n<hr \/>\n<h4>Potenciais clientes<\/h4>\n<p>Ind\u00fastria aliment\u00edcia, food service, ind\u00fastria cosm\u00e9tica, sal\u00f5es de beleza, ind\u00fastria metalmec\u00e2nica, prestadora de servi\u00e7os e outros.<\/p>\n","protected":false},"featured_media":3638,"comment_status":"open","ping_status":"closed","template":"","meta":[],"product_brand":[],"product_cat":[6,9,86],"product_tag":[],"class_list":{"0":"post-3637","1":"product","2":"type-product","3":"status-publish","4":"has-post-thumbnail","6":"product_cat-luvas","7":"product_cat-luvas-quimico","8":"product_cat-volk","10":"first","11":"outofstock","12":"taxable","13":"shipping-taxable","14":"purchasable","15":"product-type-simple"},"_links":{"self":[{"href":"https:\/\/segtotaltreinamentos.com.br\/Loja\/wp-json\/wp\/v2\/product\/3637","targetHints":{"allow":["GET"]}}],"collection":[{"href":"https:\/\/segtotaltreinamentos.com.br\/Loja\/wp-json\/wp\/v2\/product"}],"about":[{"href":"https:\/\/segtotaltreinamentos.com.br\/Loja\/wp-json\/wp\/v2\/types\/product"}],"replies":[{"embeddable":true,"href":"https:\/\/segtotaltreinamentos.com.br\/Loja\/wp-json\/wp\/v2\/comments?post=3637"}],"wp:featuredmedia":[{"embeddable":true,"href":"https:\/\/segtotaltreinamentos.com.br\/Loja\/wp-json\/wp\/v2\/media\/3638"}],"wp:attachment":[{"href":"https:\/\/segtotaltreinamentos.com.br\/Loja\/wp-json\/wp\/v2\/media?parent=3637"}],"wp:term":[{"taxonomy":"product_brand","embeddable":true,"href":"https:\/\/segtotaltreinamentos.com.br\/Loja\/wp-json\/wp\/v2\/product_brand?post=3637"},{"taxonomy":"product_cat","embeddable":true,"href":"https:\/\/segtotaltreinamentos.com.br\/Loja\/wp-json\/wp\/v2\/product_cat?post=3637"},{"taxonomy":"product_tag","embeddable":true,"href":"https:\/\/segtotaltreinamentos.com.br\/Loja\/wp-json\/wp\/v2\/product_tag?post=3637"}],"curies":[{"name":"wp","href":"https:\/\/api.w.org\/{rel}","templated":true}]}}