{"id":3666,"date":"2017-04-27T13:52:49","date_gmt":"2017-04-27T13:52:49","guid":{"rendered":"http:\/\/segtotaltreinamentos.com.br\/Loja\/?post_type=product&#038;p=3666"},"modified":"2017-04-27T13:54:21","modified_gmt":"2017-04-27T13:54:21","slug":"oculos-panda-cinza","status":"publish","type":"product","link":"https:\/\/segtotaltreinamentos.com.br\/Loja\/produto\/oculos-panda-cinza\/","title":{"rendered":"\u00d3culos &#8211; Panda Cinza"},"content":{"rendered":"<p><a href=\"https:\/\/segtotaltreinamentos.com.br\/Loja\/wp-content\/uploads\/2017\/01\/CertificadoAprovacao-Oculos-Panda.pdf\">CertificadoAprovacao Oculos Panda<\/a><\/p>\n<p><a href=\"https:\/\/segtotaltreinamentos.com.br\/Loja\/wp-content\/uploads\/2017\/01\/01_07_x_x.pdf\">01_07_x_x<\/a><\/p>\n","protected":false},"excerpt":{"rendered":"<p><b>Descri\u00e7\u00e3o: <\/b> \u00d3culos de seguran\u00e7a constitu\u00eddos de arma\u00e7\u00e3o e visor em uma \u00fanica pe\u00e7a de policarbonato com meia borda superior e meia prote\u00e7\u00e3o nas bordas. As hastes, do tipo esp\u00e1tula, s\u00e3o confeccionadas do mesmo material da arma\u00e7\u00e3o, possuem 6 fendas para ventila\u00e7\u00e3o e s\u00e3o fixas \u00e0 arma\u00e7\u00e3o atrav\u00e9s de pinos pl\u00e1sticos.<\/p>\n","protected":false},"featured_media":3667,"comment_status":"open","ping_status":"closed","template":"","meta":[],"product_brand":[],"product_cat":[100,20],"product_tag":[],"class_list":{"0":"post-3666","1":"product","2":"type-product","3":"status-publish","4":"has-post-thumbnail","6":"product_cat-kalipso","7":"product_cat-oculos","9":"first","10":"outofstock","11":"taxable","12":"shipping-taxable","13":"purchasable","14":"product-type-simple"},"_links":{"self":[{"href":"https:\/\/segtotaltreinamentos.com.br\/Loja\/wp-json\/wp\/v2\/product\/3666","targetHints":{"allow":["GET"]}}],"collection":[{"href":"https:\/\/segtotaltreinamentos.com.br\/Loja\/wp-json\/wp\/v2\/product"}],"about":[{"href":"https:\/\/segtotaltreinamentos.com.br\/Loja\/wp-json\/wp\/v2\/types\/product"}],"replies":[{"embeddable":true,"href":"https:\/\/segtotaltreinamentos.com.br\/Loja\/wp-json\/wp\/v2\/comments?post=3666"}],"wp:featuredmedia":[{"embeddable":true,"href":"https:\/\/segtotaltreinamentos.com.br\/Loja\/wp-json\/wp\/v2\/media\/3667"}],"wp:attachment":[{"href":"https:\/\/segtotaltreinamentos.com.br\/Loja\/wp-json\/wp\/v2\/media?parent=3666"}],"wp:term":[{"taxonomy":"product_brand","embeddable":true,"href":"https:\/\/segtotaltreinamentos.com.br\/Loja\/wp-json\/wp\/v2\/product_brand?post=3666"},{"taxonomy":"product_cat","embeddable":true,"href":"https:\/\/segtotaltreinamentos.com.br\/Loja\/wp-json\/wp\/v2\/product_cat?post=3666"},{"taxonomy":"product_tag","embeddable":true,"href":"https:\/\/segtotaltreinamentos.com.br\/Loja\/wp-json\/wp\/v2\/product_tag?post=3666"}],"curies":[{"name":"wp","href":"https:\/\/api.w.org\/{rel}","templated":true}]}}