{"id":3690,"date":"2017-04-27T16:50:24","date_gmt":"2017-04-27T16:50:24","guid":{"rendered":"http:\/\/segtotaltreinamentos.com.br\/Loja\/?post_type=product&#038;p=3690"},"modified":"2017-04-27T16:52:41","modified_gmt":"2017-04-27T16:52:41","slug":"luva-latex-verniz-silver-volk-amarela","status":"publish","type":"product","link":"https:\/\/segtotaltreinamentos.com.br\/Loja\/produto\/luva-latex-verniz-silver-volk-amarela\/","title":{"rendered":"Luva L\u00e1tex Verniz Silver Volk Amarela"},"content":{"rendered":"<p><a href=\"https:\/\/segtotaltreinamentos.com.br\/Loja\/wp-content\/uploads\/2017\/04\/22-10022016172108.pdf\">22-10022016172108<\/a><\/p>\n<p><a href=\"https:\/\/segtotaltreinamentos.com.br\/Loja\/wp-content\/uploads\/2017\/04\/45-10022016172108.pdf\">45-10022016172108<\/a><\/p>\n","protected":false},"excerpt":{"rendered":"<h3>Descri\u00e7\u00e3o<\/h3>\n<p>Luva de seguran\u00e7a, confeccionada em borracha natural, revestimento interno em verniz silver, superf\u00edcie externa antiderrapante na palma e face palmar dos dedos, lisa na face dorsal e punho.<\/p>\n<hr \/>\n<h4>Especifica\u00e7\u00f5es<\/h4>\n<p><strong>CA: <\/strong>16312<br \/>\n<strong>Comprimento: <\/strong>30cm<br \/>\n<strong>Tamanhos: <\/strong>7(P) 8 (M) 9 (G) 10 (EG)<br \/>\n<strong>Espessura:<\/strong>\u00a00,45mm<br \/>\n<strong>Uso: <\/strong>Reutiliz\u00e1vel<br \/>\n<strong>Formato: <\/strong>Anat\u00f4mico<br \/>\n<strong>Estrutura: <\/strong>Sem Suporte T\u00eaxtil<br \/>\n<strong>Acabamento interno: <\/strong>Verniz Silver<br \/>\n<strong>Punho: <\/strong>Picotado<br \/>\n<strong>Embalagem: <\/strong>Pacote com 12 pares, Caixa com 144 pares<br \/>\n<strong>Grip: <\/strong>Colmeia<\/p>\n<h4>Vantagens e benef\u00edcios<\/h4>\n<p><strong>FLEXIBILIDADE e EL\u00c1STICIDADE<\/strong> &#8211; Confeccionada em l\u00e1tex<\/p>\n<p><strong>HIPOALERG\u00caNICA<\/strong> Forro Verniz Silver que\u00a0diminui os riscos de rea\u00e7\u00f5es al\u00e9rgicas ao l\u00e1tex<\/p>\n<p><strong>F\u00c1CIL HIGIENIZA\u00c7\u00c3O E SECAGEM<\/strong> &#8211; Facilidade de higieniza\u00e7\u00e3o e secagem<\/p>\n<p><strong>ANTIDERRAPANTE<\/strong>\u00a0&#8211; Acabamento em formato colmeia, oferece maior ader\u00eancia na manipula\u00e7\u00e3o de objetos molhados e superf\u00edcies secas. Alto padr\u00e3o de\u00a0resist\u00eancia \u00e0 abras\u00e3o<\/p>\n<p><strong>EXCELENTE DURABILIDADE E CUSTO\/BENEF\u00cdCIO<\/strong><\/p>\n<p><strong>FORMATO ANAT\u00d4MICO\u00a0<\/strong>Redu\u00e7\u00e3o da fadiga muscular<\/p>\n<p><strong>OP\u00c7\u00d5ES DE CORES<\/strong> &#8211;\u00a0Azul, Amarela e verde &#8211; para distinguir \u00e1reas e\/ou turnos diversos de trabalho, colaborando no controle de contamina\u00e7\u00e3o cruzada<\/p>\n<hr \/>\n<h4>Aplica\u00e7\u00f5es<\/h4>\n<p>Indicada para trabalhos gerais leves e m\u00e9dios, protegendo o trabalhador em ambientes secos e \u00famidos, sob temperatura ambiente ou controlada em servi\u00e7os de higiene e limpeza, cozinhas industriais, em postos de trabalho na ind\u00fastria aliment\u00edcia (massas, biscoitos, bolos, p\u00e3es),\u00a0frigor\u00edfica (aves, su\u00ednos, pesca e bovinos), na sangria, abate, escaldagem, depenagem, espostejamento, eviscera\u00e7\u00e3o, sala de cortes e embalagem prim\u00e1ria. Pode ser utilizada sobrepondo as luvas resistentes a corte ou t\u00e9rmica para uma prote\u00e7\u00e3o imperme\u00e1vel.<\/p>\n<p>* Este produto cont\u00e9m l\u00e1tex de borracha natural, seu uso pode causar rea\u00e7\u00f5es al\u00e9rgicas em pessoas sens\u00edveis ao l\u00e1tex.<\/p>\n<hr \/>\n<h4>Potenciais clientes<\/h4>\n<p>Ind\u00fastria aliment\u00edcia e frigor\u00edfica, prestadoras de servi\u00e7o, conserva\u00e7\u00e3o e limpeza, saneamento (ETE e ETA), laborat\u00f3rios e ambulat\u00f3rios, cozinhas industriais, food service, agricultura, ind\u00fastria metalmec\u00e2nica e constru\u00e7\u00e3o civil.<\/p>\n","protected":false},"featured_media":3691,"comment_status":"open","ping_status":"closed","template":"","meta":[],"product_brand":[],"product_cat":[6,9,86],"product_tag":[],"class_list":{"0":"post-3690","1":"product","2":"type-product","3":"status-publish","4":"has-post-thumbnail","6":"product_cat-luvas","7":"product_cat-luvas-quimico","8":"product_cat-volk","10":"first","11":"outofstock","12":"taxable","13":"shipping-taxable","14":"purchasable","15":"product-type-simple"},"_links":{"self":[{"href":"https:\/\/segtotaltreinamentos.com.br\/Loja\/wp-json\/wp\/v2\/product\/3690","targetHints":{"allow":["GET"]}}],"collection":[{"href":"https:\/\/segtotaltreinamentos.com.br\/Loja\/wp-json\/wp\/v2\/product"}],"about":[{"href":"https:\/\/segtotaltreinamentos.com.br\/Loja\/wp-json\/wp\/v2\/types\/product"}],"replies":[{"embeddable":true,"href":"https:\/\/segtotaltreinamentos.com.br\/Loja\/wp-json\/wp\/v2\/comments?post=3690"}],"wp:featuredmedia":[{"embeddable":true,"href":"https:\/\/segtotaltreinamentos.com.br\/Loja\/wp-json\/wp\/v2\/media\/3691"}],"wp:attachment":[{"href":"https:\/\/segtotaltreinamentos.com.br\/Loja\/wp-json\/wp\/v2\/media?parent=3690"}],"wp:term":[{"taxonomy":"product_brand","embeddable":true,"href":"https:\/\/segtotaltreinamentos.com.br\/Loja\/wp-json\/wp\/v2\/product_brand?post=3690"},{"taxonomy":"product_cat","embeddable":true,"href":"https:\/\/segtotaltreinamentos.com.br\/Loja\/wp-json\/wp\/v2\/product_cat?post=3690"},{"taxonomy":"product_tag","embeddable":true,"href":"https:\/\/segtotaltreinamentos.com.br\/Loja\/wp-json\/wp\/v2\/product_tag?post=3690"}],"curies":[{"name":"wp","href":"https:\/\/api.w.org\/{rel}","templated":true}]}}