{"id":3696,"date":"2017-04-27T17:19:48","date_gmt":"2017-04-27T17:19:48","guid":{"rendered":"http:\/\/segtotaltreinamentos.com.br\/Loja\/?post_type=product&#038;p=3696"},"modified":"2017-04-27T17:20:30","modified_gmt":"2017-04-27T17:20:30","slug":"luva-cotton-volk-pigmentada-4-fios","status":"publish","type":"product","link":"https:\/\/segtotaltreinamentos.com.br\/Loja\/produto\/luva-cotton-volk-pigmentada-4-fios\/","title":{"rendered":"Luva Cotton Volk Pigmentada 4 fios"},"content":{"rendered":"<p><a href=\"https:\/\/segtotaltreinamentos.com.br\/Loja\/wp-content\/uploads\/2017\/04\/18-28032017115505.pdf\">18-28032017115505<\/a><\/p>\n","protected":false},"excerpt":{"rendered":"<h3>Descri\u00e7\u00e3o<\/h3>\n<p>Luva de seguran\u00e7a tricotada com fios de algod\u00e3o e poli\u00e9ster, antiderrapante na face palmar e dedos, sem costuras internas, punho tricotado com algod\u00e3o e elastano.<\/p>\n<hr \/>\n<h4>Especifica\u00e7\u00f5es<\/h4>\n<p><strong>CA: <\/strong>30521<br \/>\n<strong>Tamanhos: <\/strong>\u00danico<br \/>\n<strong>Uso: <\/strong>Reutiliz\u00e1vel<br \/>\n<strong>Formato: <\/strong>Anat\u00f4mico<br \/>\n<strong>Estrutura: <\/strong>Suporte T\u00eaxtil<br \/>\n<strong>Modelo da Estrutura: <\/strong>Tricotado<br \/>\n<strong>Material Suporte: <\/strong>Algod\u00e3o e Poli\u00e9ster<br \/>\n<strong>Punho: <\/strong>Tricotado<br \/>\n<strong>Embalagem: <\/strong>Pacote com 12 pares, Caixa com 288 pares.<br \/>\n<strong>Grip: Pigmentada<\/strong><\/p>\n<div class=\"row conteudo\">\n<div class=\"col-sm-8\">\n<div class=\"row\">\n<div class=\"col-sm-7 ckEditor\">\n<h4>Vantagens e benef\u00edcios<\/h4>\n<p><strong>PROTE\u00c7\u00c3O COM ECONOMIA E\u00a0EXCELENTE CONFORTO<\/strong> &#8211; Tricotadas sem costura<\/p>\n<p><strong>\u00d3TIMA VENTILA\u00c7\u00c3O<\/strong> &#8211; Proporciona m\u00e3os arejadas e menos fadiga da m\u00e3o<\/p>\n<p><strong>OP\u00c7\u00c3O COM PIGMENTA\u00c7\u00c3O NA PALMA<\/strong> &#8211; Oferece melhor ader\u00eancia em objetos e ferramentas<\/p>\n<p><strong>OP\u00c7\u00c3O SEM PIGMENTOS NA PALMA<\/strong> &#8211; Permite usar\u00a0as luvas tanto na m\u00e3o direita quanto na m\u00e3o esquerda, mais economia<\/p>\n<p><strong>OP\u00c7\u00d5ES DE CORES<\/strong> &#8211; Natural, mesclada ou preta<\/p>\n<p><strong>PUNHO TRICOTADO<\/strong> &#8211; Evita a entrada de res\u00edduos s\u00f3lidos<\/p>\n<hr \/>\n<h4>Aplica\u00e7\u00f5es<\/h4>\n<p>Indicado em trabalhos leves para a prote\u00e7\u00e3o das m\u00e3os dos trabalhadores, no manuseio de materiais e produtos secos sob temperatura ambiente contra agentes mec\u00e2nicos em atividades na log\u00edstica, movimenta\u00e7\u00e3o de carga, embalagem, atividades na constru\u00e7\u00e3o civil, colheita, jardinagem e paisagismo, manuten\u00e7\u00e3o industrial, automotivo e outros.<\/p>\n<hr \/>\n<h4>Potenciais clientes<\/h4>\n<p>MRO (Manuten\u00e7\u00e3o, Reparo e Opera\u00e7\u00e3o), constru\u00e7\u00e3o civil, conserva\u00e7\u00e3o e limpeza, agricultura, industria metalmec\u00e2nica, transportadoras, autope\u00e7as, montagem.<\/p>\n<\/div>\n<\/div>\n<\/div>\n<\/div>\n","protected":false},"featured_media":3697,"comment_status":"open","ping_status":"closed","template":"","meta":[],"product_brand":[],"product_cat":[6,7,86],"product_tag":[],"class_list":{"0":"post-3696","1":"product","2":"type-product","3":"status-publish","4":"has-post-thumbnail","6":"product_cat-luvas","7":"product_cat-luvas-anticorte","8":"product_cat-volk","10":"first","11":"outofstock","12":"taxable","13":"shipping-taxable","14":"purchasable","15":"product-type-simple"},"_links":{"self":[{"href":"https:\/\/segtotaltreinamentos.com.br\/Loja\/wp-json\/wp\/v2\/product\/3696","targetHints":{"allow":["GET"]}}],"collection":[{"href":"https:\/\/segtotaltreinamentos.com.br\/Loja\/wp-json\/wp\/v2\/product"}],"about":[{"href":"https:\/\/segtotaltreinamentos.com.br\/Loja\/wp-json\/wp\/v2\/types\/product"}],"replies":[{"embeddable":true,"href":"https:\/\/segtotaltreinamentos.com.br\/Loja\/wp-json\/wp\/v2\/comments?post=3696"}],"wp:featuredmedia":[{"embeddable":true,"href":"https:\/\/segtotaltreinamentos.com.br\/Loja\/wp-json\/wp\/v2\/media\/3697"}],"wp:attachment":[{"href":"https:\/\/segtotaltreinamentos.com.br\/Loja\/wp-json\/wp\/v2\/media?parent=3696"}],"wp:term":[{"taxonomy":"product_brand","embeddable":true,"href":"https:\/\/segtotaltreinamentos.com.br\/Loja\/wp-json\/wp\/v2\/product_brand?post=3696"},{"taxonomy":"product_cat","embeddable":true,"href":"https:\/\/segtotaltreinamentos.com.br\/Loja\/wp-json\/wp\/v2\/product_cat?post=3696"},{"taxonomy":"product_tag","embeddable":true,"href":"https:\/\/segtotaltreinamentos.com.br\/Loja\/wp-json\/wp\/v2\/product_tag?post=3696"}],"curies":[{"name":"wp","href":"https:\/\/api.w.org\/{rel}","templated":true}]}}