{"id":3700,"date":"2017-04-28T13:29:24","date_gmt":"2017-04-28T13:29:24","guid":{"rendered":"http:\/\/segtotaltreinamentos.com.br\/Loja\/?post_type=product&#038;p=3700"},"modified":"2019-02-12T11:40:31","modified_gmt":"2019-02-12T11:40:31","slug":"bota-inteira-com-cano-em-raspa-bx73","status":"publish","type":"product","link":"https:\/\/segtotaltreinamentos.com.br\/Loja\/produto\/bota-inteira-com-cano-em-raspa-bx73\/","title":{"rendered":"Bota Inteira com Cano em Raspa BX73"},"content":{"rendered":"","protected":false},"excerpt":{"rendered":"<p>Bota de seguran\u00e7a confeccionada em couro vaqueta integral estampa<br \/>\nrelax com cano longo em raspa, modelo inteiro. Possui palmilha<br \/>\ninterna remov\u00edvel em EVA com tratamento antimicr\u00f3bios. Indicada<br \/>\npara servi\u00e7os florestais que ofere\u00e7am riscos de natureza m\u00e9dia, oferecendo<br \/>\nprote\u00e7\u00e3o na regi\u00e3o das pernas contra cortes e perfuros e garantindo<br \/>\nconforto e seguran\u00e7a \u00e0s pernas, tornozelos e p\u00e9s do usu\u00e1rio.<\/p>\n","protected":false},"featured_media":3701,"comment_status":"open","ping_status":"closed","template":"","meta":[],"product_brand":[],"product_cat":[16,82],"product_tag":[],"class_list":{"0":"post-3700","1":"product","2":"type-product","3":"status-publish","4":"has-post-thumbnail","6":"product_cat-calcados","7":"product_cat-conforto","9":"first","10":"onbackorder","11":"taxable","12":"shipping-taxable","13":"purchasable","14":"product-type-variable"},"_links":{"self":[{"href":"https:\/\/segtotaltreinamentos.com.br\/Loja\/wp-json\/wp\/v2\/product\/3700","targetHints":{"allow":["GET"]}}],"collection":[{"href":"https:\/\/segtotaltreinamentos.com.br\/Loja\/wp-json\/wp\/v2\/product"}],"about":[{"href":"https:\/\/segtotaltreinamentos.com.br\/Loja\/wp-json\/wp\/v2\/types\/product"}],"replies":[{"embeddable":true,"href":"https:\/\/segtotaltreinamentos.com.br\/Loja\/wp-json\/wp\/v2\/comments?post=3700"}],"wp:featuredmedia":[{"embeddable":true,"href":"https:\/\/segtotaltreinamentos.com.br\/Loja\/wp-json\/wp\/v2\/media\/3701"}],"wp:attachment":[{"href":"https:\/\/segtotaltreinamentos.com.br\/Loja\/wp-json\/wp\/v2\/media?parent=3700"}],"wp:term":[{"taxonomy":"product_brand","embeddable":true,"href":"https:\/\/segtotaltreinamentos.com.br\/Loja\/wp-json\/wp\/v2\/product_brand?post=3700"},{"taxonomy":"product_cat","embeddable":true,"href":"https:\/\/segtotaltreinamentos.com.br\/Loja\/wp-json\/wp\/v2\/product_cat?post=3700"},{"taxonomy":"product_tag","embeddable":true,"href":"https:\/\/segtotaltreinamentos.com.br\/Loja\/wp-json\/wp\/v2\/product_tag?post=3700"}],"curies":[{"name":"wp","href":"https:\/\/api.w.org\/{rel}","templated":true}]}}