{"id":3705,"date":"2017-04-28T14:57:19","date_gmt":"2017-04-28T14:57:19","guid":{"rendered":"http:\/\/segtotaltreinamentos.com.br\/Loja\/?post_type=product&#038;p=3705"},"modified":"2017-08-15T18:21:35","modified_gmt":"2017-08-15T18:21:35","slug":"macacao-de-seguranca-covertech-100","status":"publish","type":"product","link":"https:\/\/segtotaltreinamentos.com.br\/Loja\/produto\/macacao-de-seguranca-covertech-100\/","title":{"rendered":"Macac\u00e3o de Seguran\u00e7a Covertech 100"},"content":{"rendered":"","protected":false},"excerpt":{"rendered":"<h3>Descri\u00e7\u00e3o<\/h3>\n<p>Macac\u00e3o de seguran\u00e7a confeccionado em tecido n\u00e3o tecido (TNT) de polipropileno com filme de polietileno microporoso, capuz em duas pe\u00e7as com el\u00e1stico, fechamento frontal com z\u00edper bidirecional sem aba protetora, el\u00e1stico na cintura, punhos e tornozelos.<\/p>\n<hr \/>\n<h4>Especifica\u00e7\u00f5es<\/h4>\n<p>CA:\u00a039.183<br \/>\nTamanhos: EP, P, M, G, EG, EEG<br \/>\nUso: Descart\u00e1vel<br \/>\nFormato:\u00a0Macac\u00e3o com capuz<br \/>\nGramatura:\u00a050 g\/m\u00b2<br \/>\nCostura:\u00a0Simples<br \/>\nMaterial:\u00a0Material Laminado Microporoso<br \/>\nExtra:\u00a0Z\u00edper bidirecional, sem costuras na regi\u00e3o dos ombros, el\u00e1stico na cintura, punho e tornozelos<br \/>\nEmbalagem:\u00a0Caixa com 50 unidades<\/p>\n<h4>Vantagens e benef\u00edcios<\/h4>\n<p>LEVE, RESPIR\u00c1VEL E RESISTENTE\u00a0&#8211; Fabricada em material laminado microporoso<\/p>\n<p>TRATAMENTO ANTIEST\u00c1TICO<\/p>\n<p>MAIOR MOBILIDADE\u00a0&#8211; Sem costura na regi\u00e3o dos ombros<\/p>\n<p>Z\u00cdPER BIDIRECIONAL\u00a0&#8211; Maior comodidade<\/p>\n<p>N\u00c3O CONT\u00c9M L\u00c1TEX EM SUA COMPOSI\u00c7\u00c3O<\/p>\n<p>EL\u00c1STICO NA CINTURA, PUNHOS E TORNOZELOS<\/p>\n<p>&nbsp;<\/p>\n<hr \/>\n<h4>Aplica\u00e7\u00f5es<\/h4>\n<p>Indicada para prote\u00e7\u00e3o do tronco e membros, superiores e inferiores, contra respingos de produtos qu\u00edmicos em pinturas e revestimentos spray, em manuten\u00e7\u00f5es e processos que envolvem graxa, limpeza m\u00e9dia de pr\u00e9dios, m\u00e1quinas e ve\u00edculos e outros.<\/p>\n<hr \/>\n<h4>Potenciais clientes<\/h4>\n<p>Ind\u00fastrias qu\u00edmicas, farmac\u00eauticas, metalmec\u00e2nica, automobil\u00edstica, agr\u00edcola, frigor\u00edfica, aliment\u00edcia, constru\u00e7\u00e3o civil, madeireira, MRO (Manuten\u00e7\u00e3o, Reparo e Opera\u00e7\u00e3o) e saneamento b\u00e1sico (ETE\/ ETA).<\/p>\n","protected":false},"featured_media":3706,"comment_status":"open","ping_status":"closed","template":"","meta":[],"product_brand":[],"product_cat":[76,86],"product_tag":[],"class_list":{"0":"post-3705","1":"product","2":"type-product","3":"status-publish","4":"has-post-thumbnail","6":"product_cat-vestimenta-de-protecao","7":"product_cat-volk","9":"first","10":"outofstock","11":"taxable","12":"shipping-taxable","13":"purchasable","14":"product-type-simple"},"_links":{"self":[{"href":"https:\/\/segtotaltreinamentos.com.br\/Loja\/wp-json\/wp\/v2\/product\/3705","targetHints":{"allow":["GET"]}}],"collection":[{"href":"https:\/\/segtotaltreinamentos.com.br\/Loja\/wp-json\/wp\/v2\/product"}],"about":[{"href":"https:\/\/segtotaltreinamentos.com.br\/Loja\/wp-json\/wp\/v2\/types\/product"}],"replies":[{"embeddable":true,"href":"https:\/\/segtotaltreinamentos.com.br\/Loja\/wp-json\/wp\/v2\/comments?post=3705"}],"wp:featuredmedia":[{"embeddable":true,"href":"https:\/\/segtotaltreinamentos.com.br\/Loja\/wp-json\/wp\/v2\/media\/3706"}],"wp:attachment":[{"href":"https:\/\/segtotaltreinamentos.com.br\/Loja\/wp-json\/wp\/v2\/media?parent=3705"}],"wp:term":[{"taxonomy":"product_brand","embeddable":true,"href":"https:\/\/segtotaltreinamentos.com.br\/Loja\/wp-json\/wp\/v2\/product_brand?post=3705"},{"taxonomy":"product_cat","embeddable":true,"href":"https:\/\/segtotaltreinamentos.com.br\/Loja\/wp-json\/wp\/v2\/product_cat?post=3705"},{"taxonomy":"product_tag","embeddable":true,"href":"https:\/\/segtotaltreinamentos.com.br\/Loja\/wp-json\/wp\/v2\/product_tag?post=3705"}],"curies":[{"name":"wp","href":"https:\/\/api.w.org\/{rel}","templated":true}]}}